{"id":13828,"date":"2023-06-12T00:00:48","date_gmt":"2023-06-12T00:00:48","guid":{"rendered":"https:\/\/dincarchitect.com\/?page_id=13828"},"modified":"2023-09-02T09:00:28","modified_gmt":"2023-09-02T09:00:28","slug":"services","status":"publish","type":"page","link":"https:\/\/dincarchitect.com\/es\/servicios\/","title":{"rendered":"Servicios"},"content":{"rendered":"<section class=\"wpb-content-wrapper\"><div class=\"vc_row wpb_row vc_row-fluid vc_custom_1534237978396\"><div class=\"wpb_column vc_column_container vc_col-sm-12\"><div class=\"vc_column-inner\"><div class=\"wpb_wrapper\">\n\t<div class=\"wpb_text_column wpb_content_element\" >\n\t\t<div class=\"wpb_wrapper\">\n\t\t\t<h2 style=\"text-align: center;\">Creaci\u00f3n de dise\u00f1os 3D ultrarrealistas<\/h2>\n\n\t\t<\/div>\n\t<\/div>\n\n\t<div class=\"wpb_text_column wpb_content_element\" >\n\t\t<div class=\"wpb_wrapper\">\n\t\t\t<div style=\"text-align: justify;\">\n<p style=\"text-align: left;\">Nuestro objetivo no es solo producir im\u00e1genes 3D t\u00e9cnicamente precisas, sino, lo que es m\u00e1s importante, ofrecer im\u00e1genes de alta definici\u00f3n con una est\u00e9tica impecable. Nos esforzamos por crear im\u00e1genes 3D ultrarrealistas que evocan emociones e infunden confianza en su trabajo. Estas im\u00e1genes est\u00e1n dise\u00f1adas para mejorar sus proyectos y mostrar sus habilidades.<\/p>\n<\/div>\n\n\t\t<\/div>\n\t<\/div>\n<div class=\"dash style-dark centered\"><\/div>\n\t<div class=\"wpb_text_column wpb_content_element\" >\n\t\t<div class=\"wpb_wrapper\">\n\t\t\t<div class=\"vc_row wpb_row vc_row-fluid\"><\/div><div class=\"wpb_column vc_column_container vc_col-sm-12\"><div class=\"vc_column-inner\"><div class=\"wpb_wrapper\"><\/div><\/div><\/div>\n\t<div class=\"wpb_text_column wpb_content_element\" >\n\t\t<div class=\"wpb_wrapper\">\n\t\t\t\n\t\t<\/div>\n\t<\/div>\n<p><!-- Birinci hizmet \u00f6\u011fesi --><\/p>\n<div id=\"hizmet1\" class=\"wpb_column vc_column_container vc_col-sm-3\">\n<div class=\"vc_column-inner\">\n<div class=\"wpb_wrapper\">\n<div class=\"content-box service-item alignment-default service-box-gray spacing-30\">\n<div class=\"image-container\">\n<div class=\"vertical-number-box\"><span class=\"vertical-number\">01<\/span><\/div>\n<div class=\"arrow-box\"><\/div>\n<p><img decoding=\"async\" src=\"https:\/\/dincarchitect.com\/wp-content\/uploads\/2023\/06\/dastudio-service-1.jpg\" alt=\"Arquitectura\" width=\"360\" height=\"500\" \/><\/p>\n<\/div>\n<div class=\"content-box-info\">\n<div class=\"box-heading-container\">\n<div class=\"box-heading\"><strong>espacio sencillo<\/strong><\/div>\n<div class=\"price-info-container\"><span class=\"price-info\" style=\"color: #e37218; font-size: 16px;\">49 \u20ac<\/span><\/div>\n<\/div>\n<div style=\"text-align: justify; margin-top: 10px;\">Desde dormitorio, despacho, recibidor, ba\u00f1o est\u00e1ndar, peque\u00f1o escaparate\u2026<\/div>\n<div class=\"content-description\"><\/div>\n<div class=\"btn-read-more\"><a style=\"color: #e37218;\" href=\"https:\/\/dincarchitect.com\/es\/espacio-simple\/\">Aprende m\u00e1s<\/a><\/div>\n<\/div>\n<\/div>\n<\/div>\n<\/div>\n<\/div>\n<p><!-- \u0130kinci hizmet \u00f6\u011fesi --><\/p>\n<div class=\"wpb_column vc_column_container vc_col-sm-3\">\n<div class=\"vc_column-inner\">\n<div class=\"wpb_wrapper\">\n<div class=\"content-box service-item alignment-default service-box-gray spacing-30\">\n<div class=\"image-container\">\n<div class=\"vertical-number-box\"><span class=\"vertical-number\">02<\/span><\/div>\n<div class=\"arrow-box\"><\/div>\n<p><img decoding=\"async\" src=\"https:\/\/dincarchitect.com\/wp-content\/uploads\/2023\/06\/dastudio-service-2.jpg\" alt=\"Arquitectura\" width=\"360\" height=\"500\" \/><\/p>\n<\/div>\n<div class=\"content-box-info\">\n<div class=\"box-heading-container\">\n<div class=\"box-heading\"><strong>Espacio Semi-Complejo<\/strong><\/div>\n<div class=\"price-info-container\"><span class=\"price-info\" style=\"color: #e37218; font-size: 16px;\">99 \u20ac<\/span><\/div>\n<\/div>\n<div style=\"text-align: justify; margin-top: 10px;\">\n<p>Cocina est\u00e1ndar, sala, comedor, amplio ba\u00f1o, terraza\u2026<\/p>\n<\/div>\n<div class=\"content-description\"><\/div>\n<div class=\"btn-read-more\"><a style=\"color: #e37218;\" href=\"https:\/\/dincarchitect.com\/es\/campo-semi-complejo\/\">Aprende m\u00e1s<\/a><\/div>\n<\/div>\n<\/div>\n<\/div>\n<\/div>\n<\/div>\n<p><!-- \u00dc\u00e7\u00fcnc\u00fc hizmet \u00f6\u011fesi --><\/p>\n<div class=\"wpb_column vc_column_container vc_col-sm-3\">\n<div class=\"vc_column-inner\">\n<div class=\"wpb_wrapper\">\n<div class=\"content-box service-item alignment-default service-box-gray spacing-30\">\n<div class=\"image-container\">\n<div class=\"vertical-number-box\"><span class=\"vertical-number\">03<\/span><\/div>\n<div class=\"arrow-box\"><\/div>\n<p><img decoding=\"async\" src=\"https:\/\/dincarchitect.com\/wp-content\/uploads\/2023\/06\/dastudio-service-3.jpg\" alt=\"Arquitectura\" width=\"360\" height=\"500\" \/><\/p>\n<\/div>\n<div class=\"content-box-info\">\n<div class=\"box-heading-container\">\n<div class=\"box-heading\"><strong>Espacio complejo<\/strong><\/div>\n<div class=\"price-info-container\"><span class=\"price-info\" style=\"color: #e37218; font-size: 16px;\">149 \u20ac<\/span><\/div>\n<\/div>\n<div style=\"text-align: justify; margin-top: 10px;\">\n<p>Sal\u00f3n + cocina est\u00e1ndar, sal\u00f3n + comedor, amplia cocina\u2026<\/p>\n<\/div>\n<div class=\"content-description\"><\/div>\n<div class=\"btn-read-more\"><a style=\"color: #e37218;\" href=\"https:\/\/dincarchitect.com\/es\/area-compleja\/\">Aprende m\u00e1s<\/a><\/div>\n<\/div>\n<\/div>\n<\/div>\n<\/div>\n<\/div>\n<p><!-- D\u00f6rd\u00fcnc\u00fc hizmet \u00f6\u011fesi --><\/p>\n<div class=\"wpb_column vc_column_container vc_col-sm-3\">\n<div class=\"vc_column-inner\">\n<div class=\"wpb_wrapper\">\n<div class=\"content-box service-item alignment-default service-box-gray spacing-30\">\n<div class=\"image-container\">\n<div class=\"vertical-number-box\"><span class=\"vertical-number\">04<\/span><\/div>\n<div class=\"arrow-box\"><\/div>\n<p><img decoding=\"async\" src=\"https:\/\/dincarchitect.com\/wp-content\/uploads\/2023\/06\/dastudio-service-4.jpg\" alt=\"Arquitectura\" width=\"360\" height=\"500\" \/><\/p>\n<\/div>\n<div class=\"content-box-info\">\n<div class=\"box-heading-container\">\n<div class=\"box-heading\"><strong>Espacio de gran tama\u00f1o<\/strong><\/div>\n<div class=\"price-info-container\"><span class=\"price-info\" style=\"color: #e37218; font-size: 16px;\">199 \u20ac<\/span><\/div>\n<\/div>\n<div style=\"text-align: justify; margin-top: 10px;\">\n<p>Tienda, sala restaurante, sala de espect\u00e1culos\u2026 Tarifa b\u00e1sica orientativa.<\/p>\n<\/div>\n<div class=\"content-description\"><\/div>\n<div class=\"btn-read-more\"><a style=\"color: #e37218;\" href=\"https:\/\/dincarchitect.com\/es\/area-no-estandar\/\">Aprende m\u00e1s<\/a><\/div>\n<div><\/div>\n<\/div>\n<\/div>\n<\/div>\n<\/div>\n<\/div>\n<div><span style=\"color: #ffffff;\">.<\/span><\/div>\n<p><!-- Be\u015finci hizmet \u00f6\u011fesi --><\/p>\n<div class=\"wpb_column vc_column_container vc_col-sm-3\">\n<div class=\"vc_column-inner\">\n<div class=\"wpb_wrapper\">\n<div class=\"content-box service-item alignment-default service-box-gray spacing-30\">\n<div class=\"image-container\">\n<div class=\"vertical-number-box\"><span class=\"vertical-number\">05<\/span><\/div>\n<div class=\"arrow-box\"><\/div>\n<p><img decoding=\"async\" src=\"https:\/\/dincarchitect.com\/wp-content\/uploads\/2023\/06\/dastudio-service-5.jpg\" alt=\"Arquitectura\" width=\"360\" height=\"500\" \/><\/p>\n<\/div>\n<div class=\"content-box-info\">\n<div class=\"box-heading-container\">\n<div class=\"box-heading\"><strong>Vivienda Unifamiliar<\/strong><\/div>\n<div class=\"price-info-container\"><span class=\"price-info\" style=\"color: #e37218; font-size: 16px;\">149 \u20ac<\/span><\/div>\n<\/div>\n<div style=\"text-align: justify; margin-top: 10px;\">\n<p>Vista exterior. Tarifa b\u00e1sica para un entorno est\u00e1ndar como este.<\/p>\n<\/div>\n<div class=\"content-description\"><\/div>\n<div class=\"btn-read-more\"><a style=\"color: #e37218;\" href=\"https:\/\/dincarchitect.com\/es\/casa-unifamiliar\/\">Aprende m\u00e1s<\/a><\/div>\n<\/div>\n<\/div>\n<\/div>\n<\/div>\n<\/div>\n<p><!-- Alt\u0131nc\u0131 hizmet \u00f6\u011fesi --><\/p>\n<div class=\"wpb_column vc_column_container vc_col-sm-3\">\n<div class=\"vc_column-inner\">\n<div class=\"wpb_wrapper\">\n<div class=\"content-box service-item alignment-default service-box-gray spacing-30\">\n<div class=\"image-container\">\n<div class=\"vertical-number-box\"><span class=\"vertical-number\">06<\/span><\/div>\n<div class=\"arrow-box\"><\/div>\n<p><img decoding=\"async\" src=\"https:\/\/dincarchitect.com\/wp-content\/uploads\/2023\/06\/dastudio-service-6.jpg\" alt=\"Arquitectura\" width=\"360\" height=\"500\" \/><\/p>\n<\/div>\n<div class=\"content-box-info\">\n<div class=\"box-heading-container\">\n<div class=\"box-heading\"><strong>Edificio Colectivo<\/strong><\/div>\n<div class=\"price-info-container\"><span class=\"price-info\" style=\"color: #e37218; font-size: 16px;\">199 \u20ac<\/span><\/div>\n<\/div>\n<div style=\"text-align: justify; margin-top: 10px;\">\n<p>Viviendas, edificios comerciales, almacenes, etc.<\/p>\n<\/div>\n<div class=\"content-description\"><\/div>\n<div class=\"btn-read-more\"><a style=\"color: #e37218;\" href=\"https:\/\/dincarchitect.com\/es\/construccion-colectiva\/\">Aprende m\u00e1s<\/a><\/div>\n<\/div>\n<\/div>\n<\/div>\n<\/div>\n<\/div>\n<p><!-- Yedinci hizmet \u00f6\u011fesi --><\/p>\n<div class=\"wpb_column vc_column_container vc_col-sm-3\">\n<div class=\"vc_column-inner\">\n<div class=\"wpb_wrapper\">\n<div class=\"content-box service-item alignment-default service-box-gray spacing-30\">\n<div class=\"image-container\">\n<div class=\"vertical-number-box\"><span class=\"vertical-number\">07<\/span><\/div>\n<div class=\"arrow-box\"><\/div>\n<p><img decoding=\"async\" src=\"https:\/\/dincarchitect.com\/wp-content\/uploads\/2023\/09\/dastudio-service-7-copy.jpg\" alt=\"Arquitectura\" width=\"360\" height=\"500\" \/><\/p>\n<\/div>\n<div class=\"content-box-info\">\n<div class=\"box-heading-container\">\n<div class=\"box-heading\"><strong>fotomontaje interior<\/strong><\/div>\n<div class=\"price-info-container\"><span class=\"price-info\" style=\"color: #e37218; font-size: 16px;\">149 \u20ac<\/span><\/div>\n<\/div>\n<div style=\"text-align: justify; margin-top: 10px;\">\n<p>Vivienda unifamiliar con o sin interior\u2026<\/p>\n<\/div>\n<div class=\"content-description\"><\/div>\n<div class=\"btn-read-more\"><a style=\"color: #e37218;\" href=\"https:\/\/dincarchitect.com\/es\/fotomontaje\/\">Aprende m\u00e1s<\/a><\/div>\n<\/div>\n<\/div>\n<\/div>\n<\/div>\n<\/div>\n<p><!-- Sekizinci hizmet \u00f6\u011fesi --><\/p>\n<div class=\"wpb_column vc_column_container vc_col-sm-3\">\n<div class=\"vc_column-inner\">\n<div class=\"wpb_wrapper\">\n<div class=\"content-box service-item alignment-default service-box-gray spacing-30\">\n<div class=\"image-container\">\n<div class=\"vertical-number-box\"><span class=\"vertical-number\">08<\/span><\/div>\n<div class=\"arrow-box\"><\/div>\n<p><img decoding=\"async\" src=\"https:\/\/dincarchitect.com\/wp-content\/uploads\/2023\/06\/dastudio-service-8.jpg\" alt=\"Arquitectura\" width=\"360\" height=\"500\" \/><\/p>\n<\/div>\n<div class=\"content-box-info\">\n<div class=\"box-heading-container\">\n<div class=\"box-heading\"><strong>Fotomontaje exterior<\/strong><\/div>\n<div class=\"price-info-container\"><span class=\"price-info\" style=\"color: #e37218; font-size: 16px;\">199 \u20ac<\/span><\/div>\n<\/div>\n<div style=\"text-align: justify; margin-top: 10px;\">\n<p>Edificio aislado con o sin fachada exterior\u2026<\/p>\n<\/div>\n<div class=\"content-description\"><\/div>\n<div class=\"btn-read-more\"><a style=\"color: #e37218;\" href=\"https:\/\/dincarchitect.com\/es\/foto-montaje-2\/\">Aprende m\u00e1s<\/a><\/div>\n<div><\/div>\n<\/div>\n<\/div>\n<\/div>\n<\/div>\n<\/div>\n<div><span style=\"color: #ffffff;\">&#8230;.<\/span><\/div>\n<p><!-- Dokuzuncu hizmet \u00f6\u011fesi --><\/p>\n<div class=\"wpb_column vc_column_container vc_col-sm-3\">\n<div class=\"vc_column-inner\">\n<div class=\"wpb_wrapper\">\n<div class=\"content-box service-item alignment-default service-box-gray spacing-30\">\n<div class=\"image-container\">\n<div class=\"vertical-number-box\"><span class=\"vertical-number\">09<\/span><\/div>\n<div class=\"arrow-box\"><\/div>\n<p><img decoding=\"async\" src=\"https:\/\/dincarchitect.com\/wp-content\/uploads\/2023\/06\/dastudio-service-9.jpg\" alt=\"Arquitectura\" width=\"360\" height=\"500\" \/><\/p>\n<\/div>\n<div class=\"content-box-info\">\n<div class=\"box-heading-container\">\n<div class=\"box-heading\"><strong>Pel\u00edcula 1<\/strong><\/div>\n<div class=\"price-info-container\"><span class=\"price-info\" style=\"color: #e37218; font-size: 16px;\">399 \u20ac<\/span><\/div>\n<\/div>\n<div style=\"text-align: justify; margin-top: 10px;\">\n<p>Pack de una pel\u00edcula de menos de 1 minuto\u2026<\/p>\n<\/div>\n<div class=\"content-description\"><\/div>\n<div class=\"btn-read-more\"><a style=\"color: #e37218;\" href=\"https:\/\/dincarchitect.com\/es\/pelicula-1-minuto\/\">Aprende m\u00e1s<\/a><\/div>\n<\/div>\n<\/div>\n<\/div>\n<\/div>\n<\/div>\n<p><!-- Onuncu hizmet \u00f6\u011fesi --><\/p>\n<div class=\"wpb_column vc_column_container vc_col-sm-3\">\n<div class=\"vc_column-inner\">\n<div class=\"wpb_wrapper\">\n<div class=\"content-box service-item alignment-default service-box-gray spacing-30\">\n<div class=\"image-container\">\n<div class=\"vertical-number-box\"><span class=\"vertical-number\">10<\/span><\/div>\n<div class=\"arrow-box\"><\/div>\n<p><img decoding=\"async\" src=\"https:\/\/dincarchitect.com\/wp-content\/uploads\/2023\/06\/dastudio-service-10.jpg\" alt=\"Arquitectura\" width=\"360\" height=\"500\" \/><\/p>\n<\/div>\n<div class=\"content-box-info\">\n<div class=\"box-heading-container\">\n<div class=\"box-heading\"><strong>pelicula 2<\/strong><\/div>\n<div class=\"price-info-container\"><span class=\"price-info\" style=\"color: #e37218; font-size: 16px;\">499 \u20ac<\/span><\/div>\n<\/div>\n<div style=\"text-align: justify; margin-top: 10px;\">\n<p>Pack de una pel\u00edcula de menos de 2 minutos\u2026<\/p>\n<\/div>\n<div class=\"content-description\"><\/div>\n<div class=\"btn-read-more\"><a style=\"color: #e37218;\" href=\"https:\/\/dincarchitect.com\/es\/pelicula-2-minutos\/\">Aprende m\u00e1s<\/a><\/div>\n<\/div>\n<\/div>\n<\/div>\n<\/div>\n<\/div>\n<p><!-- Onbirinci hizmet \u00f6\u011fesi --><\/p>\n<div class=\"wpb_column vc_column_container vc_col-sm-3\">\n<div class=\"vc_column-inner\">\n<div class=\"wpb_wrapper\">\n<div class=\"content-box service-item alignment-default service-box-gray spacing-30\">\n<div class=\"image-container\">\n<div class=\"vertical-number-box\"><span class=\"vertical-number\">11<\/span><\/div>\n<div class=\"arrow-box\"><\/div>\n<p><img decoding=\"async\" src=\"https:\/\/dincarchitect.com\/wp-content\/uploads\/2023\/06\/dastudio-service-11.jpg\" alt=\"Arquitectura\" width=\"360\" height=\"500\" \/><\/p>\n<\/div>\n<div class=\"content-box-info\">\n<div class=\"box-heading-container\">\n<div class=\"box-heading\"><strong>Plan de ventas<\/strong><\/div>\n<div class=\"price-info-container\"><span class=\"price-info\" style=\"color: #e37218; font-size: 16px;\">19 \u20ac<\/span><\/div>\n<\/div>\n<div style=\"text-align: justify; margin-top: 10px;\">\n<p>Plan de ventas para cada piso\u2026<\/p>\n<\/div>\n<div class=\"content-description\"><\/div>\n<div class=\"btn-read-more\"><a style=\"color: #e37218;\" href=\"https:\/\/dincarchitect.com\/es\/plan-de-ventas\/\">Aprende m\u00e1s<\/a><\/div>\n<\/div>\n<\/div>\n<\/div>\n<\/div>\n<\/div>\n<p><!-- Onikinci hizmet \u00f6\u011fesi --><\/p>\n<div class=\"wpb_column vc_column_container vc_col-sm-3\">\n<div class=\"vc_column-inner\">\n<div class=\"wpb_wrapper\">\n<div class=\"content-box service-item alignment-default service-box-gray spacing-30\">\n<div class=\"image-container\">\n<div class=\"vertical-number-box\"><span class=\"vertical-number\">12<\/span><\/div>\n<div class=\"arrow-box\"><\/div>\n<p><img decoding=\"async\" src=\"https:\/\/dincarchitect.com\/wp-content\/uploads\/2023\/06\/dastudio-service-12.jpg\" alt=\"Arquitectura\" width=\"360\" height=\"500\" \/><\/p>\n<\/div>\n<div class=\"content-box-info\">\n<div class=\"box-heading-container\">\n<div class=\"box-heading\"><strong>plano 2d<\/strong><\/div>\n<div class=\"price-info-container\"><span class=\"price-info\" style=\"color: #e37218; font-size: 16px;\">29 \u20ac<\/span><\/div>\n<\/div>\n<div style=\"text-align: justify; margin-top: 10px;\">\n<p>plano 2d para cada piso\u2026<\/p>\n<\/div>\n<div class=\"content-description\"><\/div>\n<div class=\"btn-read-more\"><a style=\"color: #e37218;\" href=\"https:\/\/dincarchitect.com\/es\/plan-2d\/\">Aprende m\u00e1s<\/a><\/div>\n<div><\/div>\n<\/div>\n<\/div>\n<\/div>\n<\/div>\n<\/div>\n<div><span style=\"color: #ffffff;\">&#8230;.<\/span><\/div>\n<p><!-- Onucuncu hizmet \u00f6\u011fesi --><\/p>\n<div class=\"wpb_column vc_column_container vc_col-sm-3\">\n<div class=\"vc_column-inner\">\n<div class=\"wpb_wrapper\">\n<div class=\"content-box service-item alignment-default service-box-gray spacing-30\">\n<div class=\"image-container\">\n<div class=\"vertical-number-box\"><span class=\"vertical-number\">13<\/span><\/div>\n<div class=\"arrow-box\"><\/div>\n<p><img decoding=\"async\" src=\"https:\/\/dincarchitect.com\/wp-content\/uploads\/2023\/06\/dastudio-service-13.jpg\" alt=\"Arquitectura\" width=\"360\" height=\"500\" \/><\/p>\n<\/div>\n<div class=\"content-box-info\">\n<div class=\"box-heading-container\">\n<div class=\"box-heading\"><strong>Vista panor\u00e1mica de 360\u00b0<\/strong><\/div>\n<div class=\"price-info-container\"><span class=\"price-info\" style=\"color: #e37218; font-size: 16px;\">99 \u20ac<\/span><\/div>\n<\/div>\n<div style=\"text-align: justify; margin-top: 10px;\">\n<p>Precio a a\u00f1adir, por plaza, al de las vistas 3D.<\/p>\n<\/div>\n<div class=\"content-description\"><\/div>\n<div class=\"btn-read-more\"><a style=\"color: #e37218;\" href=\"https:\/\/dincarchitect.com\/es\/vista-panoramica-360\/\">Aprende m\u00e1s<\/a><\/div>\n<\/div>\n<\/div>\n<\/div>\n<\/div>\n<\/div>\n<p><!-- Ondorduncu hizmet \u00f6\u011fesi --><\/p>\n<div class=\"wpb_column vc_column_container vc_col-sm-3\">\n<div class=\"vc_column-inner\">\n<div class=\"wpb_wrapper\">\n<div class=\"content-box service-item alignment-default service-box-gray spacing-30\">\n<div class=\"image-container\">\n<div class=\"vertical-number-box\"><span class=\"vertical-number\">14<\/span><\/div>\n<div class=\"arrow-box\"><\/div>\n<p><img decoding=\"async\" src=\"https:\/\/dincarchitect.com\/wp-content\/uploads\/2023\/06\/dastudio-service-14.jpg\" alt=\"Arquitectura\" width=\"360\" height=\"500\" \/><\/p>\n<\/div>\n<div class=\"content-box-info\">\n<div class=\"box-heading-container\">\n<div class=\"box-heading\"><strong>axonometr\u00eda<\/strong><\/div>\n<div class=\"price-info-container\"><span class=\"price-info\" style=\"color: #e37218; font-size: 16px;\">99 \u20ac<\/span><\/div>\n<\/div>\n<div style=\"text-align: justify; margin-top: 10px;\">\n<p>39\u20ac por un espacio sencillo,<br \/>\n49\u20ac por un espacio semi-complejo,<br \/>\n59\u20ac por un espacio complejo.<\/p>\n<\/div>\n<div class=\"content-description\"><\/div>\n<div class=\"btn-read-more\"><a style=\"color: #e37218;\" href=\"https:\/\/dincarchitect.com\/es\/axonometria\/\">Aprende m\u00e1s<\/a><\/div>\n<\/div>\n<\/div>\n<\/div>\n<\/div>\n<\/div>\n<p><!-- Onbe\u015finci hizmet \u00f6\u011fesi --><\/p>\n<div class=\"wpb_column vc_column_container vc_col-sm-3\">\n<div class=\"vc_column-inner\">\n<div class=\"wpb_wrapper\">\n<div class=\"content-box service-item alignment-default service-box-gray spacing-30\">\n<div class=\"image-container\">\n<div class=\"vertical-number-box\"><span class=\"vertical-number\">15<\/span><\/div>\n<div class=\"arrow-box\"><\/div>\n<p><img decoding=\"async\" src=\"https:\/\/dincarchitect.com\/wp-content\/uploads\/2023\/06\/dastudio-service-15.jpg\" alt=\"Arquitectura\" width=\"360\" height=\"500\" \/><\/p>\n<\/div>\n<div class=\"content-box-info\">\n<div class=\"box-heading-container\">\n<div class=\"box-heading\"><strong>proyecto arquitectonico<\/strong><\/div>\n<div class=\"price-info-container\"><span class=\"price-info\" style=\"color: #e37218; font-size: 16px;\">699 \u20ac<\/span><\/div>\n<\/div>\n<div style=\"text-align: justify; margin-top: 10px;\">\n<p>Proyecto arquitect\u00f3nico, planta, detalles de secci\u00f3n\u2026<\/p>\n<\/div>\n<div class=\"content-description\"><\/div>\n<div class=\"btn-read-more\"><a style=\"color: #e37218;\" href=\"https:\/\/dincarchitect.com\/es\/proyecto-arquitectonico\/\">Aprende m\u00e1s<\/a><\/div>\n<\/div>\n<\/div>\n<\/div>\n<\/div>\n<\/div>\n<p><!-- Onalt\u0131nc\u0131 hizmet \u00f6\u011fesi --><\/p>\n<div class=\"wpb_column vc_column_container vc_col-sm-3\">\n<div class=\"vc_column-inner\">\n<div class=\"wpb_wrapper\">\n<div class=\"content-box service-item alignment-default service-box-gray spacing-30\">\n<div class=\"image-container\">\n<div class=\"vertical-number-box\"><span class=\"vertical-number\">16<\/span><\/div>\n<div class=\"arrow-box\"><\/div>\n<p><img decoding=\"async\" src=\"https:\/\/dincarchitect.com\/wp-content\/uploads\/2023\/06\/dastudio-service-16.jpg\" alt=\"Arquitectura\" width=\"360\" height=\"500\" \/><\/p>\n<\/div>\n<div class=\"content-box-info\">\n<div class=\"box-heading-container\">\n<div class=\"box-heading\"><strong>Duplicado<\/strong><\/div>\n<div class=\"price-info-container\"><span class=\"price-info\" style=\"color: #e37218; font-size: 16px;\">50 %<\/span><\/div>\n<\/div>\n<div style=\"text-align: justify; margin-top: 10px;\">\n<p>Representaciones de diferentes \u00e1ngulos de la misma ubicaci\u00f3n, recargo adicional que se agregar\u00e1 a todas nuestras tarifas.<\/p>\n<\/div>\n<div class=\"content-description\"><\/div>\n<div class=\"btn-read-more\"><a style=\"color: #e37218;\" href=\"https:\/\/dincarchitect.com\/es\/duplicado\/\">Aprende m\u00e1s<\/a><\/div>\n<\/div>\n<\/div>\n<\/div>\n<\/div>\n<\/div>\n<p><!-- Hizmet Sonu --><\/p>\n<div id=\"gtx-trans\" style=\"position: absolute; left: 227px; top: 5235.55px;\">\n<div class=\"gtx-trans-icon\"><\/div>\n<\/div>\n\n\t\t<\/div>\n\t<\/div>\n<\/div><\/div><\/div><\/div><div class=\"vc_row wpb_row vc_row-fluid\"><div class=\"wpb_column vc_column_container vc_col-sm-6\"><div class=\"vc_column-inner\"><div class=\"wpb_wrapper\">\n\t<div class=\"wpb_text_column wpb_content_element\" >\n\t\t<div class=\"wpb_wrapper\">\n\t\t\t<p><strong>Las tarifas son aplicables a todos nuestros proyectos est\u00e1ndar. <\/strong><\/p>\n<p><strong>Para cualquier proyecto espec\u00edfico, por favor solicite una cotizaci\u00f3n detallada.<\/strong><\/p>\n\n\t\t<\/div>\n\t<\/div>\n\n\t<div  class=\"wpb_single_image wpb_content_element vc_align_left\">\n\t\t\n\t\t<figure class=\"wpb_wrapper vc_figure\">\n\t\t\t<div class=\"vc_single_image-wrapper   vc_box_border_grey\"><img decoding=\"async\" class=\"vc_single_image-img\" src=\"https:\/\/dincarchitect.com\/wp-content\/uploads\/2023\/06\/dastudio-twin-1.png\" width=\"550\" height=\"320\" alt=\"dastudio-gemelo-1\" title=\"dastudio-gemelo-1\" \/><\/div>\n\t\t<\/figure>\n\t<\/div>\n<\/div><\/div><\/div><div class=\"wpb_column vc_column_container vc_col-sm-6\"><div class=\"vc_column-inner\"><div class=\"wpb_wrapper\">\n\t<div class=\"wpb_text_column wpb_content_element\" >\n\t\t<div class=\"wpb_wrapper\">\n\t\t\t<h2>DUPLICACIONES FIELES<\/h2>\n<p>Ofrecemos un servicio especial llamado \u201cDuplicaciones Fieles\u201d donde permitimos un recargo de 50% en todas nuestras tarifas de perspectiva 3D. Este recargo se aplica a proyectos que requieren la reproducci\u00f3n minuciosa de numerosas caracter\u00edsticas del objeto, como sus modelos, estilos, texturas, tama\u00f1os, ubicaciones o colores. Es particularmente beneficioso para los dise\u00f1adores de interiores o decoradores que buscan recrear una apariencia espec\u00edfica con precisi\u00f3n.<\/p>\n<p>Con nuestro servicio de Duplicaciones Fieles, nos aseguramos de que cada aspecto del dise\u00f1o deseado sea replicado fielmente, prestando atenci\u00f3n hasta al m\u00e1s m\u00ednimo detalle. Esto permite a nuestros clientes lograr un alto nivel de exactitud y precisi\u00f3n en sus proyectos, lo que da como resultado resultados sorprendentes y reales.<\/p>\n<p>Ya sea recreando una est\u00e9tica particular, combinando elementos de dise\u00f1o espec\u00edficos o manteniendo la consistencia en un espacio, nuestro servicio Faithful Duplications satisface las necesidades de aquellos que buscan una reproducci\u00f3n meticulosa. Nuestro h\u00e1bil equipo de expertos se dedica a brindar resultados excepcionales que superan las expectativas de nuestros clientes.<\/p>\n\n\t\t<\/div>\n\t<\/div>\n<\/div><\/div><\/div><\/div>\n<\/section>","protected":false},"excerpt":{"rendered":"Creating Ultra-Realistic 3D Designs Our focus is not only on producing technically accurate 3D images but, more importantly, delivering high-definition visuals with impeccable aesthetics. We strive to create ultra-realistic 3D images that evoke emotions and instill trust in your work. These images are designed to enhance your projects and showcase your skills. 01 Simple Space [...]","protected":false},"author":1,"featured_media":0,"parent":0,"menu_order":0,"comment_status":"closed","ping_status":"closed","template":"page-services.php","meta":{"footnotes":""},"acf":[],"_links":{"self":[{"href":"https:\/\/dincarchitect.com\/es\/wp-json\/wp\/v2\/pages\/13828"}],"collection":[{"href":"https:\/\/dincarchitect.com\/es\/wp-json\/wp\/v2\/pages"}],"about":[{"href":"https:\/\/dincarchitect.com\/es\/wp-json\/wp\/v2\/types\/page"}],"author":[{"embeddable":true,"href":"https:\/\/dincarchitect.com\/es\/wp-json\/wp\/v2\/users\/1"}],"replies":[{"embeddable":true,"href":"https:\/\/dincarchitect.com\/es\/wp-json\/wp\/v2\/comments?post=13828"}],"version-history":[{"count":0,"href":"https:\/\/dincarchitect.com\/es\/wp-json\/wp\/v2\/pages\/13828\/revisions"}],"wp:attachment":[{"href":"https:\/\/dincarchitect.com\/es\/wp-json\/wp\/v2\/media?parent=13828"}],"curies":[{"name":"wp","href":"https:\/\/api.w.org\/{rel}","templated":true}]}}