{"id":13774,"date":"2023-06-12T00:00:56","date_gmt":"2023-06-12T00:00:56","guid":{"rendered":"https:\/\/dincarchitect.com\/?page_id=13774"},"modified":"2023-06-12T00:56:36","modified_gmt":"2023-06-12T00:56:36","slug":"terms-and-conditions","status":"publish","type":"page","link":"https:\/\/dincarchitect.com\/es\/terminos-y-condiciones\/","title":{"rendered":"T\u00e9rminos y condiciones"},"content":{"rendered":"<section class=\"wpb-content-wrapper\"><div class=\"vc_row wpb_row vc_row-fluid vc_custom_1686439582595\"><div class=\"wpb_column vc_column_container vc_col-sm-12\"><div class=\"vc_column-inner\"><div class=\"wpb_wrapper\"><span class=\"subtitle dash-true style-dark text-default\">dincarchitect.com<\/span>\n\t<div class=\"wpb_text_column wpb_content_element\" >\n\t\t<div class=\"wpb_wrapper\">\n\t\t\t<h2 style=\"text-align: center;\">T\u00e9rminos y condiciones<\/h2>\n\n\t\t<\/div>\n\t<\/div>\n<\/div><\/div><\/div><\/div><div class=\"vc_row wpb_row vc_row-fluid vc_custom_1686439565266\"><div class=\"wpb_column vc_column_container vc_col-sm-12\"><div class=\"vc_column-inner\"><div class=\"wpb_wrapper\">\n\t<div class=\"wpb_text_column wpb_content_element\" >\n\t\t<div class=\"wpb_wrapper\">\n\t\t\t<p><strong>ART\u00cdCULO 1 \u2013 OBJETIVO<\/strong><\/p>\n<p>Estos T\u00e9rminos y Condiciones Generales de Venta y Uso (GTC y GTU) tienen por objeto definir los t\u00e9rminos y condiciones bajo los cuales DA Studio presta sus servicios a sus clientes usuarios. Rigen cualquier prestaci\u00f3n de servicios entre DA Studio y el Cliente Usuario a trav\u00e9s del sitio web <a href=\"https:\/\/dincarchitect.com\/es\/\" target=\"_new\" rel=\"noopener\">www.dincarchitect.com<\/a> y prevalecer\u00e1, en su caso, sobre cualquier otro documento en conflicto. DA Studio es una empresa especializada en creaci\u00f3n de im\u00e1genes 3D y servicios digitales. Su domicilio social se encuentra en Par\u00eds, Francia, y en Turqu\u00eda. Ninguna orden de Servicio puede ser registrada o procesada a menos que el Cliente Usuario haya aceptado previamente estos T\u00e9rminos y Condiciones Generales de Venta y Uso mediante la aceptaci\u00f3n clara de una cotizaci\u00f3n. Esta aceptaci\u00f3n podr\u00e1 expresarse bien mediante la firma del propio presupuesto o mediante una respuesta positiva v\u00eda correo electr\u00f3nico al presupuesto recibido por el mismo medio (es decir, correo electr\u00f3nico). Al aceptar las Condiciones Generales de Venta y Uso, el Cliente Usuario las acepta sin reservas y en su totalidad.<\/p>\n<p><strong>ART\u00cdCULO 2 - SERVICIOS PRESTADOS POR EL DISE\u00d1ADOR<\/strong><\/p>\n<p>Creaci\u00f3n de im\u00e1genes 3D y prestaci\u00f3n de servicios digitales. El Dise\u00f1ador ser\u00e1 responsable de realizar sus servicios de acuerdo a las condiciones definidas en la cotizaci\u00f3n. El Usuario Cliente deber\u00e1 proporcionar al Dise\u00f1ador toda la informaci\u00f3n necesaria para la realizaci\u00f3n de su proyecto seg\u00fan lo solicitado por el Dise\u00f1ador.<\/p>\n<p><strong>ART\u00cdCULO 3 \u2013 RESPONSABILIDAD DEL DISE\u00d1ADOR<\/strong><\/p>\n<p>A trav\u00e9s de estos GTC y GTU, el dise\u00f1ador garantiza que alcanzar\u00e1 los objetivos establecidos en las especificaciones, si las hubiere, o la cotizaci\u00f3n validada por el Cliente y el Dise\u00f1ador.<\/p>\n<p><strong>ART\u00cdCULO 4 \u2013 RESPONSABILIDAD DEL CLIENTE USUARIO<\/strong><\/p>\n<p>4.1 \u2013 Las im\u00e1genes y otras informaciones proporcionadas por el Usuario Cliente y utilizadas por el dise\u00f1ador en el desempe\u00f1o de sus tareas ser\u00e1n responsabilidad \u00fanica y exclusiva del Usuario Cliente, incluyendo cualquier cuesti\u00f3n relacionada con los derechos de autor.<\/p>\n<p>4.2 \u2013 El Cliente Usuario se compromete a proporcionar al Dise\u00f1ador datos leales, de calidad y conformes a la legislaci\u00f3n aplicable.<\/p>\n<p>4.3 \u2013 El Usuario Cliente se compromete a cumplir con todas las disposiciones legales y reglamentarias relativas a la inform\u00e1tica, archivos y libertades.<\/p>\n<p><strong>ART\u00cdCULO 5 - DERECHOS DE PROPIEDAD INTELECTUAL<\/strong><\/p>\n<p>5.1 \u2013 Al aceptar estos TCG y GTU, el Usuario Cliente autoriza a DA Studio a utilizar las im\u00e1genes producidas, as\u00ed como las im\u00e1genes proporcionadas por el Usuario Cliente, para sus fines de comunicaci\u00f3n con terceros. Por lo tanto, DA Studio estar\u00e1 autorizado, entre otras cosas, para distribuir estas im\u00e1genes en su sitio web, materiales publicitarios, redes sociales y cualquier otro medio de comunicaci\u00f3n (sin excepci\u00f3n) para promocionar sus servicios.<\/p>\n<p>5.2 \u2013 Sin embargo, siempre que lo considere necesario, el Cliente Usuario tendr\u00e1 la libertad de solicitar a DA Studio que renuncie a esta autorizaci\u00f3n a trav\u00e9s de una simple solicitud oral o mediante la firma de una cl\u00e1usula de confidencialidad.<\/p>\n<p><strong>ART\u00cdCULO 6 \u2013 PAGO<\/strong><\/p>\n<p>6.1 \u2013 Durante su primer pedido, con el fin de probar la calidad del servicio prestado, el Cliente Usuario no pagar\u00e1 ning\u00fan dep\u00f3sito y solo liquidar\u00e1 su pedido si est\u00e1 satisfecho con el resultado, hasta un l\u00edmite de 300 \u20ac sin impuestos. Para cualquier pedido superior a 300\u20ac sin impuestos, el Cliente Usuario deber\u00e1 abonar la totalidad del importe restante.<\/p>\n<p>6.2 \u2013 Para pedidos posteriores, las facturas ser\u00e1n pagaderas por adelantado. Solo al recibir el pago se iniciar\u00e1 la producci\u00f3n solicitada.<\/p>\n<p>6.3 \u2013 Incluso despu\u00e9s de un pago previo, un cliente insatisfecho a\u00fan puede solicitar el reembolso de su pedido (sin necesidad de justificaci\u00f3n). Recibir\u00e1n esta devoluci\u00f3n en un plazo m\u00e1ximo de 72 horas h\u00e1biles.<\/p>\n<p><strong>ART\u00cdCULO 7 \u2013 OBLIGACIONES \u2013 RESPONSABILIDAD DEL PRESTADOR DEL SERVICIO<\/strong><\/p>\n<p>Dado que DA Studio solo proporciona im\u00e1genes de simulaci\u00f3n basadas en los datos proporcionados por el Usuario Cliente y bajo su responsabilidad, no puede considerarse involucrado de ninguna manera en la selecci\u00f3n de soluciones t\u00e9cnicas o su implementaci\u00f3n por parte del Usuario Cliente, el propietario o el comprador. de la propiedad, y no puede ser considerado responsable de ninguna manera a este respecto.<\/p>\n<p>Asimismo, a trav\u00e9s de estos GTC y GTU, DA Studio no se hace responsable de las licencias que posee sobre el software de modelado y renderizado utilizado por sus socios potenciales.<\/p>\n<p>El Cliente Usuario reconoce expresamente que el servicio ofrecido por DA Studio no incluye la viabilidad t\u00e9cnica del proyecto.<\/p>\n<p>Por tanto, el Cliente Usuario se compromete a buscar los servicios de un profesional del arte para asegurar la viabilidad de las soluciones elegidas en base a las simulaciones visuales producidas por DA Studio.<\/p>\n<p>Por ello, el Cliente Usuario o su representante que desee implementar la propuesta resultante del servicio prestado por DA Studio se compromete a realizar todos los estudios t\u00e9cnicos necesarios y asume personalmente la responsabilidad de todas las obligaciones legales, reglamentarias y administrativas sin recurso alguno contra DA Studio.<\/p>\n<p>Del mismo modo, no se puede considerar que DA Studio participa en la realizaci\u00f3n de un proyecto arquitect\u00f3nico en el sentido del art\u00edculo 3 de la Ley n.\u00b0 77-2, de 3 de enero de 1977, sobre arquitectura.<\/p>\n<p>En cualquier caso, a trav\u00e9s de las presentes CGC y CGU, la responsabilidad de DA Studio por da\u00f1os y perjuicios no podr\u00e1 exceder de una cantidad correspondiente al importe total del pedido efectivamente pagado por el Cliente Usuario.<\/p>\n<p><strong>ART\u00cdCULO 8 \u2013 INFORMACI\u00d3N PERSONAL<\/strong><\/p>\n<p>8.1 \u2013 Protecci\u00f3n de datos DA Studio concede gran importancia al respeto de la privacidad. Mediante el uso de su sitio web <a href=\"https:\/\/dincarchitect.com\/es\/\" target=\"_new\" rel=\"noopener\">www.dincarchitect.com<\/a> y\/o creando una cuenta, el Cliente Usuario reconoce y acepta el tratamiento de sus datos personales por parte de DA Studio de conformidad con la legislaci\u00f3n aplicable y lo dispuesto en la Pol\u00edtica de Privacidad.<\/p>\n<p>8.2 \u2013 Tratamiento estad\u00edstico El Cliente Usuario reconoce que DA Studio tiene derecho a utilizar sus datos con fines estad\u00edsticos, y una vez anonimizados, transferir o ceder los resultados estad\u00edsticos correspondientes a cualquier tercero.<\/p>\n<p>8.3 \u2013 Lista de exclusi\u00f3n de solicitudes telef\u00f3nicas Si estamos obligados a recopilar el n\u00famero de tel\u00e9fono del Cliente Usuario para el procesamiento de su pedido, le informamos de su derecho a registrarse en la lista de exclusi\u00f3n de solicitudes telef\u00f3nicas de \u201cBloctel\u201d, seg\u00fan lo previsto para en el art\u00edculo L223-1 del C\u00f3digo de Consumo franc\u00e9s. Se puede acceder a esta lista en <a href=\"https:\/\/www.bloctel.gouv.fr\/\" target=\"_new\" rel=\"noopener\">www.bloctel.gouv.fr<\/a>.<\/p>\n<p><strong>ART\u00cdCULO 9 - MODIFICACIONES Y SOLICITUDES FUERA DE LA COTIZACI\u00d3N<\/strong><\/p>\n<p>Las solicitudes del Cliente Usuario que no est\u00e9n cubiertas en su presupuesto inicial, tales como modificaciones sustanciales en el amueblamiento o decoraci\u00f3n de una habitaci\u00f3n o la adici\u00f3n de espacios adicionales, estar\u00e1n sujetas a un presupuesto complementario, que s\u00f3lo se ejecutar\u00e1 previo acuerdo de Ambas fiestas.<\/p>\n<p><strong>ART\u00cdCULO 10 \u2013 DISPUTAS<\/strong><\/p>\n<p>10.1 \u2013 En caso de dificultades o disputas entre las partes con respecto a la interpretaci\u00f3n, ejecuci\u00f3n o terminaci\u00f3n de este acuerdo, las partes acuerdan buscar una soluci\u00f3n amistosa en el esp\u00edritu de este contrato.<\/p>\n<p>10.2 \u2013 Estos t\u00e9rminos y condiciones generales de venta y uso est\u00e1n sujetos a la ley francesa, y cualquier disputa o desacuerdo que surja entre las partes en relaci\u00f3n con su interpretaci\u00f3n, ejecuci\u00f3n o terminaci\u00f3n ser\u00e1 competencia exclusiva del Tribunal de Comercio de Par\u00eds.<\/p>\n\n\t\t<\/div>\n\t<\/div>\n<\/div><\/div><\/div><\/div>\n<\/section>","protected":false},"excerpt":{"rendered":"dincarchitect.com T\u00e9rminos y Condiciones ART\u00cdCULO 1 - OBJETO Estos T\u00e9rminos y Condiciones Generales de Venta y Uso (CGC y GTU) tienen como objetivo definir los t\u00e9rminos y condiciones bajo los cuales DA Studio brinda sus servicios a sus clientes usuarios. Regulan cualquier prestaci\u00f3n de servicios entre DA Studio y el Cliente Usuario a trav\u00e9s del sitio web www.dincarchitect.com [...]","protected":false},"author":1,"featured_media":0,"parent":0,"menu_order":0,"comment_status":"closed","ping_status":"closed","template":"","meta":{"footnotes":""},"acf":[],"_links":{"self":[{"href":"https:\/\/dincarchitect.com\/es\/wp-json\/wp\/v2\/pages\/13774"}],"collection":[{"href":"https:\/\/dincarchitect.com\/es\/wp-json\/wp\/v2\/pages"}],"about":[{"href":"https:\/\/dincarchitect.com\/es\/wp-json\/wp\/v2\/types\/page"}],"author":[{"embeddable":true,"href":"https:\/\/dincarchitect.com\/es\/wp-json\/wp\/v2\/users\/1"}],"replies":[{"embeddable":true,"href":"https:\/\/dincarchitect.com\/es\/wp-json\/wp\/v2\/comments?post=13774"}],"version-history":[{"count":0,"href":"https:\/\/dincarchitect.com\/es\/wp-json\/wp\/v2\/pages\/13774\/revisions"}],"wp:attachment":[{"href":"https:\/\/dincarchitect.com\/es\/wp-json\/wp\/v2\/media?parent=13774"}],"curies":[{"name":"wp","href":"https:\/\/api.w.org\/{rel}","templated":true}]}}