{"id":13770,"date":"2023-06-10T23:36:09","date_gmt":"2023-06-10T23:36:09","guid":{"rendered":"https:\/\/dincarchitect.com\/?page_id=13770"},"modified":"2023-06-10T23:36:30","modified_gmt":"2023-06-10T23:36:30","slug":"legal-information","status":"publish","type":"page","link":"https:\/\/dincarchitect.com\/es\/informacion-legal\/","title":{"rendered":"Informaci\u00f3n legal"},"content":{"rendered":"<section class=\"wpb-content-wrapper\"><div class=\"vc_row wpb_row vc_row-fluid vc_custom_1686439582595\"><div class=\"wpb_column vc_column_container vc_col-sm-12\"><div class=\"vc_column-inner\"><div class=\"wpb_wrapper\"><span class=\"subtitle dash-true style-dark text-default\">dincarchitect.com<\/span>\n\t<div class=\"wpb_text_column wpb_content_element\" >\n\t\t<div class=\"wpb_wrapper\">\n\t\t\t<h2 style=\"text-align: center;\">Informaci\u00f3n legal<\/h2>\n\n\t\t<\/div>\n\t<\/div>\n<\/div><\/div><\/div><\/div><div class=\"vc_row wpb_row vc_row-fluid vc_custom_1686439565266\"><div class=\"wpb_column vc_column_container vc_col-sm-12\"><div class=\"vc_column-inner\"><div class=\"wpb_wrapper\">\n\t<div class=\"wpb_text_column wpb_content_element\" >\n\t\t<div class=\"wpb_wrapper\">\n\t\t\t<p><strong>Informaci\u00f3n Legal Certificada<\/strong><\/p>\n<p>Inscrita en el Registro Mercantil y de Sociedades con el n\u00famero SIRET 298 088 65 76<\/p>\n<p>N\u00famero de identificaci\u00f3n del IVA: 0 298 088 65 76 000 01<\/p>\n<p>N\u00famero de tel\u00e9fono: <a href=\"tel: 33761122801\"> +33 7 61 12 28 01<\/a><\/p>\n<p><strong>Protecci\u00f3n de Datos y Privacidad<\/strong><\/p>\n<p>La informaci\u00f3n recopilada est\u00e1 sujeta a procesamiento inform\u00e1tico destinado exclusivamente para el uso del sitio web de Machou Pichou y no ser\u00e1 divulgada a terceros bajo ninguna circunstancia.<\/p>\n<p>De acuerdo con la Ley de Protecci\u00f3n de Datos y Libertad de Informaci\u00f3n modificada del 6 de enero de 1978, tiene derecho a acceder y rectificar la informaci\u00f3n que le concierne, que puede ejercer dirigi\u00e9ndose a nosotros a <a href=\"mailto:info@dincarchitect.com\">info@dincarchitect.com<\/a><a href=\"mailto:info@architect.wp-set.com\" target=\"_new\" rel=\"noopener\"> Tambi\u00e9n puede, por motivos leg\u00edtimos, oponerse al tratamiento de sus datos.<\/a><\/p>\n<p><strong>Propiedad intelectual<\/strong><\/p>\n<p>De conformidad con las disposiciones del art\u00edculo L 112-3 del C\u00f3digo de Propiedad Intelectual, todos los elementos del sitio web no pueden ser reproducidos total o parcialmente en ning\u00fan medio sin el permiso expreso del operador del sitio web o de su titular de derechos, bajo pena de accion legal.<\/p>\n\n\t\t<\/div>\n\t<\/div>\n<\/div><\/div><\/div><\/div>\n<\/section>","protected":false},"excerpt":{"rendered":"dincarchitect.com Informaci\u00f3n Legal Informaci\u00f3n Legal Certificada Inscrita en el Registro Mercantil y de Sociedades con el n\u00famero SIRET 298 088 65 76 N\u00famero de identificaci\u00f3n fiscal: 0 298 088 65 76 000 01 N\u00famero de tel\u00e9fono: +33 7 61 12 28 01 Protecci\u00f3n de Datos y Privacidad La informaci\u00f3n recopilada est\u00e1 sujeta a un tratamiento inform\u00e1tico destinado exclusivamente [...]","protected":false},"author":1,"featured_media":0,"parent":0,"menu_order":0,"comment_status":"closed","ping_status":"closed","template":"","meta":{"footnotes":""},"acf":[],"_links":{"self":[{"href":"https:\/\/dincarchitect.com\/es\/wp-json\/wp\/v2\/pages\/13770"}],"collection":[{"href":"https:\/\/dincarchitect.com\/es\/wp-json\/wp\/v2\/pages"}],"about":[{"href":"https:\/\/dincarchitect.com\/es\/wp-json\/wp\/v2\/types\/page"}],"author":[{"embeddable":true,"href":"https:\/\/dincarchitect.com\/es\/wp-json\/wp\/v2\/users\/1"}],"replies":[{"embeddable":true,"href":"https:\/\/dincarchitect.com\/es\/wp-json\/wp\/v2\/comments?post=13770"}],"version-history":[{"count":0,"href":"https:\/\/dincarchitect.com\/es\/wp-json\/wp\/v2\/pages\/13770\/revisions"}],"wp:attachment":[{"href":"https:\/\/dincarchitect.com\/es\/wp-json\/wp\/v2\/media?parent=13770"}],"curies":[{"name":"wp","href":"https:\/\/api.w.org\/{rel}","templated":true}]}}