{"id":13759,"date":"2023-06-12T00:00:15","date_gmt":"2023-06-12T00:00:15","guid":{"rendered":"https:\/\/dincarchitect.com\/?page_id=13759"},"modified":"2023-06-12T00:54:38","modified_gmt":"2023-06-12T00:54:38","slug":"privacy-policy","status":"publish","type":"page","link":"https:\/\/dincarchitect.com\/es\/politica-de-privacidad\/","title":{"rendered":"pol\u00edtica de privacidad"},"content":{"rendered":"<section class=\"wpb-content-wrapper\"><div class=\"vc_row wpb_row vc_row-fluid vc_custom_1686439582595\"><div class=\"wpb_column vc_column_container vc_col-sm-12\"><div class=\"vc_column-inner\"><div class=\"wpb_wrapper\"><span class=\"subtitle dash-true style-dark text-default\">dincarchitect.com<\/span>\n\t<div class=\"wpb_text_column wpb_content_element\" >\n\t\t<div class=\"wpb_wrapper\">\n\t\t\t<h2 style=\"text-align: center;\">pol\u00edtica de privacidad<\/h2>\n\n\t\t<\/div>\n\t<\/div>\n<\/div><\/div><\/div><\/div><div class=\"vc_row wpb_row vc_row-fluid vc_custom_1686439565266\"><div class=\"wpb_column vc_column_container vc_col-sm-12\"><div class=\"vc_column-inner\"><div class=\"wpb_wrapper\">\n\t<div class=\"wpb_text_column wpb_content_element\" >\n\t\t<div class=\"wpb_wrapper\">\n\t\t\t<p><strong>Introducci\u00f3n<\/strong><\/p>\n<p>Con el desarrollo de nuevas herramientas de comunicaci\u00f3n, es necesario prestar especial atenci\u00f3n a la protecci\u00f3n de la privacidad. Por lo tanto, nos comprometemos a respetar la confidencialidad de la informaci\u00f3n personal que recopilamos.<\/p>\n<p><strong>Recolecci\u00f3n de Datos Personales<\/strong><\/p>\n<p>Los datos personales (o \u201cDatos\u201d) recopilados en este sitio web (o \u201cPlataforma\u201d) a trav\u00e9s de formularios y a trav\u00e9s de la interactividad establecida entre usted y nuestra Plataforma incluyen:<\/p>\n<ul>\n<li>Nombre completo<\/li>\n<li>Nombre de pila<\/li>\n<li>nombre de empresa<\/li>\n<li>Direcci\u00f3n de envio<\/li>\n<li>C\u00f3digo Postal<\/li>\n<li>Direcci\u00f3n de correo electr\u00f3nico<\/li>\n<li>N\u00famero de tel\u00e9fono\/fax<\/li>\n<li>G\u00e9nero<\/li>\n<li>Fecha de nacimiento<\/li>\n<\/ul>\n<p>La informaci\u00f3n personal que recabamos se obtiene a trav\u00e9s de formularios ya trav\u00e9s de la interactividad que se establece entre usted y nuestro sitio web. Tambi\u00e9n usamos cookies y\/o registros, como se describe en la siguiente secci\u00f3n, para recopilar informaci\u00f3n sobre usted.<\/p>\n<p><strong>Formularios e Interactividad:<\/strong><\/p>\n<p>Su informaci\u00f3n personal se recopila a trav\u00e9s de formularios, a saber:<\/p>\n<ul>\n<li>Formulario de registro del sitio web<\/li>\n<\/ul>\n<p>Su informaci\u00f3n tambi\u00e9n se recopila a trav\u00e9s de la interactividad que puede ocurrir entre usted y nuestro sitio web de las siguientes maneras:<\/p>\n<ul>\n<li>Contacto<\/li>\n<li>Gesti\u00f3n del sitio web (presentaci\u00f3n, organizaci\u00f3n)<\/li>\n<li>Comentarios<\/li>\n<\/ul>\n<p><strong>Derecho a objetar y retirar el consentimiento<\/strong><\/p>\n<p>A trav\u00e9s de esta pol\u00edtica de privacidad, nos comprometemos a brindarle el derecho a oponerse y retirar el consentimiento para el uso de su informaci\u00f3n personal.<\/p>\n<p>El derecho a oponerse significa que tiene la opci\u00f3n de rechazar el uso de su informaci\u00f3n personal para ciertos fines establecidos en el momento de la recopilaci\u00f3n.<\/p>\n<p>El derecho a retirar el consentimiento significa que tiene la opci\u00f3n de solicitar la eliminaci\u00f3n de su informaci\u00f3n personal, por ejemplo, de una lista de correo.<\/p>\n<p>Para ejercer estos derechos, puede ponerse en contacto con nosotros utilizando la siguiente informaci\u00f3n de contacto:<\/p>\n<p>Tel\u00e9fono: <a href=\"tel: 33761122801\">+33 7 61 12 28 01<\/a><\/p>\n<p>Secci\u00f3n del sitio web: <a href=\"https:\/\/dincarchitect.com\/es\/\" target=\"_new\" rel=\"noopener\">www.dincarchitect.com<\/a><\/p>\n<p><strong>Derecho de Acceso<\/strong><\/p>\n<p>Nos comprometemos a reconocer el derecho de acceso y rectificaci\u00f3n de las personas que deseen consultar, modificar o eliminar su informaci\u00f3n personal.<\/p>\n<p>Para ejercer este derecho, puede ponerse en contacto con nosotros a trav\u00e9s de los siguientes datos de contacto:<\/p>\n<p>Tel\u00e9fono: <a href=\"tel: 33761122801\">+33 7 61 12 28 01<\/a><\/p>\n<p>Secci\u00f3n del sitio web: <a href=\"https:\/\/dincarchitect.com\/es\/\" target=\"_new\" rel=\"noopener\">www.dincarchitect.com<\/a><\/p>\n<p><strong>Seguridad<\/strong><\/p>\n<p>A trav\u00e9s de esta pol\u00edtica de privacidad, nos comprometemos a garantizar que la informaci\u00f3n personal recopilada se mantenga en un entorno seguro. Los miembros de nuestro personal est\u00e1n obligados a respetar la confidencialidad de su informaci\u00f3n.<\/p>\n<p>Para garantizar la seguridad de su informaci\u00f3n personal, empleamos las siguientes medidas:<\/p>\n<ul>\n<li>Protocolo SSL (Secure Sockets Layer)<\/li>\n<li>Gesti\u00f3n de accesos para personal autorizado<\/li>\n<li>Gesti\u00f3n de acceso para los interesados<\/li>\n<li>software de monitoreo de red<\/li>\n<li>Sistemas de respaldo de computadoras<\/li>\n<li>Desarrollo de certificados digitales<\/li>\n<li>Protecci\u00f3n de cortafuegos con ID de usuario\/contrase\u00f1a<\/li>\n<\/ul>\n<p>Estamos comprometidos a mantener un alto nivel de confidencialidad mediante la incorporaci\u00f3n de las \u00faltimas innovaciones tecnol\u00f3gicas para garantizar la privacidad de sus transacciones. Sin embargo, dado que ning\u00fan mecanismo puede proporcionar la m\u00e1xima seguridad, siempre existe un cierto nivel de riesgo cuando se utiliza Internet para transmitir informaci\u00f3n personal.<\/p>\n\n\t\t<\/div>\n\t<\/div>\n<\/div><\/div><\/div><\/div>\n<\/section>","protected":false},"excerpt":{"rendered":"dincarchitect.com Pol\u00edtica de privacidad Introducci\u00f3n Con el desarrollo de nuevas herramientas de comunicaci\u00f3n, es necesario prestar especial atenci\u00f3n a la protecci\u00f3n de la privacidad. Por lo tanto, nos comprometemos a respetar la confidencialidad de la informaci\u00f3n personal que recopilamos. Recogida de Datos Personales Los datos personales (o &quot;Datos&quot;) recogidos en este sitio web (o &quot;Plataforma&quot;) a trav\u00e9s de formularios y [...]","protected":false},"author":1,"featured_media":0,"parent":0,"menu_order":0,"comment_status":"closed","ping_status":"closed","template":"","meta":{"footnotes":""},"acf":[],"_links":{"self":[{"href":"https:\/\/dincarchitect.com\/es\/wp-json\/wp\/v2\/pages\/13759"}],"collection":[{"href":"https:\/\/dincarchitect.com\/es\/wp-json\/wp\/v2\/pages"}],"about":[{"href":"https:\/\/dincarchitect.com\/es\/wp-json\/wp\/v2\/types\/page"}],"author":[{"embeddable":true,"href":"https:\/\/dincarchitect.com\/es\/wp-json\/wp\/v2\/users\/1"}],"replies":[{"embeddable":true,"href":"https:\/\/dincarchitect.com\/es\/wp-json\/wp\/v2\/comments?post=13759"}],"version-history":[{"count":0,"href":"https:\/\/dincarchitect.com\/es\/wp-json\/wp\/v2\/pages\/13759\/revisions"}],"wp:attachment":[{"href":"https:\/\/dincarchitect.com\/es\/wp-json\/wp\/v2\/media?parent=13759"}],"curies":[{"name":"wp","href":"https:\/\/api.w.org\/{rel}","templated":true}]}}