{"id":13566,"date":"2023-06-12T00:00:48","date_gmt":"2023-06-12T00:00:48","guid":{"rendered":"https:\/\/dincarchitect.com\/?page_id=13566"},"modified":"2023-06-12T00:53:26","modified_gmt":"2023-06-12T00:53:26","slug":"faq","status":"publish","type":"page","link":"https:\/\/dincarchitect.com\/es\/preguntas-mas-frecuentes\/","title":{"rendered":"Preguntas m\u00e1s frecuentes"},"content":{"rendered":"<section class=\"wpb-content-wrapper\"><div class=\"vc_row wpb_row vc_row-fluid vc_custom_1534163990014 vc_column-gap-30\"><div class=\"wpb_column vc_column_container vc_col-sm-12\"><div class=\"vc_column-inner\"><div class=\"wpb_wrapper\"><span class=\"subtitle dash-true style-dark text-default\">Preguntas frecuentes (FAQ)<\/span>\n\t<div class=\"wpb_text_column wpb_content_element  wpb_animate_when_almost_visible wpb_fadeIn fadeIn vc_custom_1686350307042\" >\n\t\t<div class=\"wpb_wrapper\">\n\t\t\t<h2>Im\u00e1genes inmobiliarias 3D<\/h2>\n<div class=\"group w-full text-gray-800 dark:text-gray-100 border-b border-black\/10 dark:border-gray-900\/50 bg-gray-50 dark:bg-&#091;#444654&#093;\">\n<div class=\"flex p-4 gap-4 text-base md:gap-6 md:max-w-2xl lg:max-w-&#091;38rem&#093; xl:max-w-3xl md:py-6 lg:px-0 m-auto\">\n<div class=\"relative flex w-&#091;calc(100%-50px)&#093; flex-col gap-1 md:gap-3 lg:w-&#091;calc(100%-115px)&#093;\">\n<div class=\"flex flex-grow flex-col gap-3\">\n<div class=\"min-h-&#091;20px&#093; flex flex-col items-start gap-4 whitespace-pre-wrap break-words\">\n<div class=\"markdown prose w-full break-words dark:prose-invert light\">\n<p>Servicio de Im\u00e1genes 3D: Perspectivas 3D, Vistas 360\u00b0, Visitas Virtuales\u2026<\/p>\n<\/div>\n<\/div>\n<\/div>\n<div class=\"flex justify-between lg:block\">\n<div class=\"text-gray-400 flex self-end lg:self-center justify-center mt-2 gap-2 md:gap-3 lg:gap-1 lg:absolute lg:top-0 lg:translate-x-full lg:right-0 lg:mt-0 lg:pl-2 visible\"><\/div>\n<\/div>\n<\/div>\n<\/div>\n<\/div>\n\n\t\t<\/div>\n\t<\/div>\n\n\t<div class=\"wpb_text_column wpb_content_element  vc_custom_1686351696937\" >\n\t\t<div class=\"wpb_wrapper\">\n\t\t\t<div class=\"panel-group light\" id=\"accordion-0\">\n<div class=\"panel\"><div class=\"panel-heading\"><h3 class=\"panel-title\"><a class=\"accordion-toggle deactive\" data-toggle=\"collapse\" data-parent=\"#accordion-0\" href=\"#collapse_0_How-Does-It-Work\">\u00bfComo funciona?<\/a><\/h3><\/div><div id=\"collapse_0_How-Does-It-Work\" class=\"panel-collapse collapse deactive\"><div class=\"panel-body\">\n<p>Realizar un pedido de im\u00e1genes 3D es un proceso flexible y sencillo.<\/p>\n<p>As\u00ed es como funciona:<\/p>\n<ol>\n<li>Proporci\u00f3nenos los materiales de su proyecto: esto incluye planos arquitect\u00f3nicos digitales como archivos de AutoCAD, planos dibujados a mano y\/o fotograf\u00edas de referencia. Estos materiales sirven como base para crear las representaciones 3D.<\/li>\n<li>Propuesta inicial: en base a los materiales proporcionados, crearemos una propuesta inicial de renderizado 3D. Esto le dar\u00e1 una representaci\u00f3n visual de c\u00f3mo se ver\u00e1 su proyecto en un espacio tridimensional.<\/li>\n<li>Proceso de revisi\u00f3n: valoramos sus comentarios y nos esforzamos por cumplir con sus requisitos espec\u00edficos. Si tiene alg\u00fan cambio o ajuste solicitado a la propuesta inicial, lo incorporaremos al dise\u00f1o. Trabajaremos estrechamente con usted para garantizar que el resultado final cumpla con sus expectativas.<\/li>\n<li>Finalizaci\u00f3n: una vez que se hayan implementado las revisiones y se logre el resultado deseado, finalizaremos las representaciones 3D y se las entregaremos en el formato acordado.<\/li>\n<\/ol>\n<p>Nuestro objetivo es proporcionarle im\u00e1genes 3D realistas y de alta calidad que representen con precisi\u00f3n su proyecto. Nuestro objetivo es hacer que el proceso sea lo m\u00e1s fluido y eficiente posible, permiti\u00e9ndole visualizar y exhibir sus dise\u00f1os de manera efectiva.<\/p>\n<p><\/p> <\/div><\/div><\/div><br \/>\n<div class=\"panel\"><div class=\"panel-heading\"><h3 class=\"panel-title\"><a class=\"accordion-toggle\" data-toggle=\"collapse\" data-parent=\"#accordion-0\" href=\"#collapse_1_Intervention-of-an-Interior-Decorator\">Intervenci\u00f3n de un Decorador de Interiores<\/a><\/h3><\/div><div id=\"collapse_1_Intervention-of-an-Interior-Decorator\" class=\"panel-collapse collapse\"><div class=\"panel-body\">\n<p>Todos nuestros dise\u00f1adores visuales 3D tambi\u00e9n son decoradores de interiores. Independientemente de la etapa en la que se encuentre su proyecto, pueden interpretarlo o complementarlo para cumplir perfectamente con sus expectativas. Puedes describir el estilo de decoraci\u00f3n deseado (contempor\u00e1neo, industrial, vintage, \u00e9tnico, escandinavo, r\u00fastico, capullo) o enviarnos im\u00e1genes de los muebles, objetos decorativos, texturas, iluminaci\u00f3n y colores que hayas elegido. Se asegurar\u00e1n de que su visi\u00f3n se traduzca con precisi\u00f3n en las representaciones 3D.<\/p>\n<p><\/p> <\/div><\/div><\/div><br \/>\n<div class=\"panel\"><div class=\"panel-heading\"><h3 class=\"panel-title\"><a class=\"accordion-toggle\" data-toggle=\"collapse\" data-parent=\"#accordion-0\" href=\"#collapse_2_Delivery-3-to-5-days\">Entrega: 3 a 5 d\u00edas<\/a><\/h3><\/div><div id=\"collapse_2_Delivery-3-to-5-days\" class=\"panel-collapse collapse\"><div class=\"panel-body\">\n<p>Una vez que recibamos sus documentos y sugerencias, recibir\u00e1 la propuesta de imagen 3D inicial dentro de 3 a 5 d\u00edas h\u00e1biles. Luego aplicaremos las correcciones que solicite dentro de las 24 horas h\u00e1biles.<\/p>\n<p><\/p> <\/div><\/div><\/div><br \/>\n<div class=\"panel\"><div class=\"panel-heading\"><h3 class=\"panel-title\"><a class=\"accordion-toggle\" data-toggle=\"collapse\" data-parent=\"#accordion-0\" href=\"#collapse_3_Delivery-of-Source-Files\">Entrega de archivos fuente<\/a><\/h3><\/div><div id=\"collapse_3_Delivery-of-Source-Files\" class=\"panel-collapse collapse\"><div class=\"panel-body\">\n<p>Conservas la autonom\u00eda. Siempre proporcionamos los archivos de origen, lo que le permite realizar los cambios que desee en sus im\u00e1genes 3D.<\/p>\n<p><\/p> <\/div><\/div><\/div><br \/>\n<div class=\"panel\"><div class=\"panel-heading\"><h3 class=\"panel-title\"><a class=\"accordion-toggle\" data-toggle=\"collapse\" data-parent=\"#accordion-0\" href=\"#collapse_4_A-Powerful-Commercial-Lever\">Una poderosa palanca comercial<\/a><\/h3><\/div><div id=\"collapse_4_A-Powerful-Commercial-Lever\" class=\"panel-collapse collapse\"><div class=\"panel-body\">\n<p>Impulse su negocio con herramientas poderosas<\/p>\n<p>Libere todo el potencial de su negocio con nuestras atractivas herramientas comerciales en 3D. Desde ventas fuera de plano y respuestas a ofertas hasta decoraci\u00f3n de casas, dise\u00f1o de interiores y comunicaci\u00f3n en redes sociales, ofrecemos una variedad de servicios atractivos a precios competitivos. Disfrute de las herramientas que marcan la diferencia y que lo diferenciar\u00e1n: perspectivas 3D, montajes fotogr\u00e1ficos, im\u00e1genes panor\u00e1micas de 360\u00b0, recorridos virtuales, vistas axonom\u00e9tricas y m\u00e1s.<\/p>\n<p><\/p> <\/div><\/div><\/div><br \/>\n<div class=\"panel\"><div class=\"panel-heading\"><h3 class=\"panel-title\"><a class=\"accordion-toggle\" data-toggle=\"collapse\" data-parent=\"#accordion-0\" href=\"#collapse_5_Optimize-Your-Time\">Optimice su tiempo<\/a><\/h3><\/div><div id=\"collapse_5_Optimize-Your-Time\" class=\"panel-collapse collapse\"><div class=\"panel-body\">\n<p>Conf\u00edenos la producci\u00f3n de sus im\u00e1genes 3D y conc\u00e9ntrese en su negocio principal y valor agregado. Como expertos en el uso de software 3D, a menudo logramos resultados que son tan buenos, si no mejores, que los que puede producir usted mismo, y a un precio m\u00e1s asequible.<\/p>\n<p><\/p> <\/div><\/div><\/div><br \/>\n<div class=\"panel\"><div class=\"panel-heading\"><h3 class=\"panel-title\"><a class=\"accordion-toggle\" data-toggle=\"collapse\" data-parent=\"#accordion-0\" href=\"#collapse_6_Tools\">Herramientas<\/a><\/h3><\/div><div id=\"collapse_6_Tools\" class=\"panel-collapse collapse\"><div class=\"panel-body\">\n<p>Nuestros artistas de perspectiva utilizan una amplia gama de herramientas inform\u00e1ticas para satisfacer todas sus necesidades de perspectivas 3D ultrarrealistas.<\/p>\n<p><\/p> <\/div><\/div><\/div>\n<p><\/p><\/div>\n\n\t\t<\/div>\n\t<\/div>\n<\/div><\/div><\/div><\/div>\n<\/section>","protected":false},"excerpt":{"rendered":"Preguntas Frecuentes (FAQ) Im\u00e1genes 3D Inmobiliarias Servicio de Im\u00e1genes 3D: Perspectivas 3D, Vistas 360\u00b0, Tours Virtuales... \u00bfC\u00f3mo Funciona? Realizar un pedido de im\u00e1genes en 3D es un proceso flexible y sencillo. As\u00ed es como funciona: Br\u00edndenos los materiales de su proyecto: esto incluye planos arquitect\u00f3nicos digitales como archivos de AutoCAD, planos dibujados a mano y\/o [...]","protected":false},"author":1,"featured_media":0,"parent":0,"menu_order":0,"comment_status":"closed","ping_status":"closed","template":"","meta":{"footnotes":""},"acf":[],"_links":{"self":[{"href":"https:\/\/dincarchitect.com\/es\/wp-json\/wp\/v2\/pages\/13566"}],"collection":[{"href":"https:\/\/dincarchitect.com\/es\/wp-json\/wp\/v2\/pages"}],"about":[{"href":"https:\/\/dincarchitect.com\/es\/wp-json\/wp\/v2\/types\/page"}],"author":[{"embeddable":true,"href":"https:\/\/dincarchitect.com\/es\/wp-json\/wp\/v2\/users\/1"}],"replies":[{"embeddable":true,"href":"https:\/\/dincarchitect.com\/es\/wp-json\/wp\/v2\/comments?post=13566"}],"version-history":[{"count":0,"href":"https:\/\/dincarchitect.com\/es\/wp-json\/wp\/v2\/pages\/13566\/revisions"}],"wp:attachment":[{"href":"https:\/\/dincarchitect.com\/es\/wp-json\/wp\/v2\/media?parent=13566"}],"curies":[{"name":"wp","href":"https:\/\/api.w.org\/{rel}","templated":true}]}}