{"id":13191,"date":"2023-06-12T00:00:29","date_gmt":"2023-06-12T00:00:29","guid":{"rendered":"https:\/\/themicart.com\/interico-wpb\/?page_id=13191"},"modified":"2023-06-17T13:03:05","modified_gmt":"2023-06-17T13:03:05","slug":"about-us","status":"publish","type":"page","link":"https:\/\/dincarchitect.com\/es\/sobre-nosotros\/","title":{"rendered":"Sobre nosotros"},"content":{"rendered":"<section class=\"wpb-content-wrapper\"><div data-vc-full-width=\"true\" data-vc-full-width-init=\"false\" class=\"vc_row wpb_row vc_row-fluid spaced-top\"><div class=\"wpb_column vc_column_container vc_col-sm-12\"><div class=\"vc_column-inner\"><div class=\"wpb_wrapper\">\n\t<div class=\"wpb_text_column wpb_content_element\" >\n\t\t<div class=\"wpb_wrapper\">\n\t\t\t<h2 style=\"text-align: center;\">En busca de dise\u00f1os arquitect\u00f3nicos elegantes<\/h2>\n\n\t\t<\/div>\n\t<\/div>\n<span class=\"subtitle dash-false style-dark text-center\">Conocernos<\/span><\/div><\/div><\/div><\/div><div class=\"vc_row-full-width vc_clearfix\"><\/div><div class=\"vc_row wpb_row vc_row-fluid mobile-pad-0 vc_custom_1686571886157 vc_row-o-equal-height vc_row-o-content-middle vc_row-flex\"><div class=\"wpb_column vc_column_container vc_col-sm-8 vc_hidden-sm vc_hidden-xs\"><div class=\"vc_column-inner\"><div class=\"wpb_wrapper\">\n\t<div  class=\"wpb_single_image wpb_content_element vc_align_left  vc_custom_1686908225578\">\n\t\t\n\t\t<figure class=\"wpb_wrapper vc_figure\">\n\t\t\t<a href=\"https:\/\/dincarchitect.com\/wp-content\/uploads\/2023\/06\/dastudio-abous-us-1024x644.jpg\" target=\"_self\" class=\"vc_single_image-wrapper   vc_box_border_grey\"><img decoding=\"async\" width=\"1240\" height=\"780\" src=\"https:\/\/dincarchitect.com\/wp-content\/uploads\/2023\/06\/dastudio-abous-us.jpg\" class=\"vc_single_image-img attachment-full\" alt=\"\" title=\"dastudio-abous-nosotros\" srcset=\"https:\/\/dincarchitect.com\/wp-content\/uploads\/2023\/06\/dastudio-abous-us.jpg 1240w, https:\/\/dincarchitect.com\/wp-content\/uploads\/2023\/06\/dastudio-abous-us-1024x644.jpg 1024w, https:\/\/dincarchitect.com\/wp-content\/uploads\/2023\/06\/dastudio-abous-us-768x483.jpg 768w, https:\/\/dincarchitect.com\/wp-content\/uploads\/2023\/06\/dastudio-abous-us-18x12.jpg 18w\" sizes=\"(max-width: 1240px) 100vw, 1240px\" \/><\/a>\n\t\t<\/figure>\n\t<\/div>\n<\/div><\/div><\/div><div class=\"wpb_column vc_column_container vc_col-sm-4\"><div class=\"vc_column-inner\"><div class=\"wpb_wrapper\"><div class=\"vc_row wpb_row vc_inner vc_row-fluid overlap-left\"><div class=\"shadow-box wpb_column vc_column_container vc_col-sm-12\"><div class=\"vc_column-inner\"><div class=\"wpb_wrapper\"><span class=\"subtitle dash-true style-dark text-default\">Estudio DA<\/span><div class=\"divider-light\"><\/div>\n\t<div class=\"wpb_text_column wpb_content_element\" >\n\t\t<div class=\"wpb_wrapper\">\n\t\t\t<div style=\"text-align: justify;\">\n<p>Nuestra empresa es un estudio de arquitectura exclusivo que opera en la c\u00faspide del elegante arte de la arquitectura. Dinc Bey, nacido en Francia, ha perfeccionado su experiencia a trav\u00e9s de t\u00edtulos universitarios duales de Paris Descartes y el departamento de Arquitectura en Turqu\u00eda. Como visionarios y emprendedores apasionados, hemos dado vida a nuestro propio estudio, ofreciendo servicios \u00fanicos y excepcionales en el campo de la arquitectura.<\/p>\n<\/div>\n\n\t\t<\/div>\n\t<\/div>\n<\/div><\/div><\/div><\/div><\/div><\/div><\/div><\/div><div class=\"vc_row wpb_row vc_row-fluid mobile-pad-0 vc_custom_1686571894333 vc_row-o-equal-height vc_row-o-content-middle vc_row-flex\"><div class=\"wpb_column vc_column_container vc_col-sm-4\"><div class=\"vc_column-inner\"><div class=\"wpb_wrapper\"><div class=\"vc_row wpb_row vc_inner vc_row-fluid overlap-right\"><div class=\"shadow-box wpb_column vc_column_container vc_col-sm-12\"><div class=\"vc_column-inner\"><div class=\"wpb_wrapper\"><span class=\"subtitle dash-true style-dark text-default\">Estudio DA<\/span><div class=\"divider-light\"><\/div>\n\t<div class=\"wpb_text_column wpb_content_element\" >\n\t\t<div class=\"wpb_wrapper\">\n\t\t\t<div style=\"text-align: justify;\">\n<p>Nos enorgullecemos de ser un equipo joven y din\u00e1mico formado por diez personas talentosas que sirven tanto en Francia como en Turqu\u00eda. Mientras que nuestro equipo franc\u00e9s se centra en la adquisici\u00f3n de clientes, nuestro equipo turco se dedica a dar rienda suelta a la creatividad y ejecutar proyectos con la m\u00e1xima precisi\u00f3n. En consecuencia, nuestros precios son competitivos, lo que refleja nuestro compromiso de brindar valor a nuestros clientes.<\/p>\n<\/div>\n\n\t\t<\/div>\n\t<\/div>\n<\/div><\/div><\/div><\/div><\/div><\/div><\/div><div class=\"wpb_column vc_column_container vc_col-sm-8 vc_hidden-sm vc_hidden-xs\"><div class=\"vc_column-inner\"><div class=\"wpb_wrapper\">\n\t<div  class=\"wpb_single_image wpb_content_element vc_align_left  vc_custom_1686925424961\">\n\t\t\n\t\t<figure class=\"wpb_wrapper vc_figure\">\n\t\t\t<a href=\"https:\/\/dincarchitect.com\/wp-content\/uploads\/2023\/06\/dastudio-team-1-1024x644.jpg\" target=\"_self\" class=\"vc_single_image-wrapper   vc_box_border_grey\"><img decoding=\"async\" width=\"1240\" height=\"780\" src=\"https:\/\/dincarchitect.com\/wp-content\/uploads\/2023\/06\/dastudio-team-1.jpg\" class=\"vc_single_image-img attachment-full\" alt=\"\" title=\"dastudio-equipo-1\" srcset=\"https:\/\/dincarchitect.com\/wp-content\/uploads\/2023\/06\/dastudio-team-1.jpg 1240w, https:\/\/dincarchitect.com\/wp-content\/uploads\/2023\/06\/dastudio-team-1-1024x644.jpg 1024w, https:\/\/dincarchitect.com\/wp-content\/uploads\/2023\/06\/dastudio-team-1-768x483.jpg 768w, https:\/\/dincarchitect.com\/wp-content\/uploads\/2023\/06\/dastudio-team-1-18x12.jpg 18w\" sizes=\"(max-width: 1240px) 100vw, 1240px\" \/><\/a>\n\t\t<\/figure>\n\t<\/div>\n<\/div><\/div><\/div><\/div><div class=\"vc_row wpb_row vc_row-fluid mobile-pad-0 vc_custom_1686571900653 vc_row-o-equal-height vc_row-o-content-middle vc_row-flex\"><div class=\"wpb_column vc_column_container vc_col-sm-8 vc_hidden-sm vc_hidden-xs\"><div class=\"vc_column-inner\"><div class=\"wpb_wrapper\">\n\t<div  class=\"wpb_single_image wpb_content_element vc_align_left  vc_custom_1686925950678\">\n\t\t\n\t\t<figure class=\"wpb_wrapper vc_figure\">\n\t\t\t<a href=\"https:\/\/dincarchitect.com\/wp-content\/uploads\/2023\/06\/dastudio-team-2-1024x644.jpg\" target=\"_self\" class=\"vc_single_image-wrapper   vc_box_border_grey\"><img decoding=\"async\" width=\"1240\" height=\"780\" src=\"https:\/\/dincarchitect.com\/wp-content\/uploads\/2023\/06\/dastudio-team-2.jpg\" class=\"vc_single_image-img attachment-full\" alt=\"\" title=\"dastudio-equipo-2\" srcset=\"https:\/\/dincarchitect.com\/wp-content\/uploads\/2023\/06\/dastudio-team-2.jpg 1240w, https:\/\/dincarchitect.com\/wp-content\/uploads\/2023\/06\/dastudio-team-2-1024x644.jpg 1024w, https:\/\/dincarchitect.com\/wp-content\/uploads\/2023\/06\/dastudio-team-2-768x483.jpg 768w, https:\/\/dincarchitect.com\/wp-content\/uploads\/2023\/06\/dastudio-team-2-18x12.jpg 18w\" sizes=\"(max-width: 1240px) 100vw, 1240px\" \/><\/a>\n\t\t<\/figure>\n\t<\/div>\n<\/div><\/div><\/div><div class=\"wpb_column vc_column_container vc_col-sm-4\"><div class=\"vc_column-inner\"><div class=\"wpb_wrapper\"><div class=\"vc_row wpb_row vc_inner vc_row-fluid overlap-left\"><div class=\"shadow-box wpb_column vc_column_container vc_col-sm-12\"><div class=\"vc_column-inner\"><div class=\"wpb_wrapper\"><span class=\"subtitle dash-true style-dark text-default\">Estudio DA<\/span><div class=\"divider-light\"><\/div>\n\t<div class=\"wpb_text_column wpb_content_element\" >\n\t\t<div class=\"wpb_wrapper\">\n\t\t\t<div style=\"text-align: justify;\">\n<p>Como equipo, adoptamos un enfoque personalizado para cada proyecto que emprendemos. Creamos dise\u00f1os que exudan excelencia est\u00e9tica al tiempo que incorporan funcionalidad y abordan los requisitos espec\u00edficos de nuestros clientes. Nuestro minucioso trabajo tiene como objetivo transformar los sue\u00f1os de nuestros clientes en realidad, aprovechando las \u00faltimas tecnolog\u00edas para infundir innovaci\u00f3n en nuestros proyectos.<\/p>\n<\/div>\n\n\t\t<\/div>\n\t<\/div>\n<\/div><\/div><\/div><\/div><\/div><\/div><\/div><\/div><div class=\"vc_row wpb_row vc_row-fluid mobile-pad-0 vc_custom_1686571907125 vc_row-o-equal-height vc_row-o-content-middle vc_row-flex\"><div class=\"wpb_column vc_column_container vc_col-sm-4\"><div class=\"vc_column-inner\"><div class=\"wpb_wrapper\"><div class=\"vc_row wpb_row vc_inner vc_row-fluid overlap-right\"><div class=\"shadow-box wpb_column vc_column_container vc_col-sm-12\"><div class=\"vc_column-inner\"><div class=\"wpb_wrapper\"><span class=\"subtitle dash-true style-dark text-default\">Estudio DA<\/span><div class=\"divider-light\"><\/div>\n\t<div class=\"wpb_text_column wpb_content_element\" >\n\t\t<div class=\"wpb_wrapper\">\n\t\t\t<div style=\"text-align: justify;\">\n<p>Con una dilatada experiencia y una pasi\u00f3n inquebrantable, nuestro equipo est\u00e1 especializado en proyectos de arquitectura y mantiene una estrecha colaboraci\u00f3n con nuestros clientes en todas las etapas. Comprender su historia, necesidades y expectativas es de suma importancia para nosotros. Con nuestro enfoque profesional y dise\u00f1os \u00fanicos, nos esforzamos por dar vida a sus espacios imaginados.<\/p>\n<\/div>\n\n\t\t<\/div>\n\t<\/div>\n<\/div><\/div><\/div><\/div><\/div><\/div><\/div><div class=\"wpb_column vc_column_container vc_col-sm-8 vc_hidden-sm vc_hidden-xs\"><div class=\"vc_column-inner\"><div class=\"wpb_wrapper\">\n\t<div  class=\"wpb_single_image wpb_content_element vc_align_left  vc_custom_1686926031639\">\n\t\t\n\t\t<figure class=\"wpb_wrapper vc_figure\">\n\t\t\t<a href=\"https:\/\/dincarchitect.com\/wp-content\/uploads\/2023\/06\/dastudio-team-4-1024x644.jpg\" target=\"_self\" class=\"vc_single_image-wrapper   vc_box_border_grey\"><img decoding=\"async\" width=\"1240\" height=\"780\" src=\"https:\/\/dincarchitect.com\/wp-content\/uploads\/2023\/06\/dastudio-team-4.jpg\" class=\"vc_single_image-img attachment-full\" alt=\"\" title=\"dastudio-equipo-4\" srcset=\"https:\/\/dincarchitect.com\/wp-content\/uploads\/2023\/06\/dastudio-team-4.jpg 1240w, https:\/\/dincarchitect.com\/wp-content\/uploads\/2023\/06\/dastudio-team-4-1024x644.jpg 1024w, https:\/\/dincarchitect.com\/wp-content\/uploads\/2023\/06\/dastudio-team-4-768x483.jpg 768w, https:\/\/dincarchitect.com\/wp-content\/uploads\/2023\/06\/dastudio-team-4-18x12.jpg 18w\" sizes=\"(max-width: 1240px) 100vw, 1240px\" \/><\/a>\n\t\t<\/figure>\n\t<\/div>\n<\/div><\/div><\/div><\/div><div class=\"vc_row wpb_row vc_row-fluid mobile-pad-0 vc_custom_1686571914605 vc_row-o-equal-height vc_row-o-content-middle vc_row-flex\"><div class=\"wpb_column vc_column_container vc_col-sm-8 vc_hidden-sm vc_hidden-xs\"><div class=\"vc_column-inner\"><div class=\"wpb_wrapper\">\n\t<div  class=\"wpb_single_image wpb_content_element vc_align_left  vc_custom_1686919831190\">\n\t\t\n\t\t<figure class=\"wpb_wrapper vc_figure\">\n\t\t\t<a href=\"https:\/\/dincarchitect.com\/wp-content\/uploads\/2023\/06\/dastudio-team-3-1024x644.jpg\" target=\"_self\" class=\"vc_single_image-wrapper   vc_box_border_grey\"><img decoding=\"async\" width=\"1240\" height=\"780\" src=\"https:\/\/dincarchitect.com\/wp-content\/uploads\/2023\/06\/dastudio-team-3.jpg\" class=\"vc_single_image-img attachment-full\" alt=\"\" title=\"dastudio-equipo-3\" srcset=\"https:\/\/dincarchitect.com\/wp-content\/uploads\/2023\/06\/dastudio-team-3.jpg 1240w, https:\/\/dincarchitect.com\/wp-content\/uploads\/2023\/06\/dastudio-team-3-1024x644.jpg 1024w, https:\/\/dincarchitect.com\/wp-content\/uploads\/2023\/06\/dastudio-team-3-768x483.jpg 768w, https:\/\/dincarchitect.com\/wp-content\/uploads\/2023\/06\/dastudio-team-3-18x12.jpg 18w\" sizes=\"(max-width: 1240px) 100vw, 1240px\" \/><\/a>\n\t\t<\/figure>\n\t<\/div>\n<\/div><\/div><\/div><div class=\"wpb_column vc_column_container vc_col-sm-4\"><div class=\"vc_column-inner\"><div class=\"wpb_wrapper\"><div class=\"vc_row wpb_row vc_inner vc_row-fluid overlap-left\"><div class=\"shadow-box wpb_column vc_column_container vc_col-sm-12\"><div class=\"vc_column-inner\"><div class=\"wpb_wrapper\"><span class=\"subtitle dash-true style-dark text-default\">Estudio DA<\/span><div class=\"divider-light\"><\/div>\n\t<div class=\"wpb_text_column wpb_content_element\" >\n\t\t<div class=\"wpb_wrapper\">\n\t\t\t<div style=\"text-align: justify;\">\n<p>Cada proyecto que tiene importancia para usted recibe nuestra m\u00e1xima atenci\u00f3n. Aprovechando nuestras habilidades arquitect\u00f3nicas, creatividad y experiencia, planificamos meticulosamente cada detalle, garantizando la calidad en cada etapa de su proyecto.<\/p>\n<p>Nos enorgullece enormemente seguir el camino de los dise\u00f1os arquitect\u00f3nicos elegantes e impactantes al mismo tiempo que garantizamos la satisfacci\u00f3n de nuestros clientes. Estamos ansiosos por trabajar para transportarlo al espacio de sus sue\u00f1os. \u00a1Emprendamos este viaje juntos!<\/p>\n<\/div>\n\n\t\t<\/div>\n\t<\/div>\n\n\t<div class=\"wpb_raw_code wpb_content_element wpb_raw_html\" >\n\t\t<div class=\"wpb_wrapper\">\n\t\t\t<link href=\"https:\/\/fonts.googleapis.com\/css2?family=Great+Vibes&display=swap\" rel=\"stylesheet\">\n<style>\n  .signature {\n    font-family: 'Great Vibes', cursive;\n    font-size: 24px;\n    color: #e37218;\n    text-align: center;\n  }\n<\/style>\n\n<div style=\"display: flex; justify-content: center;\">\n  <span class=\"signature\">Kubilay Din\u00e7<\/span>\n<\/div>\n\n\n\t\t<\/div>\n\t<\/div>\n<\/div><\/div><\/div><\/div><\/div><\/div><\/div><\/div>\n<\/section>","protected":false},"excerpt":{"rendered":"In Pursuit of Elegant Architectural Designs Get to Know Us DA Studio Our company is an exclusive architectural firm that operates at the pinnacle of the elegant art of architecture. Dinc Bey, born in France, has honed his expertise through dual university degrees from Paris Descartes and the Architecture department in Turkey. As passionate visionaries [...]","protected":false},"author":1,"featured_media":0,"parent":0,"menu_order":0,"comment_status":"closed","ping_status":"closed","template":"","meta":{"footnotes":""},"acf":[],"_links":{"self":[{"href":"https:\/\/dincarchitect.com\/es\/wp-json\/wp\/v2\/pages\/13191"}],"collection":[{"href":"https:\/\/dincarchitect.com\/es\/wp-json\/wp\/v2\/pages"}],"about":[{"href":"https:\/\/dincarchitect.com\/es\/wp-json\/wp\/v2\/types\/page"}],"author":[{"embeddable":true,"href":"https:\/\/dincarchitect.com\/es\/wp-json\/wp\/v2\/users\/1"}],"replies":[{"embeddable":true,"href":"https:\/\/dincarchitect.com\/es\/wp-json\/wp\/v2\/comments?post=13191"}],"version-history":[{"count":0,"href":"https:\/\/dincarchitect.com\/es\/wp-json\/wp\/v2\/pages\/13191\/revisions"}],"wp:attachment":[{"href":"https:\/\/dincarchitect.com\/es\/wp-json\/wp\/v2\/media?parent=13191"}],"curies":[{"name":"wp","href":"https:\/\/api.w.org\/{rel}","templated":true}]}}