{"id":22,"date":"2023-06-12T00:00:24","date_gmt":"2023-06-12T00:00:24","guid":{"rendered":"https:\/\/themicart.com\/interico-wp\/?page_id=22"},"modified":"2023-06-20T04:18:25","modified_gmt":"2023-06-20T04:18:25","slug":"client-experiences","status":"publish","type":"page","link":"https:\/\/dincarchitect.com\/de\/kundenerfahrungen\/","title":{"rendered":"Kundenerfahrungen"},"content":{"rendered":"<section class=\"wpb-content-wrapper\"><div data-vc-full-width=\"true\" data-vc-full-width-init=\"false\" class=\"vc_row wpb_row vc_row-fluid spaced vc_custom_1687234702014 vc_row-has-fill\"><div class=\"wpb_column vc_column_container vc_col-sm-6\"><div class=\"vc_column-inner\"><div class=\"wpb_wrapper\"><span class=\"subtitle dash-true style-light text-default\">100% Echte Rezensionen<\/span>\n\t<div class=\"wpb_text_column wpb_content_element\" >\n\t\t<div class=\"wpb_wrapper\">\n\t\t\t<h4 style=\"text-align: left;\"><span style=\"color: #ffffff;\"><strong><img decoding=\"async\" class=\"wp-image-13552 alignleft\" src=\"https:\/\/dincarchitect.com\/wp-content\/uploads\/2023\/06\/dincarchitect-customer.png\" alt=\"\" width=\"102\" height=\"102\" srcset=\"https:\/\/dincarchitect.com\/wp-content\/uploads\/2023\/06\/dincarchitect-customer.png 240w, https:\/\/dincarchitect.com\/wp-content\/uploads\/2023\/06\/dincarchitect-customer-150x150.png 150w, https:\/\/dincarchitect.com\/wp-content\/uploads\/2023\/06\/dincarchitect-customer-72x72.png 72w\" sizes=\"(max-width: 102px) 100vw, 102px\" \/><\/strong><strong>Bei uns bleiben Sie entweder zufrieden oder Sie bekommen Ihr Geld zur\u00fcckerstattet.<\/strong><\/span><\/h4>\n<h4 style=\"text-align: left;\"><span style=\"color: #ffffff;\"><strong>Wir sind hier, um Sie gl\u00fccklich zu machen!<\/strong><\/span><\/h4>\n<h2 style=\"text-align: left;\"><span style=\"color: #ffffff;\">Gesamtbewertung 4,9\/5<\/span><\/h2>\n\n\t\t<\/div>\n\t<\/div>\n<\/div><\/div><\/div><div class=\"wpb_column vc_column_container vc_col-sm-6\"><div class=\"vc_column-inner\"><div class=\"wpb_wrapper\">\n\t<div class=\"wpb_text_column wpb_content_element\" >\n\t\t<div class=\"wpb_wrapper\">\n\t\t\t<p><span style=\"color: #ffffff;\">Wir legen Wert auf Kundenfeedback und akzeptieren nur Bewertungen von Kunden, die tats\u00e4chlich eine Bestellung bei uns aufgegeben haben. <\/span><br \/>\n<span style=\"color: #ffffff;\">Unsere Priorit\u00e4t ist Ihre Zufriedenheit. Wenn Sie aus irgendeinem Grund mit unseren Dienstleistungen nicht zufrieden sind, bieten wir eine Geld-zur\u00fcck-Garantie. <\/span><br \/>\n<span style=\"color: #ffffff;\">Unser Ziel ist es, Sie gl\u00fccklich zu machen, und unsere Bewertungen spiegeln die echten Erfahrungen unserer Kunden wider. <\/span><br \/>\n<span style=\"color: #ffffff;\">Mit einer Gesamtbewertung von 4,9\/5 k\u00f6nnen Sie der Qualit\u00e4t und Zuverl\u00e4ssigkeit unserer Dienstleistungen vertrauen. <\/span><br \/>\n<span style=\"color: #ffffff;\">W\u00e4hlen Sie DincArchitect und erleben Sie herausragende Architekturgestaltung.<\/span><\/p>\n\n\t\t<\/div>\n\t<\/div>\n\n\t<div class=\"wpb_text_column wpb_content_element\" >\n\t\t<div class=\"wpb_wrapper\">\n\t\t\t\n\t\t<\/div>\n\t<\/div>\n<\/div><\/div><\/div><\/div><div class=\"vc_row-full-width vc_clearfix\"><\/div><div class=\"vc_row wpb_row vc_row-fluid\"><div class=\"wpb_column vc_column_container vc_col-sm-12\"><div class=\"vc_column-inner\"><div class=\"wpb_wrapper\"><div class=\"testimonial image-left testimonial-light spacing-30\"><div class=\"content-box\"><div class=\"content-box-info\"><div class=\"profile\"><img decoding=\"async\" src=\"https:\/\/dincarchitect.com\/wp-content\/uploads\/2016\/08\/150x150-150x150.png\" alt=\"Patrick Y.\"><p class=\"name\">Patrick Y.<\/p><p class=\"company\">Architekt<\/p><\/div><div class=\"testimonial-content\"><p class=\"testimonial-headline\">Professionalit\u00e4t, Expertenwissen und Respekt vor dem Budget \u2013 sehr zu empfehlen!<\/p><p>Vielen Dank f\u00fcr Ihre Professionalit\u00e4t, Ihre wertvollen Erkenntnisse und vor allem daf\u00fcr, dass Sie mein Budget und meine Ideen respektieren. Ihr Team ist hervorragend in der Bereitstellung von 3D-Visualisierungen. Ich werde Ihre Dienste auf jeden Fall jedem empfehlen, der auf der Suche nach einem gro\u00dfartigen Architekten ist.<\/p><\/div><\/div><\/div><\/div><div class=\"testimonial image-left testimonial-light spacing-30\"><div class=\"content-box\"><div class=\"content-box-info\"><div class=\"profile\"><img decoding=\"async\" src=\"https:\/\/dincarchitect.com\/wp-content\/uploads\/2016\/08\/150x150-150x150.png\" alt=\"Pierre F.\"><p class=\"name\">Pierre F.<\/p><p class=\"company\">Entwickler<\/p><\/div><div class=\"testimonial-content\"><p class=\"testimonial-headline\">Prompt auf meine Bed\u00fcrfnisse eingegangen<\/p><p>Mein Projekt: Gemeinsam haben wir den Eingang meiner Wohnung umgestaltet. Sie sind schnell auf meine Bed\u00fcrfnisse eingegangen und haben meine Erwartungen \u00fcbertroffen. Vielen Dank!<\/p><\/div><\/div><\/div><\/div><div class=\"testimonial image-left testimonial-light spacing-30\"><div class=\"content-box\"><div class=\"content-box-info\"><div class=\"profile\"><img decoding=\"async\" src=\"https:\/\/dincarchitect.com\/wp-content\/uploads\/2016\/08\/150x150-150x150.png\" alt=\"C\u00e9line M.\"><p class=\"name\">C\u00e9line M.<\/p><p class=\"company\">Architekt<\/p><\/div><div class=\"testimonial-content\"><p class=\"testimonial-headline\">Hochprofessionell \ud83d\udc4d<\/p><p>Hochprofessionell \ud83d\udc4d<\/p><\/div><\/div><\/div><\/div><div class=\"testimonial image-left testimonial-light spacing-30\"><div class=\"content-box\"><div class=\"content-box-info\"><div class=\"profile\"><img decoding=\"async\" src=\"https:\/\/dincarchitect.com\/wp-content\/uploads\/2016\/08\/150x150-150x150.png\" alt=\"Blandine D.\"><p class=\"name\">Blandine D.<\/p><p class=\"company\">Klient<\/p><\/div><div class=\"testimonial-content\"><p class=\"testimonial-headline\">Au\u00dfergew\u00f6hnlicher Service und Ergebnisse: Unsere Erfahrung mit DA Studio<\/p><p>Wir haben uns f\u00fcr die Zusammenarbeit mit DA Studio f\u00fcr unsere Renovierungspl\u00e4ne entschieden. Sie h\u00f6rten uns aufmerksam zu, lieferten aufschlussreiche Vorschl\u00e4ge und erwiesen sich als \u00e4u\u00dferst effizient. Wir waren mit den erhaltenen Pl\u00e4nen rundum zufrieden, was unseren weiteren Planungsprozess enorm erleichtert hat. Ich kann sie uneingeschr\u00e4nkt und ohne zu z\u00f6gern weiterempfehlen! Vielen Dank, DA Studio!\r\n\r\n&nbsp;<\/p><\/div><\/div><\/div><\/div><div class=\"testimonial image-left testimonial-light spacing-30\"><div class=\"content-box\"><div class=\"content-box-info\"><div class=\"profile\"><img decoding=\"async\" src=\"https:\/\/dincarchitect.com\/wp-content\/uploads\/2016\/08\/150x150-150x150.png\" alt=\"Julie A.\"><p class=\"name\">Julie A.<\/p><p class=\"company\">Architekt<\/p><\/div><div class=\"testimonial-content\"><p class=\"testimonial-headline\">Ich bin mit dem Ergebnis rundum zufrieden.<\/p><p>Ich bin mit dem Ergebnis rundum zufrieden. Sie haben alle Probleme umgehend angesprochen und gel\u00f6st. Gut gemacht und vielen Dank!<\/p><\/div><\/div><\/div><\/div><div class=\"testimonial image-left testimonial-light spacing-30\"><div class=\"content-box\"><div class=\"content-box-info\"><div class=\"profile\"><img decoding=\"async\" src=\"https:\/\/dincarchitect.com\/wp-content\/uploads\/2016\/08\/150x150-150x150.png\" alt=\"Promoter C.\"><p class=\"name\">Promoter C.<\/p><p class=\"company\">Promoter<\/p><\/div><div class=\"testimonial-content\"><p class=\"testimonial-headline\">Eine schnelle und effiziente Arbeit<\/p><p>Eine schnelle und effiziente Arbeit, die ich w\u00e4rmstens empfehlen kann!<\/p><\/div><\/div><\/div><\/div><div class=\"testimonial image-left testimonial-light spacing-30\"><div class=\"content-box\"><div class=\"content-box-info\"><div class=\"profile\"><img decoding=\"async\" src=\"https:\/\/dincarchitect.com\/wp-content\/uploads\/2016\/08\/150x150-150x150.png\" alt=\"Ugur Y.\"><p class=\"name\">Ugur Y.<\/p><p class=\"company\">Dienstleister<\/p><\/div><div class=\"testimonial-content\"><p class=\"testimonial-headline\">Seine F\u00e4higkeiten in der 3D-Architekturanimation sind herausragend<\/p><p>Die Antwort war unglaublich schnell und ich verstand genau, was ich brauchte, auch wenn ich mich nicht sehr gut ausdr\u00fccken konnte. Es hat in kurzer Zeit hervorragende Arbeit geleistet. Ich bin \u00e4u\u00dferst zufrieden mit seiner Geduld, Kreativit\u00e4t und seinem Engagement f\u00fcr unser Projekt. Seine F\u00e4higkeiten in der 3D-Architekturanimation sind herausragend. Ich empfehle es sehr! (Ps: Es war offen f\u00fcr \u00dcberarbeitungen, \u00c4nderungen usw.)<\/p><\/div><\/div><\/div><\/div><div class=\"testimonial image-left testimonial-light spacing-30\"><div class=\"content-box\"><div class=\"content-box-info\"><div class=\"profile\"><img decoding=\"async\" src=\"https:\/\/dincarchitect.com\/wp-content\/uploads\/2016\/08\/150x150-150x150.png\" alt=\"Michael T.\"><p class=\"name\">Michael T.<\/p><p class=\"company\">Architekt<\/p><\/div><div class=\"testimonial-content\"><p class=\"testimonial-headline\">Seri\u00f6s und verantwortungsbewusst, ich kann es jedem empfehlen!<\/p><p>Seri\u00f6s und verantwortungsbewusst, ich kann es jedem empfehlen!<\/p><\/div><\/div><\/div><\/div><div class=\"testimonial image-left testimonial-light spacing-30\"><div class=\"content-box\"><div class=\"content-box-info\"><div class=\"profile\"><img decoding=\"async\" src=\"https:\/\/dincarchitect.com\/wp-content\/uploads\/2016\/08\/150x150-150x150.png\" alt=\"Karim B.\"><p class=\"name\">Karim B.<\/p><p class=\"company\">Architekt<\/p><\/div><div class=\"testimonial-content\"><p class=\"testimonial-headline\">Wirklich toller Architekt!<\/p><p>Die Aufteilung unserer Wohnungen hat uns sehr gut gefallen, ein wirklich toller Architekt! \ud83d\udc4d\ud83d\udc4d\ud83d\udc4d<\/p><\/div><\/div><\/div><\/div><div class=\"testimonial image-left testimonial-light spacing-30\"><div class=\"content-box\"><div class=\"content-box-info\"><div class=\"profile\"><img decoding=\"async\" src=\"https:\/\/dincarchitect.com\/wp-content\/uploads\/2016\/08\/150x150-150x150.png\" alt=\"Zeynep C.\"><p class=\"name\">Zeynep C.<\/p><p class=\"company\">Architekt<\/p><\/div><div class=\"testimonial-content\"><p class=\"testimonial-headline\">Professionelles und qualitativ hochwertiges Unternehmen<\/p><p>Professionelles und qualitativ hochwertiges Unternehmen. Ich kann sie w\u00e4rmstens empfehlen.<\/p><\/div><\/div><\/div><\/div><div class=\"testimonial image-left testimonial-light spacing-30\"><div class=\"content-box\"><div class=\"content-box-info\"><div class=\"profile\"><img decoding=\"async\" src=\"https:\/\/dincarchitect.com\/wp-content\/uploads\/2016\/08\/150x150-150x150.png\" alt=\"Amelie P.\"><p class=\"name\">Amelie P.<\/p><p class=\"company\">Architekt<\/p><\/div><div class=\"testimonial-content\"><p class=\"testimonial-headline\"> Ich wurde nicht entt\u00e4uscht.<\/p><p>DA Studio lieferte nicht nur ein hervorragendes Preis-Leistungs-Verh\u00e4ltnis, sondern erzielte auch ein \u00e4u\u00dferst zufriedenstellendes Ergebnis. Ich kann ihre Dienste w\u00e4rmstens empfehlen, da sie alle Erwartungen erf\u00fcllt und \u00fcbertroffen haben. Ich wurde nicht entt\u00e4uscht.<\/p><\/div><\/div><\/div><\/div><\/div><\/div><\/div><\/div>\n<\/section>","protected":false},"excerpt":{"rendered":"100% Echte Bewertungen Bei uns bleiben Sie entweder zufrieden oder Sie bekommen Ihr Geld zur\u00fcck. Wir sind hier, um Sie gl\u00fccklich zu machen! Gesamtbewertung 4,9\/5 Wir legen Wert auf Kundenfeedback und akzeptieren nur Bewertungen von Kunden, die tats\u00e4chlich eine Bestellung bei uns aufgegeben haben. Unsere Priorit\u00e4t ist Ihre Zufriedenheit, und wenn Sie aus irgendeinem Grund nicht zufrieden sind [...]","protected":false},"author":1,"featured_media":0,"parent":0,"menu_order":0,"comment_status":"closed","ping_status":"closed","template":"","meta":{"footnotes":""},"acf":[],"_links":{"self":[{"href":"https:\/\/dincarchitect.com\/de\/wp-json\/wp\/v2\/pages\/22"}],"collection":[{"href":"https:\/\/dincarchitect.com\/de\/wp-json\/wp\/v2\/pages"}],"about":[{"href":"https:\/\/dincarchitect.com\/de\/wp-json\/wp\/v2\/types\/page"}],"author":[{"embeddable":true,"href":"https:\/\/dincarchitect.com\/de\/wp-json\/wp\/v2\/users\/1"}],"replies":[{"embeddable":true,"href":"https:\/\/dincarchitect.com\/de\/wp-json\/wp\/v2\/comments?post=22"}],"version-history":[{"count":0,"href":"https:\/\/dincarchitect.com\/de\/wp-json\/wp\/v2\/pages\/22\/revisions"}],"wp:attachment":[{"href":"https:\/\/dincarchitect.com\/de\/wp-json\/wp\/v2\/media?parent=22"}],"curies":[{"name":"wp","href":"https:\/\/api.w.org\/{rel}","templated":true}]}}