{"id":14208,"date":"2023-06-12T21:49:06","date_gmt":"2023-06-12T21:49:06","guid":{"rendered":"https:\/\/dincarchitect.com\/?page_id=14208"},"modified":"2023-06-12T21:53:53","modified_gmt":"2023-06-12T21:53:53","slug":"cookie-policy","status":"publish","type":"page","link":"https:\/\/dincarchitect.com\/de\/cookie-richtlinie\/","title":{"rendered":"Cookie-Richtlinie"},"content":{"rendered":"<section class=\"wpb-content-wrapper\"><div class=\"vc_row wpb_row vc_row-fluid vc_custom_1686439582595\"><div class=\"wpb_column vc_column_container vc_col-sm-12\"><div class=\"vc_column-inner\"><div class=\"wpb_wrapper\"><span class=\"subtitle dash-true style-dark text-default\">dincarchitect.com<\/span>\n\t<div class=\"wpb_text_column wpb_content_element\" >\n\t\t<div class=\"wpb_wrapper\">\n\t\t\t<h2 style=\"text-align: center;\">Cookie-Richtlinie<\/h2>\n\n\t\t<\/div>\n\t<\/div>\n<\/div><\/div><\/div><\/div><div class=\"vc_row wpb_row vc_row-fluid vc_custom_1686439565266\"><div class=\"wpb_column vc_column_container vc_col-sm-12\"><div class=\"vc_column-inner\"><div class=\"wpb_wrapper\">\n\t<div class=\"wpb_text_column wpb_content_element\" >\n\t\t<div class=\"wpb_wrapper\">\n\t\t\t<p><strong>COOKIE-RICHTLINIE<\/strong><\/p>\n<p>Diese Cookie-Richtlinie (\u201eRichtlinie\u201c) gilt f\u00fcr die von DA Studio (\u201eUnternehmen\u201c) betriebene Website https:\/\/dincarchitect.com\/ (\u201eWebsite\u201c). In dieser Richtlinie wird erl\u00e4utert, wie das Unternehmen Cookies und \u00e4hnliche Technologien verwendet, um Informationen zu sammeln und zu speichern, wenn Sie die Website besuchen.<\/p>\n<p><strong>1. Was sind Cookies?<\/strong><\/p>\n<p>Cookies sind kleine Textdateien, die auf Ihrem Ger\u00e4t (Computer, Smartphone, Tablet) abgelegt werden, wenn Sie eine Website besuchen. Sie helfen dem Unternehmen, die Funktionalit\u00e4t und Benutzererfahrung der Website zu verbessern. Cookies k\u00f6nnen Informationen \u00fcber Ihr Ger\u00e4t und Ihre Surfaktivit\u00e4ten sammeln und speichern.<\/p>\n<p><strong>2. Arten der verwendeten Cookies<\/strong><\/p>\n<p>Das Unternehmen verwendet auf der Website die folgenden Arten von Cookies:<\/p>\n<p>Unbedingt notwendige Cookies: Diese Cookies sind f\u00fcr den Betrieb der Website unerl\u00e4sslich und erm\u00f6glichen Ihnen die Navigation und Nutzung ihrer Funktionen.<\/p>\n<p>Leistungscookies: Diese Cookies sammeln anonyme Informationen dar\u00fcber, wie Besucher die Website nutzen, z. B. die Anzahl der Besucher, die besuchten Seiten und die Quelle des Datenverkehrs. Diese Informationen helfen dem Unternehmen, die Leistung der Website zu verbessern.<\/p>\n<p>Funktionalit\u00e4ts-Cookies: Diese Cookies erm\u00f6glichen es der Website, sich an Ihre Pr\u00e4ferenzen zu erinnern und erweiterte Funktionen wie personalisierte Einstellungen und gespeicherte Pr\u00e4ferenzen bereitzustellen.<\/p>\n<p><strong>3. Cookies von Drittanbietern<\/strong><\/p>\n<p>Das Unternehmen kann auch Drittanbietern gestatten, Cookies auf der Website zu platzieren, um Analysen durchzuf\u00fchren, Werbung bereitzustellen und zus\u00e4tzliche Funktionen anzubieten. Diese Dritten haben ihre eigenen Datenschutzrichtlinien und das Unternehmen hat keine Kontrolle \u00fcber ihre Cookies. Wir empfehlen, die jeweiligen Datenschutzrichtlinien dieser Dritten zu pr\u00fcfen.<\/p>\n<p><strong>4. Cookie-Verwaltung<\/strong><\/p>\n<p>Durch die Nutzung der Website stimmen Sie der Verwendung von Cookies wie in dieser Richtlinie beschrieben zu. Sie haben die M\u00f6glichkeit, Cookies \u00fcber Ihre Browsereinstellungen zu verwalten oder zu deaktivieren. Bitte beachten Sie jedoch, dass die Deaktivierung bestimmter Cookies die Funktionalit\u00e4t und Benutzererfahrung der Website beeintr\u00e4chtigen kann.<\/p>\n<p><strong>5. Kontaktinformationen<\/strong><\/p>\n<p>Wenn Sie Fragen oder Bedenken bez\u00fcglich dieser Cookie-Richtlinie oder der Verwendung von Cookies durch das Unternehmen haben, kontaktieren Sie uns bitte unter:<\/p>\n<p>Email: <a href=\"mailto:info@dincarchitect.com\">info@dincarchitect.com<\/a><br \/>\nTelefon: <a href=\"tel: 33761122801\">+33 7 61 12 28 01<\/a><\/p>\n<p><strong>6. \u00c4nderungen der Richtlinie<\/strong><\/p>\n<p>Das Unternehmen kann diese Cookie-Richtlinie von Zeit zu Zeit aktualisieren. Alle \u00c4nderungen werden auf der Website ver\u00f6ffentlicht und Ihre fortgesetzte Nutzung der Website nach der Ver\u00f6ffentlichung etwaiger \u00c4nderungen stellt Ihr Einverst\u00e4ndnis mit diesen \u00c4nderungen dar.<\/p>\n\n\t\t<\/div>\n\t<\/div>\n<\/div><\/div><\/div><\/div>\n<\/section>","protected":false},"excerpt":{"rendered":"dincarchitect.com Cookie-Richtlinie COOKIE-RICHTLINIE Diese Cookie-Richtlinie (\u201eRichtlinie\u201c) gilt f\u00fcr die von DA Studio (\u201eUnternehmen\u201c) betriebene Website https:\/\/dincarchitect.com\/ (\u201eWebsite\u201c). Diese Richtlinie erl\u00e4utert, wie das Unternehmen Cookies und \u00e4hnliche Technologien verwendet, um Informationen zu sammeln und zu speichern, wenn Sie die Website besuchen. 1. Was sind Cookies? Cookies sind kleine Textdateien, die auf Ihrem Computer abgelegt werden [...]","protected":false},"author":1,"featured_media":0,"parent":0,"menu_order":0,"comment_status":"closed","ping_status":"closed","template":"","meta":{"footnotes":""},"acf":[],"_links":{"self":[{"href":"https:\/\/dincarchitect.com\/de\/wp-json\/wp\/v2\/pages\/14208"}],"collection":[{"href":"https:\/\/dincarchitect.com\/de\/wp-json\/wp\/v2\/pages"}],"about":[{"href":"https:\/\/dincarchitect.com\/de\/wp-json\/wp\/v2\/types\/page"}],"author":[{"embeddable":true,"href":"https:\/\/dincarchitect.com\/de\/wp-json\/wp\/v2\/users\/1"}],"replies":[{"embeddable":true,"href":"https:\/\/dincarchitect.com\/de\/wp-json\/wp\/v2\/comments?post=14208"}],"version-history":[{"count":0,"href":"https:\/\/dincarchitect.com\/de\/wp-json\/wp\/v2\/pages\/14208\/revisions"}],"wp:attachment":[{"href":"https:\/\/dincarchitect.com\/de\/wp-json\/wp\/v2\/media?parent=14208"}],"curies":[{"name":"wp","href":"https:\/\/api.w.org\/{rel}","templated":true}]}}