{"id":14204,"date":"2023-06-12T21:38:01","date_gmt":"2023-06-12T21:38:01","guid":{"rendered":"https:\/\/dincarchitect.com\/?page_id=14204"},"modified":"2023-06-12T21:43:08","modified_gmt":"2023-06-12T21:43:08","slug":"data-security","status":"publish","type":"page","link":"https:\/\/dincarchitect.com\/de\/datensicherheit\/","title":{"rendered":"Datensicherheit"},"content":{"rendered":"<section class=\"wpb-content-wrapper\"><div class=\"vc_row wpb_row vc_row-fluid vc_custom_1686439582595\"><div class=\"wpb_column vc_column_container vc_col-sm-12\"><div class=\"vc_column-inner\"><div class=\"wpb_wrapper\"><span class=\"subtitle dash-true style-dark text-default\">dincarchitect.com<\/span>\n\t<div class=\"wpb_text_column wpb_content_element\" >\n\t\t<div class=\"wpb_wrapper\">\n\t\t\t<h2 style=\"text-align: center;\">Datensicherheit<\/h2>\n\n\t\t<\/div>\n\t<\/div>\n<\/div><\/div><\/div><\/div><div class=\"vc_row wpb_row vc_row-fluid vc_custom_1686439565266\"><div class=\"wpb_column vc_column_container vc_col-sm-12\"><div class=\"vc_column-inner\"><div class=\"wpb_wrapper\">\n\t<div class=\"wpb_text_column wpb_content_element\" >\n\t\t<div class=\"wpb_wrapper\">\n\t\t\t<p><strong>DATENSICHERHEITSVEREINBARUNG<\/strong><\/p>\n<p>Diese Datensicherheitsvereinbarung (\u201eVereinbarung\u201c) wird zwischen DA Studio, im Folgenden als \u201eUnternehmen\u201c bezeichnet, und den Benutzern der Website geschlossen <a href=\"https:\/\/dincarchitect.com\/de\/\" target=\"_new\" rel=\"noopener\">https:\/\/dincarchitect.com\/<\/a> (\u201eBenutzer\u201c), gemeinsam als \u201eParteien\u201c bezeichnet.<\/p>\n<p><strong>1. Zweck und Geltungsbereich<\/strong><\/p>\n<p>Der Zweck dieser Vereinbarung besteht darin, die Bedingungen festzulegen, um die Sicherheit und den Schutz der vom Unternehmen erfassten und verarbeiteten Benutzerdaten zu gew\u00e4hrleisten. Diese Vereinbarung gilt f\u00fcr alle Daten, die \u00fcber die Website und die damit verbundenen vom Unternehmen bereitgestellten Dienste erfasst werden.<\/p>\n<p><strong>2. Datenerhebung und -verarbeitung<\/strong><\/p>\n<p>Das Unternehmen erhebt und verarbeitet die Daten der Nutzer ausschlie\u00dflich zum Zweck der Bereitstellung der angeforderten Dienste und der Verbesserung des Nutzererlebnisses. Zu den erfassten Datentypen k\u00f6nnen personenbezogene Daten, Kontaktdaten und andere relevante Daten geh\u00f6ren, die f\u00fcr die Erbringung von Dienstleistungen erforderlich sind.<\/p>\n<p><strong>3. Datensicherheitsma\u00dfnahmen<\/strong><\/p>\n<p>Das Unternehmen wird geeignete technische und organisatorische Ma\u00dfnahmen ergreifen, um die Sicherheit und Vertraulichkeit der Benutzerdaten zu gew\u00e4hrleisten. Zu diesen Ma\u00dfnahmen k\u00f6nnen unter anderem Verschl\u00fcsselung, Zugangskontrollen, Firewalls, regelm\u00e4\u00dfige Datensicherungen und Mitarbeiterschulungen zum Datenschutz geh\u00f6ren.<\/p>\n<p><strong>4. Datennutzung und -weitergabe<\/strong><\/p>\n<p>Das Unternehmen nutzt die Daten der Benutzer ausschlie\u00dflich f\u00fcr die in dieser Vereinbarung genannten Zwecke und darf diese Daten ohne die ausdr\u00fcckliche Zustimmung der Benutzer nicht an Dritte weitergeben, verkaufen oder \u00fcbertragen, es sei denn, dies ist durch geltende Gesetze und Vorschriften oder als Reaktion darauf erforderlich rechtliche Anfragen.<\/p>\n<p><strong>5. Benutzerrechte<\/strong><\/p>\n<p>Benutzer haben das Recht, auf ihre vom Unternehmen gespeicherten personenbezogenen Daten zuzugreifen, sie zu berichtigen und zu l\u00f6schen. Benutzer k\u00f6nnen diese Rechte aus\u00fcben, indem sie das Unternehmen \u00fcber die angegebene E-Mail-Adresse oder Telefonnummer kontaktieren. Das Unternehmen wird auf solche Anfragen umgehend in \u00dcbereinstimmung mit den geltenden Datenschutzgesetzen reagieren.<\/p>\n<p><strong>6. Benachrichtigung \u00fcber Datenschutzverletzungen<\/strong><\/p>\n<p>Im Falle einer Datenschutzverletzung, die zu unbefugtem Zugriff, Verlust oder Offenlegung von Benutzerdaten f\u00fchren kann, benachrichtigt das Unternehmen die betroffenen Benutzer unverz\u00fcglich gem\u00e4\u00df den geltenden gesetzlichen Anforderungen. Das Unternehmen ergreift alle notwendigen Ma\u00dfnahmen, um die Auswirkungen der Datenschutzverletzung abzumildern und zuk\u00fcnftige Vorkommnisse zu verhindern.<\/p>\n<p><strong>7. Anwendbares Recht und Gerichtsstand<\/strong><\/p>\n<p>Diese Vereinbarung unterliegt den Gesetzen der Gerichtsbarkeit, in der DA Studio seinen Sitz hat, und wird in \u00dcbereinstimmung mit diesen ausgelegt. Alle Streitigkeiten, die sich aus oder im Zusammenhang mit dieser Vereinbarung ergeben, unterliegen der ausschlie\u00dflichen Zust\u00e4ndigkeit der Gerichte in dieser Gerichtsbarkeit.<\/p>\n<p><strong>8. Gesamte Vereinbarung<\/strong><\/p>\n<p>Diese Vereinbarung stellt die gesamte Vereinbarung zwischen den Parteien in Bezug auf den Vertragsgegenstand dar und ersetzt alle vorherigen schriftlichen oder m\u00fcndlichen Vereinbarungen oder Vereinbarungen in Bezug auf diesen Vertragsgegenstand.<\/p>\n<p>Durch den Zugriff auf und die Nutzung der Website erkl\u00e4ren sich Benutzer mit den in dieser Datensicherheitsvereinbarung dargelegten Bedingungen einverstanden.<\/p>\n\n\t\t<\/div>\n\t<\/div>\n<\/div><\/div><\/div><\/div>\n<\/section>","protected":false},"excerpt":{"rendered":"dincarchitect.com Datensicherheit DATENSICHERHEITSVEREINBARUNG Diese Datensicherheitsvereinbarung (\u201eVereinbarung\u201c) wird zwischen DA Studio, im Folgenden als \u201eUnternehmen\u201c bezeichnet, und den Benutzern der Website https:\/\/dincarchitect.com\/ (\u201eBenutzer\u201c), gemeinsam als \u201eParteien\u201c bezeichnet, geschlossen. 1. Zweck und Geltungsbereich Der Zweck dieser Vereinbarung besteht darin, die Bedingungen f\u00fcr die Gew\u00e4hrleistung der [...]","protected":false},"author":1,"featured_media":0,"parent":0,"menu_order":0,"comment_status":"closed","ping_status":"closed","template":"","meta":{"footnotes":""},"acf":[],"_links":{"self":[{"href":"https:\/\/dincarchitect.com\/de\/wp-json\/wp\/v2\/pages\/14204"}],"collection":[{"href":"https:\/\/dincarchitect.com\/de\/wp-json\/wp\/v2\/pages"}],"about":[{"href":"https:\/\/dincarchitect.com\/de\/wp-json\/wp\/v2\/types\/page"}],"author":[{"embeddable":true,"href":"https:\/\/dincarchitect.com\/de\/wp-json\/wp\/v2\/users\/1"}],"replies":[{"embeddable":true,"href":"https:\/\/dincarchitect.com\/de\/wp-json\/wp\/v2\/comments?post=14204"}],"version-history":[{"count":0,"href":"https:\/\/dincarchitect.com\/de\/wp-json\/wp\/v2\/pages\/14204\/revisions"}],"wp:attachment":[{"href":"https:\/\/dincarchitect.com\/de\/wp-json\/wp\/v2\/media?parent=14204"}],"curies":[{"name":"wp","href":"https:\/\/api.w.org\/{rel}","templated":true}]}}