{"id":14169,"date":"2023-06-12T20:54:39","date_gmt":"2023-06-12T20:54:39","guid":{"rendered":"https:\/\/dincarchitect.com\/?page_id=14169"},"modified":"2023-09-02T09:49:30","modified_gmt":"2023-09-02T09:49:30","slug":"film-2-minute","status":"publish","type":"page","link":"https:\/\/dincarchitect.com\/de\/film-2-minuten\/","title":{"rendered":"Film 2 Minuten"},"content":{"rendered":"<section class=\"wpb-content-wrapper\"><div class=\"vc_row wpb_row vc_row-fluid vc_custom_1537429109529\"><div class=\"wpb_column vc_column_container vc_col-sm-6\"><div class=\"vc_column-inner\"><div class=\"wpb_wrapper\">\n<div class=\"vc_grid-container-wrapper vc_clearfix vc_grid-animation-fadeIn\">\n\t<div class=\"vc_grid-container vc_clearfix wpb_content_element vc_media_grid\" data-initial-loading-animation=\"fadeIn\" data-vc-grid-settings=\"{&quot;page_id&quot;:14169,&quot;style&quot;:&quot;all&quot;,&quot;action&quot;:&quot;vc_get_vc_grid_data&quot;,&quot;shortcode_id&quot;:&quot;1693648108462-a7a2f01e-3b8f-1&quot;,&quot;tag&quot;:&quot;vc_media_grid&quot;}\" data-vc-request=\"https:\/\/dincarchitect.com\/wp-admin\/admin-ajax.php\" data-vc-post-id=\"14169\" data-vc-public-nonce=\"db103255f2\">\n\t\t\n\t<\/div>\n<\/div><\/div><\/div><\/div><div class=\"wpb_column vc_column_container vc_col-sm-6\"><div class=\"vc_column-inner vc_custom_1536840396834\"><div class=\"wpb_wrapper\"><span class=\"subtitle dash-true style-dark text-default\">DA Studio<\/span>\n\t<div class=\"wpb_text_column wpb_content_element\" >\n\t\t<div class=\"wpb_wrapper\">\n\t\t\t<h2>Film 2 Minuten<\/h2>\n\n\t\t<\/div>\n\t<\/div>\n\n\t<div class=\"wpb_text_column wpb_content_element\" >\n\t\t<div class=\"wpb_wrapper\">\n\t\t\t<p>Wir stellen Ihnen unseren Filmkonvertierungsservice vor, bei dem wir Ihre Architekturzeichnungen durch fesselnde Videopr\u00e4sentationen zum Leben erwecken.<\/p>\n<p>Mit unserem Filmkonvertierungsservice verwandeln wir Ihre vorhandenen Architekturzeichnungen in dynamische und visuell ansprechende Videos. Durch das Hinzuf\u00fcgen von Bewegung, Tiefe und realistischen Texturen verbessern wir das Erlebnis des Betrachters und erm\u00f6glichen ihm, vollst\u00e4ndig in das Designkonzept einzutauchen.<\/p>\n<p>Unser kompetentes Team aus Animatoren und Visual-Effects-K\u00fcnstlern erstellt Ihre Architekturzeichnungen in einer digitalen Umgebung sorgf\u00e4ltig nach und haucht Ihren Entw\u00fcrfen Leben ein. Wir nutzen fortschrittliche Techniken und modernste Software, um sicherzustellen, dass jedes Detail genau dargestellt wird, von den Materialien und der Beleuchtung bis hin zur r\u00e4umlichen Gestaltung und Atmosph\u00e4re.<\/p>\n<p>Durch unseren Filmkonvertierungsservice kann Ihr Publikum einen virtuellen Rundgang durch Ihre architektonische Vision erleben und so ein besseres Verst\u00e4ndnis f\u00fcr den Raum, seine Funktionalit\u00e4t und seinen \u00e4sthetischen Reiz gewinnen. Dies ist eine effektive M\u00f6glichkeit, Ihre Designs Kunden, Investoren oder Stakeholdern zu pr\u00e4sentieren, einen bleibenden Eindruck zu hinterlassen und Ihre kreative Vision klar zu vermitteln.<\/p>\n<p>Ganz gleich, ob Sie an Wohnprojekten, Gewerbefl\u00e4chen oder Gro\u00dfprojekten arbeiten, unser Filmkonvertierungsservice kann Ihnen dabei helfen, Ihre Ideen effektiver zu kommunizieren und eine \u00fcberzeugende visuelle Erz\u00e4hlung zu erstellen, die Ihre architektonischen Entw\u00fcrfe zum Leben erweckt.<\/p>\n<p>Kontaktieren Sie uns noch heute, um mehr \u00fcber unseren Filmkonvertierungsservice zu erfahren und herauszufinden, wie wir Ihre Architekturzeichnungen in fesselnde Videopr\u00e4sentationen umwandeln k\u00f6nnen, die einen bleibenden Eindruck hinterlassen.<\/p>\n\n\t\t<\/div>\n\t<\/div>\n<\/div><\/div><\/div><\/div><div data-vc-full-width=\"true\" data-vc-full-width-init=\"false\" class=\"vc_row wpb_row vc_row-fluid spaced vc_custom_1686586247876 vc_row-has-fill\"><div class=\"wpb_column vc_column_container vc_col-sm-12\"><div class=\"vc_column-inner\"><div class=\"wpb_wrapper\"><span class=\"subtitle dash-false style-dark text-center\">Wie wir arbeiten<\/span>\n\t<div class=\"wpb_text_column wpb_content_element\" >\n\t\t<div class=\"wpb_wrapper\">\n\t\t\t<h2 style=\"text-align: center;\"><span style=\"color: #e37218;\"><strong>Effizientes Projekt <\/strong><\/span><strong>Workflow f\u00fcr au\u00dfergew\u00f6hnliche Ergebnisse<\/strong><\/h2>\n\n\t\t<\/div>\n\t<\/div>\n<div class=\"dash style-dark centered\"><\/div><div class=\"vc_row wpb_row vc_inner vc_row-fluid vc_custom_1538383845636\"><div class=\"wpb_column vc_column_container vc_col-sm-3\"><div class=\"vc_column-inner\"><div class=\"wpb_wrapper\"><div class=\"number-box style-default spacing-30\"><div class=\"number-box-number\">01<\/div><div class=\"content-box\"><div class=\"content-box-info\"><h3>Senden Sie alle Projektdokumente<\/h3><p class=\"number-box-content\">Bitte senden Sie uns alle relevanten Projektunterlagen zur gr\u00fcndlichen Pr\u00fcfung und Analyse zu.<\/p><\/div><\/div><\/div><\/div><\/div><\/div><div class=\"wpb_column vc_column_container vc_col-sm-3\"><div class=\"vc_column-inner\"><div class=\"wpb_wrapper\"><div class=\"number-box style-default spacing-30\"><div class=\"number-box-number\">02<\/div><div class=\"content-box\"><div class=\"content-box-info\"><h3>Schnelle und kostenlose Projektbewertung<\/h3><p class=\"number-box-content\">Wir pr\u00fcfen Ihr Projekt sorgf\u00e4ltig und geben Ihnen umgehend und kostenfrei eine Antwort.<\/p><\/div><\/div><\/div><\/div><\/div><\/div><div class=\"wpb_column vc_column_container vc_col-sm-3\"><div class=\"vc_column-inner\"><div class=\"wpb_wrapper\"><div class=\"number-box style-default spacing-30\"><div class=\"number-box-number\">03<\/div><div class=\"content-box\"><div class=\"content-box-info\"><h3>Demo-Lieferung nach Genehmigung<\/h3><p class=\"number-box-content\">Nach Erhalt Ihrer Genehmigung beginnen wir umgehend mit dem Projekt und senden Ihnen eine Demo zur \u00dcberpr\u00fcfung zu.<\/p><\/div><\/div><\/div><\/div><\/div><\/div><div class=\"wpb_column vc_column_container vc_col-sm-3\"><div class=\"vc_column-inner\"><div class=\"wpb_wrapper\"><div class=\"number-box style-default spacing-30\"><div class=\"number-box-number\">04<\/div><div class=\"content-box\"><div class=\"content-box-info\"><h3>Zahlung und endg\u00fcltige Lieferung<\/h3><p class=\"number-box-content\">Sobald Sie das Projekt genehmigt haben, leisten Sie die Zahlung und erhalten die endg\u00fcltige Version der zu erbringenden Leistungen.<\/p><\/div><\/div><\/div><\/div><\/div><\/div><\/div><\/div><\/div><\/div><\/div><div class=\"vc_row-full-width vc_clearfix\"><\/div><div class=\"vc_row wpb_row vc_row-fluid vc_custom_1534242606416\"><div class=\"animate wpb_column vc_column_container vc_col-sm-12\"><div class=\"vc_column-inner\"><div class=\"wpb_wrapper\">\n\t<div class=\"wpb_text_column wpb_content_element  vc_custom_1686677347117\" >\n\t\t<div class=\"wpb_wrapper\">\n\t\t\t<h2 style=\"text-align: center;\"><span style=\"color: #e37218;\"><strong>Unsere weiteren Dienstleistungen<\/strong><\/span><\/h2>\n\n\t\t<\/div>\n\t<\/div>\n<div class=\"dash style-dark centered\"><\/div>\n\t<div class=\"wpb_raw_code wpb_content_element wpb_raw_html\" >\n\t\t<div class=\"wpb_wrapper\">\n\t\t\t<!-- Birinci hizmet \u00f6\u011fesi -->\n<div id=\"hizmet1\" class=\"wpb_column vc_column_container vc_col-sm-3\">\n<div class=\"vc_column-inner\">\n<div class=\"wpb_wrapper\">\n<div class=\"content-box service-item alignment-default service-box-gray spacing-30\">\n<div class=\"image-container\">\n<div class=\"vertical-number-box\"><span class=\"vertical-number\">01<\/span><\/div>\n<div class=\"arrow-box\"><\/div>\n<img decoding=\"async\" src=\"https:\/\/dincarchitect.com\/wp-content\/uploads\/2023\/06\/dastudio-service-1.jpg\" alt=\"Die Architektur\" width=\"360\" height=\"500\" \/>\n\n<\/div>\n<div class=\"content-box-info\">\n<div class=\"box-heading-container\">\n<div class=\"box-heading\"><strong>Einfacher Raum<\/strong><\/div>\n<div class=\"price-info-container\"><span class=\"price-info\" style=\"color: #e37218; font-size: 16px;\">49 \u20ac<\/span><\/div>\n<\/div>\n<div style=\"text-align: justify; margin-top: 10px;\">Vom Schlafzimmer, B\u00fcro, Eingangsbereich, Standardbadezimmer, kleiner Ladenfront...<\/div>\n<div class=\"content-description\"><\/div>\n<div class=\"btn-read-more\"><a style=\"color: #e37218;\" href=\"https:\/\/dincarchitect.com\/de\/einfacher-raum\/\">Erfahren Sie mehr<\/a><\/div>\n<\/div>\n<\/div>\n<\/div>\n<\/div>\n<\/div>\n\n<!-- \u0130kinci hizmet \u00f6\u011fesi -->\n<div class=\"wpb_column vc_column_container vc_col-sm-3\">\n<div class=\"vc_column-inner\">\n<div class=\"wpb_wrapper\">\n<div class=\"content-box service-item alignment-default service-box-gray spacing-30\">\n<div class=\"image-container\">\n<div class=\"vertical-number-box\"><span class=\"vertical-number\">02<\/span><\/div>\n<div class=\"arrow-box\"><\/div>\n<img decoding=\"async\" src=\"https:\/\/dincarchitect.com\/wp-content\/uploads\/2023\/06\/dastudio-service-2.jpg\" alt=\"Die Architektur\" width=\"360\" height=\"500\" \/>\n\n<\/div>\n<div class=\"content-box-info\">\n<div class=\"box-heading-container\">\n<div class=\"box-heading\"><strong>Halbkomplexer Raum<\/strong><\/div>\n<div class=\"price-info-container\"><span class=\"price-info\" style=\"color: #e37218; font-size: 16px;\">99 \u20ac<\/span><\/div>\n<\/div>\n<div style=\"text-align: justify; margin-top: 10px;\">\n\nStandardk\u00fcche, Wohnzimmer, Esszimmer, ger\u00e4umiges Badezimmer, Terrasse...\n\n<\/div>\n<div class=\"content-description\"><\/div>\n<div class=\"btn-read-more\"><a style=\"color: #e37218;\" href=\"https:\/\/dincarchitect.com\/de\/halbkomplexes-feld\/\">Erfahren Sie mehr<\/a><\/div>\n<\/div>\n<\/div>\n<\/div>\n<\/div>\n<\/div>\n\n<!-- Dokuzuncu hizmet \u00f6\u011fesi -->\n<div class=\"wpb_column vc_column_container vc_col-sm-3\">\n<div class=\"vc_column-inner\">\n<div class=\"wpb_wrapper\">\n<div class=\"content-box service-item alignment-default service-box-gray spacing-30\">\n<div class=\"image-container\">\n<div class=\"vertical-number-box\"><span class=\"vertical-number\">09<\/span><\/div>\n<div class=\"arrow-box\"><\/div>\n<img decoding=\"async\" src=\"https:\/\/dincarchitect.com\/wp-content\/uploads\/2023\/06\/dastudio-service-9.jpg\" alt=\"Die Architektur\" width=\"360\" height=\"500\" \/>\n\n<\/div>\n<div class=\"content-box-info\">\n<div class=\"box-heading-container\">\n<div class=\"box-heading\"><strong>Film 1<\/strong><\/div>\n<div class=\"price-info-container\"><span class=\"price-info\" style=\"color: #e37218; font-size: 16px;\">399 \u20ac<\/span><\/div>\n<\/div>\n<div style=\"text-align: justify; margin-top: 10px;\">\n\nPackung mit einem Film, der weniger als 1 Minute dauert...\n\n<\/div>\n<div class=\"content-description\"><\/div>\n<div class=\"btn-read-more\"><a style=\"color: #e37218;\" href=\"https:\/\/dincarchitect.com\/de\/film-1-minute\/\">Erfahren Sie mehr<\/a><\/div>\n<\/div>\n<\/div>\n<\/div>\n<\/div>\n<\/div>\n\n<!-- Onuncu hizmet \u00f6\u011fesi -->\n<div class=\"wpb_column vc_column_container vc_col-sm-3\">\n<div class=\"vc_column-inner\">\n<div class=\"wpb_wrapper\">\n<div class=\"content-box service-item alignment-default service-box-gray spacing-30\">\n<div class=\"image-container\">\n<div class=\"vertical-number-box\"><span class=\"vertical-number\">10<\/span><\/div>\n<div class=\"arrow-box\"><\/div>\n<img decoding=\"async\" src=\"https:\/\/dincarchitect.com\/wp-content\/uploads\/2023\/06\/dastudio-service-10.jpg\" alt=\"Die Architektur\" width=\"360\" height=\"500\" \/>\n\n<\/div>\n<div class=\"content-box-info\">\n<div class=\"box-heading-container\">\n<div class=\"box-heading\"><strong>Film 2<\/strong><\/div>\n<div class=\"price-info-container\"><span class=\"price-info\" style=\"color: #e37218; font-size: 16px;\">499 \u20ac<\/span><\/div>\n<\/div>\n<div style=\"text-align: justify; margin-top: 10px;\">\n\nPaket mit einem Film, der weniger als 2 Minuten dauert...\n\n<\/div>\n<div class=\"content-description\"><\/div>\n<div class=\"btn-read-more\"><a style=\"color: #e37218;\" href=\"https:\/\/dincarchitect.com\/de\/film-2-minuten\/\">Erfahren Sie mehr<\/a><\/div>\n<\/div>\n<\/div>\n<\/div>\n<\/div>\n<\/div>\n\t\t<\/div>\n\t<\/div>\n<\/div><\/div><\/div><\/div>\n<\/section>","protected":false},"excerpt":{"rendered":"DA Studio Film 2 Minute Introducing our Film Conversion service, where we bring your architectural drawings to life through captivating video presentations. With our Film Conversion service, we take your existing architectural drawings and transform them into dynamic and visually engaging videos. By adding movement, depth, and realistic textures, we enhance the viewer's experience, allowing [...]","protected":false},"author":1,"featured_media":10877,"parent":0,"menu_order":0,"comment_status":"closed","ping_status":"closed","template":"","meta":{"footnotes":""},"acf":[],"_links":{"self":[{"href":"https:\/\/dincarchitect.com\/de\/wp-json\/wp\/v2\/pages\/14169"}],"collection":[{"href":"https:\/\/dincarchitect.com\/de\/wp-json\/wp\/v2\/pages"}],"about":[{"href":"https:\/\/dincarchitect.com\/de\/wp-json\/wp\/v2\/types\/page"}],"author":[{"embeddable":true,"href":"https:\/\/dincarchitect.com\/de\/wp-json\/wp\/v2\/users\/1"}],"replies":[{"embeddable":true,"href":"https:\/\/dincarchitect.com\/de\/wp-json\/wp\/v2\/comments?post=14169"}],"version-history":[{"count":0,"href":"https:\/\/dincarchitect.com\/de\/wp-json\/wp\/v2\/pages\/14169\/revisions"}],"wp:featuredmedia":[{"embeddable":true,"href":"https:\/\/dincarchitect.com\/de\/wp-json\/wp\/v2\/media\/10877"}],"wp:attachment":[{"href":"https:\/\/dincarchitect.com\/de\/wp-json\/wp\/v2\/media?parent=14169"}],"curies":[{"name":"wp","href":"https:\/\/api.w.org\/{rel}","templated":true}]}}