{"id":14156,"date":"2023-06-12T20:46:24","date_gmt":"2023-06-12T20:46:24","guid":{"rendered":"https:\/\/dincarchitect.com\/?page_id=14156"},"modified":"2023-06-20T10:40:14","modified_gmt":"2023-06-20T10:40:14","slug":"collective-building","status":"publish","type":"page","link":"https:\/\/dincarchitect.com\/de\/kollektiver-aufbau\/","title":{"rendered":"Kollektiver Aufbau"},"content":{"rendered":"<section class=\"wpb-content-wrapper\"><div class=\"vc_row wpb_row vc_row-fluid vc_custom_1537429109529\"><div class=\"wpb_column vc_column_container vc_col-sm-6\"><div class=\"vc_column-inner\"><div class=\"wpb_wrapper\">\n<div class=\"vc_grid-container-wrapper vc_clearfix vc_grid-animation-fadeIn\">\n\t<div class=\"vc_grid-container vc_clearfix wpb_content_element vc_media_grid\" data-initial-loading-animation=\"fadeIn\" data-vc-grid-settings=\"{&quot;page_id&quot;:14156,&quot;style&quot;:&quot;all&quot;,&quot;action&quot;:&quot;vc_get_vc_grid_data&quot;,&quot;shortcode_id&quot;:&quot;1687257595650-671d1514-7392-10&quot;,&quot;tag&quot;:&quot;vc_media_grid&quot;}\" data-vc-request=\"https:\/\/dincarchitect.com\/wp-admin\/admin-ajax.php\" data-vc-post-id=\"14156\" data-vc-public-nonce=\"db103255f2\">\n\t\t\n\t<\/div>\n<\/div><\/div><\/div><\/div><div class=\"wpb_column vc_column_container vc_col-sm-6\"><div class=\"vc_column-inner vc_custom_1536840396834\"><div class=\"wpb_wrapper\"><span class=\"subtitle dash-true style-dark text-default\">DA Studio<\/span>\n\t<div class=\"wpb_text_column wpb_content_element\" >\n\t\t<div class=\"wpb_wrapper\">\n\t\t\t<h2>Kollektiver Aufbau<\/h2>\n\n\t\t<\/div>\n\t<\/div>\n\n\t<div class=\"wpb_text_column wpb_content_element\" >\n\t\t<div class=\"wpb_wrapper\">\n\t\t\t<p>Wir stellen Ihnen unseren Collective Building-Service vor, der sich der Schaffung au\u00dfergew\u00f6hnlicher R\u00e4ume f\u00fcr Wohnungen, Gewerbegeb\u00e4ude, Lagerh\u00e4user und mehr widmet. Wir verstehen die einzigartigen Anforderungen und Herausforderungen, die diese kollektiven Projekte mit sich bringen, und unser Expertenteam ist hier, um Ihre Vision zum Leben zu erwecken.<\/p>\n<p>Ganz gleich, ob Sie einen Wohnkomplex mit mehreren Wohneinheiten, eine belebte Gewerbefl\u00e4che oder eine funktionale Lageranlage entwerfen m\u00f6chten, wir verf\u00fcgen \u00fcber das Fachwissen, um herausragende Ergebnisse zu liefern. Unsere kollektiven Geb\u00e4udel\u00f6sungen vereinen Kreativit\u00e4t, Funktionalit\u00e4t und Nachhaltigkeit, um den vielf\u00e4ltigen Bed\u00fcrfnissen unserer Kunden gerecht zu werden.<\/p>\n<p>Von der Konzeption bis zur Ausf\u00fchrung planen wir jeden Aspekt des Projekts sorgf\u00e4ltig, um Effizienz, Langlebigkeit und \u00c4sthetik zu gew\u00e4hrleisten. Wir arbeiten eng mit unseren Kunden, Architekten und Auftragnehmern zusammen, um R\u00e4ume zu schaffen, die inspirieren, Platz bieten und die Nutzung optimieren.<\/p>\n<p>Bei unserem gemeinsamen Bauservice k\u00f6nnen Sie eine nahtlose Integration von Design, Technik und Funktionalit\u00e4t erwarten. Unser Team nutzt innovative Bautechniken, nachhaltige Materialien und energieeffiziente L\u00f6sungen, um Geb\u00e4ude zu schaffen, die die Zeit \u00fcberdauern.<\/p>\n<p>Ganz gleich, ob Sie Bautr\u00e4ger, Investor oder Gesch\u00e4ftsinhaber sind, unser gemeinsamer Bauservice bietet ma\u00dfgeschneiderte L\u00f6sungen, die auf Ihre Ziele und Anforderungen abgestimmt sind. Wir sind bestrebt, Ihre Erwartungen zu \u00fcbertreffen und R\u00e4ume zu schaffen, die die Gemeinschaft bereichern, Wachstum f\u00f6rdern und den Wert maximieren.<\/p>\n<p>Erleben Sie den Unterschied unseres Collective Building-Services und lassen Sie uns Ihre Vision in die Realit\u00e4t umsetzen. Kontaktieren Sie uns noch heute, um Ihr Projekt zu besprechen und ein individuelles Angebot f\u00fcr Ihre Wohn-, Gewerbe-, Lager- oder andere kollektive Baubed\u00fcrfnisse zu erhalten.<\/p>\n\n\t\t<\/div>\n\t<\/div>\n<\/div><\/div><\/div><\/div><div data-vc-full-width=\"true\" data-vc-full-width-init=\"false\" class=\"vc_row wpb_row vc_row-fluid spaced vc_custom_1686586247876 vc_row-has-fill\"><div class=\"wpb_column vc_column_container vc_col-sm-12\"><div class=\"vc_column-inner\"><div class=\"wpb_wrapper\"><span class=\"subtitle dash-false style-dark text-center\">Wie wir arbeiten<\/span>\n\t<div class=\"wpb_text_column wpb_content_element\" >\n\t\t<div class=\"wpb_wrapper\">\n\t\t\t<h2 style=\"text-align: center;\"><span style=\"color: #e37218;\"><strong>Effizientes Projekt <\/strong><\/span><strong>Workflow f\u00fcr au\u00dfergew\u00f6hnliche Ergebnisse<\/strong><\/h2>\n\n\t\t<\/div>\n\t<\/div>\n<div class=\"dash style-dark centered\"><\/div><div class=\"vc_row wpb_row vc_inner vc_row-fluid vc_custom_1538383845636\"><div class=\"wpb_column vc_column_container vc_col-sm-3\"><div class=\"vc_column-inner\"><div class=\"wpb_wrapper\"><div class=\"number-box style-default spacing-30\"><div class=\"number-box-number\">01<\/div><div class=\"content-box\"><div class=\"content-box-info\"><h3>Senden Sie alle Projektdokumente<\/h3><p class=\"number-box-content\">Bitte senden Sie uns alle relevanten Projektunterlagen zur gr\u00fcndlichen Pr\u00fcfung und Analyse zu.<\/p><\/div><\/div><\/div><\/div><\/div><\/div><div class=\"wpb_column vc_column_container vc_col-sm-3\"><div class=\"vc_column-inner\"><div class=\"wpb_wrapper\"><div class=\"number-box style-default spacing-30\"><div class=\"number-box-number\">02<\/div><div class=\"content-box\"><div class=\"content-box-info\"><h3>Schnelle und kostenlose Projektbewertung<\/h3><p class=\"number-box-content\">Wir pr\u00fcfen Ihr Projekt sorgf\u00e4ltig und geben Ihnen umgehend und kostenfrei eine Antwort.<\/p><\/div><\/div><\/div><\/div><\/div><\/div><div class=\"wpb_column vc_column_container vc_col-sm-3\"><div class=\"vc_column-inner\"><div class=\"wpb_wrapper\"><div class=\"number-box style-default spacing-30\"><div class=\"number-box-number\">03<\/div><div class=\"content-box\"><div class=\"content-box-info\"><h3>Demo-Lieferung nach Genehmigung<\/h3><p class=\"number-box-content\">Nach Erhalt Ihrer Genehmigung beginnen wir umgehend mit dem Projekt und senden Ihnen eine Demo zur \u00dcberpr\u00fcfung zu.<\/p><\/div><\/div><\/div><\/div><\/div><\/div><div class=\"wpb_column vc_column_container vc_col-sm-3\"><div class=\"vc_column-inner\"><div class=\"wpb_wrapper\"><div class=\"number-box style-default spacing-30\"><div class=\"number-box-number\">04<\/div><div class=\"content-box\"><div class=\"content-box-info\"><h3>Zahlung und endg\u00fcltige Lieferung<\/h3><p class=\"number-box-content\">Sobald Sie das Projekt genehmigt haben, leisten Sie die Zahlung und erhalten die endg\u00fcltige Version der zu erbringenden Leistungen.<\/p><\/div><\/div><\/div><\/div><\/div><\/div><\/div><\/div><\/div><\/div><\/div><div class=\"vc_row-full-width vc_clearfix\"><\/div><div class=\"vc_row wpb_row vc_row-fluid vc_custom_1534242606416\"><div class=\"animate wpb_column vc_column_container vc_col-sm-12\"><div class=\"vc_column-inner\"><div class=\"wpb_wrapper\">\n\t<div class=\"wpb_text_column wpb_content_element  vc_custom_1686677209613\" >\n\t\t<div class=\"wpb_wrapper\">\n\t\t\t<h2 style=\"text-align: center;\"><span style=\"color: #e37218;\"><strong>Unsere weiteren Dienstleistungen<\/strong><\/span><\/h2>\n\n\t\t<\/div>\n\t<\/div>\n<div class=\"dash style-dark centered\"><\/div>\n\t<div class=\"wpb_raw_code wpb_content_element wpb_raw_html\" >\n\t\t<div class=\"wpb_wrapper\">\n\t\t\t<!-- Yedinci hizmet \u00f6\u011fesi -->\n<div class=\"wpb_column vc_column_container vc_col-sm-3\">\n<div class=\"vc_column-inner\">\n<div class=\"wpb_wrapper\">\n<div class=\"content-box service-item alignment-default service-box-gray spacing-30\">\n<div class=\"image-container\">\n<div class=\"vertical-number-box\"><span class=\"vertical-number\">07<\/span><\/div>\n<div class=\"arrow-box\"><\/div>\n<img decoding=\"async\" src=\"https:\/\/dincarchitect.com\/wp-content\/uploads\/2023\/06\/dastudio-service-7.jpg\" alt=\"Die Architektur\" width=\"360\" height=\"500\" \/>\n\n<\/div>\n<div class=\"content-box-info\">\n<div class=\"box-heading-container\">\n<div class=\"box-heading\"><strong>Fotomontage<\/strong><\/div>\n<div class=\"price-info-container\"><span class=\"price-info\" style=\"color: #e37218; font-size: 16px;\">149 \u20ac<\/span><\/div>\n<\/div>\n<div style=\"text-align: justify; margin-top: 10px;\">\n\nFreistehendes Haus mit oder ohne Au\u00dfenfassade...\n\n<\/div>\n<div class=\"content-description\"><\/div>\n<div class=\"btn-read-more\"><a style=\"color: #e37218;\" href=\"https:\/\/dincarchitect.com\/de\/fotomontage\/\">Erfahren Sie mehr<\/a><\/div>\n<\/div>\n<\/div>\n<\/div>\n<\/div>\n<\/div>\n\n\n<!-- Onbe\u015finci hizmet \u00f6\u011fesi -->\n<div class=\"wpb_column vc_column_container vc_col-sm-3\">\n<div class=\"vc_column-inner\">\n<div class=\"wpb_wrapper\">\n<div class=\"content-box service-item alignment-default service-box-gray spacing-30\">\n<div class=\"image-container\">\n<div class=\"vertical-number-box\"><span class=\"vertical-number\">15<\/span><\/div>\n<div class=\"arrow-box\"><\/div>\n<img decoding=\"async\" src=\"https:\/\/dincarchitect.com\/wp-content\/uploads\/2023\/06\/dastudio-service-15.jpg\" alt=\"Die Architektur\" width=\"360\" height=\"500\" \/>\n\n<\/div>\n<div class=\"content-box-info\">\n<div class=\"box-heading-container\">\n<div class=\"box-heading\"><strong>Architekturprojekt<\/strong><\/div>\n<div class=\"price-info-container\"><span class=\"price-info\" style=\"color: #e37218; font-size: 16px;\">499 \u20ac<\/span><\/div>\n<\/div>\n<div style=\"text-align: justify; margin-top: 10px;\">\n\nArchitekturprojekt, Grundriss, Abschnittsdetails...\n\n<\/div>\n<div class=\"content-description\"><\/div>\n<div class=\"btn-read-more\"><a style=\"color: #e37218;\" href=\"https:\/\/dincarchitect.com\/de\/architekturprojekt\/\">Erfahren Sie mehr<\/a><\/div>\n<\/div>\n<\/div>\n<\/div>\n<\/div>\n<\/div>\n\n<!-- Be\u015finci hizmet \u00f6\u011fesi -->\n<div class=\"wpb_column vc_column_container vc_col-sm-3\">\n<div class=\"vc_column-inner\">\n<div class=\"wpb_wrapper\">\n<div class=\"content-box service-item alignment-default service-box-gray spacing-30\">\n<div class=\"image-container\">\n<div class=\"vertical-number-box\"><span class=\"vertical-number\">05<\/span><\/div>\n<div class=\"arrow-box\"><\/div>\n<img decoding=\"async\" src=\"https:\/\/dincarchitect.com\/wp-content\/uploads\/2023\/06\/dastudio-service-5.jpg\" alt=\"Die Architektur\" width=\"360\" height=\"500\" \/>\n\n<\/div>\n<div class=\"content-box-info\">\n<div class=\"box-heading-container\">\n<div class=\"box-heading\"><strong>Einfamilienhaus<\/strong><\/div>\n<div class=\"price-info-container\"><span class=\"price-info\" style=\"color: #e37218; font-size: 16px;\">149 \u20ac<\/span><\/div>\n<\/div>\n<div style=\"text-align: justify; margin-top: 10px;\">\n\nAussenansicht. Grundtarif f\u00fcr eine Standardumgebung wie diese.\n\n<\/div>\n<div class=\"content-description\"><\/div>\n<div class=\"btn-read-more\"><a style=\"color: #e37218;\" href=\"https:\/\/dincarchitect.com\/de\/einfamilienhaus\/\">Erfahren Sie mehr<\/a><\/div>\n<\/div>\n<\/div>\n<\/div>\n<\/div>\n<\/div>\n\n<!-- Alt\u0131nc\u0131 hizmet \u00f6\u011fesi -->\n<div class=\"wpb_column vc_column_container vc_col-sm-3\">\n<div class=\"vc_column-inner\">\n<div class=\"wpb_wrapper\">\n<div class=\"content-box service-item alignment-default service-box-gray spacing-30\">\n<div class=\"image-container\">\n<div class=\"vertical-number-box\"><span class=\"vertical-number\">06<\/span><\/div>\n<div class=\"arrow-box\"><\/div>\n<img decoding=\"async\" src=\"https:\/\/dincarchitect.com\/wp-content\/uploads\/2023\/06\/dastudio-service-6.jpg\" alt=\"Die Architektur\" width=\"360\" height=\"500\" \/>\n\n<\/div>\n<div class=\"content-box-info\">\n<div class=\"box-heading-container\">\n<div class=\"box-heading\"><strong>Kollektiver Aufbau<\/strong><\/div>\n<div class=\"price-info-container\"><span class=\"price-info\" style=\"color: #e37218; font-size: 16px;\">199 \u20ac<\/span><\/div>\n<\/div>\n<div style=\"text-align: justify; margin-top: 10px;\">\n\nWohngeb\u00e4ude, Gewerbebauten, Lagerhallen usw.\n\n<\/div>\n<div class=\"content-description\"><\/div>\n<div class=\"btn-read-more\"><a style=\"color: #e37218;\" href=\"https:\/\/dincarchitect.com\/de\/kollektiver-aufbau\/\">Erfahren Sie mehr<\/a><\/div>\n<\/div>\n<\/div>\n<\/div>\n<\/div>\n<\/div>\n\t\t<\/div>\n\t<\/div>\n<\/div><\/div><\/div><\/div>\n<\/section>","protected":false},"excerpt":{"rendered":"DA Studio Collective Building Wir stellen unseren Collective Building-Service vor, der sich der Schaffung au\u00dfergew\u00f6hnlicher R\u00e4ume f\u00fcr Wohnh\u00e4user, Gesch\u00e4ftsgeb\u00e4ude, Lagerhallen und mehr widmet. Wir verstehen die einzigartigen Anforderungen und Herausforderungen, die mit diesen kollektiven Projekten einhergehen, und unser Expertenteam ist hier, um Ihre Vision zum Leben zu erwecken. Egal, ob Sie ein Mehrfamilienhaus entwerfen m\u00f6chten [...]","protected":false},"author":1,"featured_media":10877,"parent":0,"menu_order":0,"comment_status":"closed","ping_status":"closed","template":"","meta":{"footnotes":""},"acf":[],"_links":{"self":[{"href":"https:\/\/dincarchitect.com\/de\/wp-json\/wp\/v2\/pages\/14156"}],"collection":[{"href":"https:\/\/dincarchitect.com\/de\/wp-json\/wp\/v2\/pages"}],"about":[{"href":"https:\/\/dincarchitect.com\/de\/wp-json\/wp\/v2\/types\/page"}],"author":[{"embeddable":true,"href":"https:\/\/dincarchitect.com\/de\/wp-json\/wp\/v2\/users\/1"}],"replies":[{"embeddable":true,"href":"https:\/\/dincarchitect.com\/de\/wp-json\/wp\/v2\/comments?post=14156"}],"version-history":[{"count":0,"href":"https:\/\/dincarchitect.com\/de\/wp-json\/wp\/v2\/pages\/14156\/revisions"}],"wp:featuredmedia":[{"embeddable":true,"href":"https:\/\/dincarchitect.com\/de\/wp-json\/wp\/v2\/media\/10877"}],"wp:attachment":[{"href":"https:\/\/dincarchitect.com\/de\/wp-json\/wp\/v2\/media?parent=14156"}],"curies":[{"name":"wp","href":"https:\/\/api.w.org\/{rel}","templated":true}]}}