{"id":14010,"date":"2023-06-12T00:00:50","date_gmt":"2023-06-12T00:00:50","guid":{"rendered":"https:\/\/dincarchitect.com\/?page_id=14010"},"modified":"2023-09-01T13:37:15","modified_gmt":"2023-09-01T13:37:15","slug":"real-estate-agent","status":"publish","type":"page","link":"https:\/\/dincarchitect.com\/de\/immobilienmakler\/","title":{"rendered":"Immobilienmakler"},"content":{"rendered":"<section class=\"wpb-content-wrapper\"><div class=\"vc_row wpb_row vc_row-fluid vc_custom_1537429109529\"><div class=\"wpb_column vc_column_container vc_col-sm-6\"><div class=\"vc_column-inner\"><div class=\"wpb_wrapper\">\n<div class=\"vc_grid-container-wrapper vc_clearfix vc_grid-animation-fadeIn\">\n\t<div class=\"vc_grid-container vc_clearfix wpb_content_element vc_media_grid\" data-initial-loading-animation=\"fadeIn\" data-vc-grid-settings=\"{&quot;page_id&quot;:14010,&quot;style&quot;:&quot;all&quot;,&quot;action&quot;:&quot;vc_get_vc_grid_data&quot;,&quot;shortcode_id&quot;:&quot;1693575211105-0a6f524c-fc7c-1&quot;,&quot;tag&quot;:&quot;vc_media_grid&quot;}\" data-vc-request=\"https:\/\/dincarchitect.com\/wp-admin\/admin-ajax.php\" data-vc-post-id=\"14010\" data-vc-public-nonce=\"db103255f2\">\n\t\t\n\t<\/div>\n<\/div><\/div><\/div><\/div><div class=\"wpb_column vc_column_container vc_col-sm-6\"><div class=\"vc_column-inner vc_custom_1536840396834\"><div class=\"wpb_wrapper\"><span class=\"subtitle dash-true style-dark text-default\">DA Studio<\/span>\n\t<div class=\"wpb_text_column wpb_content_element\" >\n\t\t<div class=\"wpb_wrapper\">\n\t\t\t<h2>Immobilienmakler<\/h2>\n\n\t\t<\/div>\n\t<\/div>\n\n\t<div class=\"wpb_text_column wpb_content_element\" >\n\t\t<div class=\"wpb_wrapper\">\n\t\t\t<p style=\"text-align: justify;\">Mit der 3D-Modellierung k\u00f6nnen wir Immobilien optisch ansprechend und realistisch darstellen. Durch detaillierte Darstellungen und virtuelle Rundg\u00e4nge k\u00f6nnen potenzielle K\u00e4ufer die Immobilie aus jedem Blickwinkel erkunden und sich so einen klaren \u00dcberblick \u00fcber deren Grundriss, Design und Potenzial verschaffen. Diese Technologie erm\u00f6glicht es uns, Immobilien zum Leben zu erwecken und das Interesse potenzieller K\u00e4ufer zu wecken.<\/p>\n<p style=\"text-align: justify;\">Die Vorteile der 3D-Modellierung gehen \u00fcber die visuelle Darstellung hinaus. Es hilft, den Entscheidungsprozess zu rationalisieren, indem es genaue Messungen liefert und es Kunden erm\u00f6glicht, die Machbarkeit ihrer Pl\u00e4ne zu beurteilen und fundierte Entscheidungen zu treffen. Dar\u00fcber hinaus k\u00f6nnen wir eine virtuelle Inszenierung erstellen, die die Immobilie mit verschiedenen M\u00f6belanordnungen und Gestaltungsm\u00f6glichkeiten pr\u00e4sentiert und so die Attraktivit\u00e4t f\u00fcr potenzielle K\u00e4ufer maximiert.<\/p>\n<p style=\"text-align: justify;\">Mithilfe der 3D-Modellierung k\u00f6nnen wir die einzigartigen Merkmale und Verkaufsargumente jeder Immobilie effektiv darstellen und ihr so einen Wettbewerbsvorteil auf dem Markt verschaffen. Ob es darum geht, architektonische Details, Innenarchitekturelemente oder die Umgebung hervorzuheben, wir betonen die St\u00e4rken der Immobilie, um die richtigen K\u00e4ufer anzuziehen.<\/p>\n\n\t\t<\/div>\n\t<\/div>\n<\/div><\/div><\/div><\/div><div class=\"vc_row wpb_row vc_row-fluid mobile-pad-0 vc_custom_1686573801029 vc_row-o-equal-height vc_row-o-content-middle vc_row-flex\"><div class=\"wpb_column vc_column_container vc_col-sm-4\"><div class=\"vc_column-inner\"><div class=\"wpb_wrapper\"><div class=\"vc_row wpb_row vc_inner vc_row-fluid overlap-right\"><div class=\"shadow-box wpb_column vc_column_container vc_col-sm-12\"><div class=\"vc_column-inner\"><div class=\"wpb_wrapper\"><span class=\"subtitle dash-true style-dark text-default\">Lassen Sie Ihrer Fantasie freien Lauf<\/span><div class=\"divider-light\"><\/div>\n\t<div class=\"wpb_text_column wpb_content_element\" >\n\t\t<div class=\"wpb_wrapper\">\n\t\t\t<div style=\"text-align: justify;\">\n<p>Wir zeichnen uns dadurch aus, dass wir jedes Detail verwalten, um Ihre Projekte zu verbessern. Mit unserer Expertise in der Architekturvisualisierung bieten wir vielf\u00e4ltige Stile und Pr\u00e4sentationen, die auf Ihre Bed\u00fcrfnisse zugeschnitten sind. Unser engagiertes Team liefert au\u00dfergew\u00f6hnliche Ergebnisse, die die Erwartungen \u00fcbertreffen. Pr\u00e4sentieren Sie Wohn-, Gewerbe- oder Industriedesigns mit innovativen L\u00f6sungen. Vertrauen Sie darauf, dass wir Ideen in atemberaubende Bilder umwandeln und so eine effektive Kommunikation erm\u00f6glichen. Lassen Sie Ihrer Fantasie freien Lauf mit unserem un\u00fcbertroffenen Fachwissen.<\/p>\n<\/div>\n\n\t\t<\/div>\n\t<\/div>\n<a href=\"https:\/\/dincarchitect.com\/de\/projekte\/\" class=\"btn btn-primary arrow-right\"><span>Projekte ansehen<\/span><\/a><\/div><\/div><\/div><\/div><\/div><\/div><\/div><div class=\"wpb_column vc_column_container vc_col-sm-8\"><div class=\"vc_column-inner\"><div class=\"wpb_wrapper\">\n\t<div  class=\"wpb_single_image wpb_content_element vc_align_left  vc_custom_1687236630854\">\n\t\t\n\t\t<figure class=\"wpb_wrapper vc_figure\">\n\t\t\t<a href=\"https:\/\/dincarchitect.com\/wp-content\/uploads\/2023\/06\/yutz-1-1-1024x576.jpg\" target=\"_self\" class=\"vc_single_image-wrapper   vc_box_border_grey\"><img decoding=\"async\" width=\"1920\" height=\"1080\" src=\"https:\/\/dincarchitect.com\/wp-content\/uploads\/2023\/06\/yutz-1-1.jpg\" class=\"vc_single_image-img attachment-full\" alt=\"\" title=\"Wohnzimmer dastudio\" srcset=\"https:\/\/dincarchitect.com\/wp-content\/uploads\/2023\/06\/yutz-1-1.jpg 1920w, https:\/\/dincarchitect.com\/wp-content\/uploads\/2023\/06\/yutz-1-1-1024x576.jpg 1024w, https:\/\/dincarchitect.com\/wp-content\/uploads\/2023\/06\/yutz-1-1-768x432.jpg 768w, https:\/\/dincarchitect.com\/wp-content\/uploads\/2023\/06\/yutz-1-1-1536x864.jpg 1536w, https:\/\/dincarchitect.com\/wp-content\/uploads\/2023\/06\/yutz-1-1-18x10.jpg 18w\" sizes=\"(max-width: 1920px) 100vw, 1920px\" \/><\/a>\n\t\t<\/figure>\n\t<\/div>\n<\/div><\/div><\/div><\/div><div class=\"vc_row wpb_row vc_row-fluid mobile-pad-0 vc_custom_1686573808972 vc_row-o-equal-height vc_row-o-content-middle vc_row-flex\"><div class=\"wpb_column vc_column_container vc_col-sm-8 vc_hidden-sm vc_hidden-xs\"><div class=\"vc_column-inner\"><div class=\"wpb_wrapper\">\n\t<div  class=\"wpb_single_image wpb_content_element vc_align_left  vc_custom_1687236652399\">\n\t\t\n\t\t<figure class=\"wpb_wrapper vc_figure\">\n\t\t\t<a href=\"https:\/\/dincarchitect.com\/wp-content\/uploads\/2023\/06\/villa-no13-3-1024x576.jpg\" target=\"_self\" class=\"vc_single_image-wrapper   vc_box_border_grey\"><img decoding=\"async\" width=\"1920\" height=\"1080\" src=\"https:\/\/dincarchitect.com\/wp-content\/uploads\/2023\/06\/villa-no13-3.jpg\" class=\"vc_single_image-img attachment-full\" alt=\"\" title=\"Villa-Nr. 13-3\" srcset=\"https:\/\/dincarchitect.com\/wp-content\/uploads\/2023\/06\/villa-no13-3.jpg 1920w, https:\/\/dincarchitect.com\/wp-content\/uploads\/2023\/06\/villa-no13-3-1024x576.jpg 1024w, https:\/\/dincarchitect.com\/wp-content\/uploads\/2023\/06\/villa-no13-3-768x432.jpg 768w, https:\/\/dincarchitect.com\/wp-content\/uploads\/2023\/06\/villa-no13-3-1536x864.jpg 1536w, https:\/\/dincarchitect.com\/wp-content\/uploads\/2023\/06\/villa-no13-3-18x10.jpg 18w\" sizes=\"(max-width: 1920px) 100vw, 1920px\" \/><\/a>\n\t\t<\/figure>\n\t<\/div>\n<\/div><\/div><\/div><div class=\"wpb_column vc_column_container vc_col-sm-4\"><div class=\"vc_column-inner\"><div class=\"wpb_wrapper\"><div class=\"vc_row wpb_row vc_inner vc_row-fluid overlap-left\"><div class=\"shadow-box wpb_column vc_column_container vc_col-sm-12\"><div class=\"vc_column-inner\"><div class=\"wpb_wrapper\"><span class=\"subtitle dash-true style-dark text-default\">Wir k\u00fcmmern uns um alle<\/span><div class=\"divider-light\"><\/div>\n\t<div class=\"wpb_text_column wpb_content_element\" >\n\t\t<div class=\"wpb_wrapper\">\n\t\t\t<div style=\"text-align: justify;\">\n<p>Erh\u00f6hte Effizienz: Unsere Architekturvisualisierungsdienste optimieren den Zeit-, Arbeits- und Ressourcenaufwand f\u00fcr das visuelle Design und erm\u00f6glichen unserem Team, sich mehr auf die funktionalen Design- und Planungsaspekte des Projekts zu konzentrieren. Dies f\u00fchrt zu einer h\u00f6heren Produktivit\u00e4t und einer st\u00e4rkeren Konzentration auf die Erzielung herausragender Ergebnisse.<\/p>\n<\/div>\n\n\t\t<\/div>\n\t<\/div>\n<a href=\"https:\/\/dincarchitect.com\/de\/projekte\/\" class=\"btn btn-primary arrow-right\"><span>Projekte ansehen<\/span><\/a><\/div><\/div><\/div><\/div><\/div><\/div><\/div><\/div><div class=\"vc_row wpb_row vc_row-fluid mobile-pad-0 vc_custom_1686573815468 vc_row-o-equal-height vc_row-o-content-middle vc_row-flex\"><div class=\"wpb_column vc_column_container vc_col-sm-4\"><div class=\"vc_column-inner\"><div class=\"wpb_wrapper\"><div class=\"vc_row wpb_row vc_inner vc_row-fluid overlap-right\"><div class=\"shadow-box wpb_column vc_column_container vc_col-sm-12\"><div class=\"vc_column-inner\"><div class=\"wpb_wrapper\"><span class=\"subtitle dash-true style-dark text-default\">Steigern Sie die Qualit\u00e4t Ihrer Dienstleistungen<\/span><div class=\"divider-light\"><\/div>\n\t<div class=\"wpb_text_column wpb_content_element\" >\n\t\t<div class=\"wpb_wrapper\">\n\t\t\t<div style=\"text-align: justify;\">\n<p>Mit unserem qualit\u00e4tsorientierten Ansatz k\u00f6nnen unsere Teams ihre Absichten und Entw\u00fcrfe gegen\u00fcber Kunden effektiv zum Ausdruck bringen und Projektgenehmigungen beschleunigen. Dies gew\u00e4hrleistet einen reibungslosen Zusammenarbeitsprozess und steigert die Gesamtqualit\u00e4t unserer Dienstleistungen.<\/p>\n<\/div>\n\n\t\t<\/div>\n\t<\/div>\n<a href=\"https:\/\/dincarchitect.com\/de\/projekte\/\" class=\"btn btn-primary arrow-right\"><span>Projekte ansehen<\/span><\/a><\/div><\/div><\/div><\/div><\/div><\/div><\/div><div class=\"wpb_column vc_column_container vc_col-sm-8\"><div class=\"vc_column-inner\"><div class=\"wpb_wrapper\">\n\t<div  class=\"wpb_single_image wpb_content_element vc_align_left  vc_custom_1687236683819\">\n\t\t\n\t\t<figure class=\"wpb_wrapper vc_figure\">\n\t\t\t<a href=\"https:\/\/dincarchitect.com\/wp-content\/uploads\/2023\/06\/444-1024x576.jpg\" target=\"_self\" class=\"vc_single_image-wrapper   vc_box_border_grey\"><img decoding=\"async\" width=\"1920\" height=\"1080\" src=\"https:\/\/dincarchitect.com\/wp-content\/uploads\/2023\/06\/444.jpg\" class=\"vc_single_image-img attachment-full\" alt=\"\" title=\"berlin-1\" srcset=\"https:\/\/dincarchitect.com\/wp-content\/uploads\/2023\/06\/444.jpg 1920w, https:\/\/dincarchitect.com\/wp-content\/uploads\/2023\/06\/444-1024x576.jpg 1024w, https:\/\/dincarchitect.com\/wp-content\/uploads\/2023\/06\/444-768x432.jpg 768w, https:\/\/dincarchitect.com\/wp-content\/uploads\/2023\/06\/444-1536x864.jpg 1536w, https:\/\/dincarchitect.com\/wp-content\/uploads\/2023\/06\/444-18x10.jpg 18w\" sizes=\"(max-width: 1920px) 100vw, 1920px\" \/><\/a>\n\t\t<\/figure>\n\t<\/div>\n<\/div><\/div><\/div><\/div><div class=\"vc_row wpb_row vc_row-fluid\"><div class=\"wpb_column vc_column_container vc_col-sm-12\"><div class=\"vc_column-inner\"><div class=\"wpb_wrapper\">\n\t<div class=\"wpb_text_column wpb_content_element\" >\n\t\t<div class=\"wpb_wrapper\">\n\t\t\t<h2 style=\"text-align: center;\">Unsere Angebote \ud83c\udfc6<\/h2>\n\n\t\t<\/div>\n\t<\/div>\n\n\t<div class=\"wpb_text_column wpb_content_element  vc_custom_1686532127495\" >\n\t\t<div class=\"wpb_wrapper\">\n\t\t\t<h3 style=\"text-align: center;\"><em><strong>Wir garantieren Ihnen die wettbewerbsf\u00e4higsten Angebote auf dem Markt<\/strong><\/em><\/h3>\n\n\t\t<\/div>\n\t<\/div>\n\n\t<div class=\"wpb_raw_code wpb_content_element wpb_raw_html vc_custom_1686527691361\" >\n\t\t<div class=\"wpb_wrapper\">\n\t\t\t<div id=\"rpt_pricr\" class=\"rpt_plans rpt_3_plans rpt_style_basic\"><div class=\"\"><div class=\"rpt_plan  rpt_plugin_f rpt_plan_0\"><div style=\"text-align:center;\" class=\"rpt_title rpt_title_0\">Starterpaket \ud83c\udfaf<\/div><div class=\"rpt_head rpt_head_0\"><div class=\"rpt_recurrence rpt_recurrence_0\">anstatt <del> 450 \u20ac <\/del><\/div><div class=\"rpt_price rpt_price_0\">390\u20ac<\/div><div style=\"color:#f48200;\" class=\"rpt_subtitle rpt_subtitle_0\">Unabh\u00e4ngig von der Komplexit\u00e4t oder Quadratmeterzahl.<\/div><\/div><div class=\"rpt_features rpt_features_0\"><div style=\"color:black;\" class=\"rpt_feature rpt_feature_0-0\"><strong>3<\/strong> Innen-\/Au\u00dfen-3D-Perspektiven\r<\/div><div style=\"color:black;\" class=\"rpt_feature rpt_feature_0-1\">\u2713 4K-Qualit\u00e4t \r<\/div><div style=\"color:black;\" class=\"rpt_feature rpt_feature_0-2\">\u2713 Kostenlose* \u00dcberarbeitung\r<\/div><div style=\"color:black;\" class=\"rpt_feature rpt_feature_0-3\">\u2713 Korrektur Bis zu Ihrer Zufriedenheit\r<\/div><div style=\"color:black;\" class=\"rpt_feature rpt_feature_0-4\">\u2713 Layout mit Ihrem Logo und Ihren Kontaktdaten\r<\/div><div style=\"color:black;\" class=\"rpt_feature rpt_feature_0-5\">\u2713 Kundensupport rund um die Uhr<\/div><\/div><a target=\"_self\" href=\"https:\/\/wa.me\/33761122801\" style=\"background:#f48200\" class=\"rpt_foot rpt_foot_0\" rel=\"noopener\">KONTAKT<\/a><\/div><div class=\"rpt_plan  rpt_plugin_f rpt_plan_1\"><div style=\"text-align:center;\" class=\"rpt_title rpt_title_1\">Premium-Paket \ud83d\ude80<\/div><div class=\"rpt_head rpt_head_1\"><div class=\"rpt_recurrence rpt_recurrence_1\">anstatt <del> 900 \u20ac <\/del><\/div><div class=\"rpt_price rpt_price_1\">690\u20ac<\/div><div style=\"color:#f48200;\" class=\"rpt_subtitle rpt_subtitle_1\">Unabh\u00e4ngig von der Komplexit\u00e4t oder Quadratmeterzahl.<\/div><\/div><div class=\"rpt_features rpt_features_1\"><div style=\"color:black;\" class=\"rpt_feature rpt_feature_1-0\"><strong>6<\/strong> Innen-\/Au\u00dfen-3D-Perspektiven\r<\/div><div style=\"color:black;\" class=\"rpt_feature rpt_feature_1-1\">\u2713 4K-Qualit\u00e4t \r<\/div><div style=\"color:black;\" class=\"rpt_feature rpt_feature_1-2\">\u2713 Kostenlose* \u00dcberarbeitung\r<\/div><div style=\"color:black;\" class=\"rpt_feature rpt_feature_1-3\">\u2713 Korrektur Bis zu Ihrer Zufriedenheit\r<\/div><div style=\"color:black;\" class=\"rpt_feature rpt_feature_1-4\">\u2713 Layout mit Ihrem Logo und Ihren Kontaktdaten\r<\/div><div style=\"color:black;\" class=\"rpt_feature rpt_feature_1-5\">\u2713 Kundensupport rund um die Uhr<\/div><\/div><a target=\"_self\" href=\"https:\/\/wa.me\/33761122801\" style=\"background:#f48200\" class=\"rpt_foot rpt_foot_1\" rel=\"noopener\">KONTAKT<\/a><\/div><div class=\"rpt_plan  rpt_plugin_f rpt_plan_2  #e37218\"><div style=\"text-align:center;\" class=\"rpt_title rpt_title_2\">Pack Pro \ud83c\udf1f<\/div><div class=\"rpt_head rpt_head_2\"><div class=\"rpt_recurrence rpt_recurrence_2\">anstatt <del> 1490 \u20ac <\/del><\/div><div class=\"rpt_price rpt_price_2\">990\u20ac<\/div><div style=\"color:#f48200;\" class=\"rpt_subtitle rpt_subtitle_2\">Unabh\u00e4ngig von der Komplexit\u00e4t oder Quadratmeterzahl.<\/div><\/div><div class=\"rpt_features rpt_features_2\"><div style=\"color:black;\" class=\"rpt_feature rpt_feature_2-0\"><strong>10<\/strong> Innen-\/Au\u00dfen-3D-Perspektiven\r<\/div><div style=\"color:black;\" class=\"rpt_feature rpt_feature_2-1\">\u2713 4K-Qualit\u00e4t \r<\/div><div style=\"color:black;\" class=\"rpt_feature rpt_feature_2-2\">\u2713 Kostenlose* \u00dcberarbeitung\r<\/div><div style=\"color:black;\" class=\"rpt_feature rpt_feature_2-3\">\u2713 Korrektur Bis zu Ihrer Zufriedenheit\r<\/div><div style=\"color:black;\" class=\"rpt_feature rpt_feature_2-4\">\u2713 Layout mit Ihrem Logo und Ihren Kontaktdaten\r<\/div><div style=\"color:black;\" class=\"rpt_feature rpt_feature_2-5\">\u2713 Kundensupport rund um die Uhr<\/div><\/div><a target=\"_self\" href=\"https:\/\/wa.me\/33761122801\" style=\"background:#f48200\" class=\"rpt_foot rpt_foot_2\" rel=\"noopener\">WhatsApp<\/a><\/div><\/div><\/div><div style=\"clear:both;\"><\/div>\n\t\t<\/div>\n\t<\/div>\n<p class=\"text-right\"><a href=\"https:\/\/dincarchitect.com\/de\/architekt\/\" class=\"btn btn-primary arrow-right\"><span>Siehe Abonnementpakete<\/span><\/a><\/p><\/div><\/div><\/div><\/div>\n<\/section>","protected":false},"excerpt":{"rendered":"","protected":false},"author":1,"featured_media":10877,"parent":0,"menu_order":0,"comment_status":"closed","ping_status":"closed","template":"","meta":{"footnotes":""},"acf":[],"_links":{"self":[{"href":"https:\/\/dincarchitect.com\/de\/wp-json\/wp\/v2\/pages\/14010"}],"collection":[{"href":"https:\/\/dincarchitect.com\/de\/wp-json\/wp\/v2\/pages"}],"about":[{"href":"https:\/\/dincarchitect.com\/de\/wp-json\/wp\/v2\/types\/page"}],"author":[{"embeddable":true,"href":"https:\/\/dincarchitect.com\/de\/wp-json\/wp\/v2\/users\/1"}],"replies":[{"embeddable":true,"href":"https:\/\/dincarchitect.com\/de\/wp-json\/wp\/v2\/comments?post=14010"}],"version-history":[{"count":0,"href":"https:\/\/dincarchitect.com\/de\/wp-json\/wp\/v2\/pages\/14010\/revisions"}],"wp:featuredmedia":[{"embeddable":true,"href":"https:\/\/dincarchitect.com\/de\/wp-json\/wp\/v2\/media\/10877"}],"wp:attachment":[{"href":"https:\/\/dincarchitect.com\/de\/wp-json\/wp\/v2\/media?parent=14010"}],"curies":[{"name":"wp","href":"https:\/\/api.w.org\/{rel}","templated":true}]}}