{"id":13774,"date":"2023-06-12T00:00:56","date_gmt":"2023-06-12T00:00:56","guid":{"rendered":"https:\/\/dincarchitect.com\/?page_id=13774"},"modified":"2023-06-12T00:56:36","modified_gmt":"2023-06-12T00:56:36","slug":"terms-and-conditions","status":"publish","type":"page","link":"https:\/\/dincarchitect.com\/de\/geschaftsbedingungen\/","title":{"rendered":"Gesch\u00e4ftsbedingungen"},"content":{"rendered":"<section class=\"wpb-content-wrapper\"><div class=\"vc_row wpb_row vc_row-fluid vc_custom_1686439582595\"><div class=\"wpb_column vc_column_container vc_col-sm-12\"><div class=\"vc_column-inner\"><div class=\"wpb_wrapper\"><span class=\"subtitle dash-true style-dark text-default\">dincarchitect.com<\/span>\n\t<div class=\"wpb_text_column wpb_content_element\" >\n\t\t<div class=\"wpb_wrapper\">\n\t\t\t<h2 style=\"text-align: center;\">Gesch\u00e4ftsbedingungen<\/h2>\n\n\t\t<\/div>\n\t<\/div>\n<\/div><\/div><\/div><\/div><div class=\"vc_row wpb_row vc_row-fluid vc_custom_1686439565266\"><div class=\"wpb_column vc_column_container vc_col-sm-12\"><div class=\"vc_column-inner\"><div class=\"wpb_wrapper\">\n\t<div class=\"wpb_text_column wpb_content_element\" >\n\t\t<div class=\"wpb_wrapper\">\n\t\t\t<p><strong>ARTIKEL 1 \u2013 ZWECK<\/strong><\/p>\n<p>Ziel dieser Allgemeinen Verkaufs- und Nutzungsbedingungen (AGB und AGB) ist es, die Bedingungen festzulegen, unter denen DA Studio seinen Nutzerkunden seine Dienstleistungen erbringt. Sie regeln die Bereitstellung von Diensten zwischen DA Studio und dem Benutzerkunden \u00fcber die Website <a href=\"https:\/\/dincarchitect.com\/de\/\" target=\"_new\" rel=\"noopener\">www.dincarchitect.com<\/a> und haben ggf. Vorrang vor allen anderen widerspr\u00fcchlichen Dokumenten. DA Studio ist ein auf die Erstellung von 3D-Bildern und digitale Dienstleistungen spezialisiertes Unternehmen. Der eingetragene Sitz befindet sich in Paris, Frankreich und in der T\u00fcrkei. Es kann kein Serviceauftrag registriert oder bearbeitet werden, es sei denn, der Nutzerkunde hat diese Allgemeinen Verkaufs- und Nutzungsbedingungen zuvor durch eindeutige Annahme eines Angebots akzeptiert. Diese Annahme kann entweder durch Unterzeichnung des Angebots selbst oder durch eine positive Antwort per E-Mail auf das Angebot, die auf dem gleichen Weg (z. B. E-Mail) eingegangen ist, zum Ausdruck gebracht werden. Durch die Annahme der Allgemeinen Verkaufs- und Nutzungsbedingungen akzeptiert der Nutzerkunde diese vorbehaltlos und vollst\u00e4ndig.<\/p>\n<p><strong>ARTIKEL 2 \u2013 DIENSTLEISTUNGEN DES DESIGNERS<\/strong><\/p>\n<p>Erstellung von 3D-Bildern und Bereitstellung digitaler Dienstleistungen. Der Designer ist daf\u00fcr verantwortlich, seine Leistungen gem\u00e4\u00df den im Angebot festgelegten Bedingungen auszuf\u00fchren. Der Nutzer-Kunde stellt dem Designer alle notwendigen Informationen f\u00fcr die Fertigstellung seines Projekts zur Verf\u00fcgung, wie vom Designer verlangt.<\/p>\n<p><strong>ARTIKEL 3 \u2013 HAFTUNG DES ENTWICKLERS<\/strong><\/p>\n<p>Durch diese AGB und ANB garantiert der Designer, dass er die in den Spezifikationen (sofern vorhanden) oder dem vom Kunden und Designer validierten Angebot festgelegten Ziele erreicht.<\/p>\n<p><strong>ARTIKEL 4 \u2013 VERANTWORTUNG DES BENUTZERKUNDEN<\/strong><\/p>\n<p>4.1 \u2013 Die vom Nutzer-Kunden bereitgestellten Bilder und sonstigen Informationen, die der Designer bei der Erf\u00fcllung seiner Aufgaben verwendet, unterliegen ausschlie\u00dflich der Verantwortung des Nutzer-Kunden, einschlie\u00dflich aller urheberrechtlichen Fragen.<\/p>\n<p>4.2 \u2013 Der Nutzer-Kunde verpflichtet sich, dem Designer loyale, qualitativ hochwertige und konforme Daten gem\u00e4\u00df der geltenden Gesetzgebung zur Verf\u00fcgung zu stellen.<\/p>\n<p>4.3 \u2013 Der Nutzerkunde verpflichtet sich, alle gesetzlichen und beh\u00f6rdlichen Bestimmungen in Bezug auf Computer, Dateien und Freiheiten einzuhalten.<\/p>\n<p><strong>ARTIKEL 5 \u2013 RECHTE AN GEISTIGEM EIGENTUM<\/strong><\/p>\n<p>5.1 \u2013 Durch die Annahme dieser AGB und ANB erm\u00e4chtigt der Nutzerkunde DA Studio, die produzierten Bilder sowie die vom Nutzerkunden zur Verf\u00fcgung gestellten Bilder f\u00fcr seine Kommunikationszwecke mit Dritten zu verwenden. Daher ist DA Studio unter anderem berechtigt, diese Bilder auf seiner Website, in Werbematerialien, in sozialen Medien und in allen anderen Kommunikationsmedien (ausnahmslos) zu verbreiten, um seine Dienste zu bewerben.<\/p>\n<p>5.2 \u2013 Wann immer dies f\u00fcr notwendig erachtet wird, steht es dem Nutzerkunden jedoch frei, DA Studio durch eine einfache m\u00fcndliche Anfrage oder durch Unterzeichnung einer Vertraulichkeitsklausel aufzufordern, auf diese Genehmigung zu verzichten.<\/p>\n<p><strong>ARTIKEL 6 \u2013 ZAHLUNG<\/strong><\/p>\n<p>6.1 \u2013 Um die Qualit\u00e4t der erbrachten Dienstleistung zu testen, muss der Nutzerkunde bei seiner ersten Bestellung keine Anzahlung leisten und seine Bestellung nur dann abwickeln, wenn er mit dem Ergebnis zufrieden ist, bis zu einem H\u00f6chstbetrag von 300 \u20ac ohne Steuern. F\u00fcr jede Bestellung, die 300 \u20ac ohne Steuern \u00fcbersteigt, muss der Benutzerkunde den gesamten Restbetrag bezahlen.<\/p>\n<p>6.2 \u2013 Bei Folgebestellungen sind Rechnungen im Voraus zahlbar. Erst nach Zahlungseingang wird mit der gew\u00fcnschten Produktion begonnen.<\/p>\n<p>6.3 \u2013 Auch nach einer vorherigen Zahlung kann ein unzufriedener Kunde eine R\u00fcckerstattung seiner Bestellung verlangen (ohne dass es einer Begr\u00fcndung bedarf). Sie erhalten diese R\u00fcckerstattung innerhalb eines Zeitraums von maximal 72 Gesch\u00e4ftsstunden.<\/p>\n<p><strong>ARTIKEL 7 \u2013 VERPFLICHTUNGEN \u2013 VERANTWORTUNG DES DIENSTLEISTERS<\/strong><\/p>\n<p>Da DA Studio nur Simulationsvisualisierungen auf der Grundlage der vom Benutzerkunden bereitgestellten Daten und unter dessen Verantwortung bereitstellt, kann es nicht als in irgendeiner Weise an der Auswahl technischer L\u00f6sungen oder deren Implementierung durch den Benutzerkunden, den Eigent\u00fcmer oder den K\u00e4ufer beteiligt angesehen werden des Eigentums und kann diesbez\u00fcglich in keiner Weise haftbar gemacht werden.<\/p>\n<p>Ebenso kann DA Studio aufgrund dieser AGB und ANB nicht f\u00fcr die Lizenzen verantwortlich gemacht werden, die an der von seinen Partnern verwendeten Modellierungs- und Rendering-Software bestehen.<\/p>\n<p>Der Nutzerkunde erkennt ausdr\u00fccklich an, dass die von DA Studio angebotene Leistung nicht die technische Durchf\u00fchrbarkeit des Projekts umfasst.<\/p>\n<p>Daher verpflichtet sich der Benutzerkunde, die Dienste eines Kunstprofis in Anspruch zu nehmen, um die Durchf\u00fchrbarkeit der gew\u00e4hlten L\u00f6sungen auf der Grundlage der von DA Studio erstellten visuellen Simulationen sicherzustellen.<\/p>\n<p>Aus diesem Grund verpflichtet sich der Benutzerkunde oder sein Vertreter, der den Vorschlag, der sich aus der von DA Studio bereitgestellten Dienstleistung ergibt, umsetzen m\u00f6chte, alle erforderlichen technischen Studien durchzuf\u00fchren und \u00fcbernimmt die pers\u00f6nliche Verantwortung f\u00fcr alle rechtlichen, beh\u00f6rdlichen und administrativen Verpflichtungen ohne R\u00fcckgriff auf DA Studio.<\/p>\n<p>Ebenso kann DA Studio nicht als an der Realisierung eines Architekturprojekts im Sinne von Artikel 3 des Gesetzes Nr. 77-2 vom 3. Januar 1977 \u00fcber Architektur beteiligt angesehen werden.<\/p>\n<p>In jedem Fall ist die Haftung von DA Studio f\u00fcr Sch\u00e4den gem\u00e4\u00df diesen AGB und ANB auf einen Betrag beschr\u00e4nkt, der dem vom Nutzerkunden tats\u00e4chlich bezahlten Gesamtbetrag der Bestellung entspricht.<\/p>\n<p><strong>ARTIKEL 8 \u2013 PERS\u00d6NLICHE INFORMATIONEN<\/strong><\/p>\n<p>8.1 \u2013 Datenschutz DA Studio legt gro\u00dfen Wert auf die Wahrung der Privatsph\u00e4re. Durch die Nutzung seiner Website <a href=\"https:\/\/dincarchitect.com\/de\/\" target=\"_new\" rel=\"noopener\">www.dincarchitect.com<\/a> und\/oder durch die Erstellung eines Kontos erkennt der Benutzerkunde die Verarbeitung seiner personenbezogenen Daten durch DA Studio gem\u00e4\u00df geltendem Recht und den Bestimmungen der Datenschutzrichtlinie an und akzeptiert diese.<\/p>\n<p>8.2 \u2013 Statistische Verarbeitung Der Benutzerkunde erkennt an, dass DA Studio das Recht hat, seine Daten f\u00fcr statistische Zwecke zu verwenden und nach der Anonymisierung die entsprechenden statistischen Ergebnisse an Dritte zu \u00fcbertragen oder ihnen zuzuordnen.<\/p>\n<p>8.3 \u2013 Opt-out-Liste f\u00fcr telefonische Werbung Wenn wir f\u00fcr die Bearbeitung seiner Bestellung verpflichtet sind, die Telefonnummer des Nutzerkunden zu erfassen, informieren wir ihn \u00fcber sein Recht, sich wie vorgesehen in die Opt-out-Liste f\u00fcr telefonische Werbung von \u201eBloctel\u201c einzutragen in Artikel L223-1 des franz\u00f6sischen Verbraucherschutzgesetzes. Diese Liste kann unter abgerufen werden <a href=\"https:\/\/www.bloctel.gouv.fr\/\" target=\"_new\" rel=\"noopener\">www.bloctel.gouv.fr<\/a>.<\/p>\n<p><strong>ARTIKEL 9 \u2013 \u00c4NDERUNGEN UND ANFRAGEN AUSSERHALB DES ANGEBOTS<\/strong><\/p>\n<p>Alle W\u00fcnsche des Nutzerkunden, die nicht in seinem urspr\u00fcnglichen Angebot enthalten sind, wie z. B. wesentliche \u00c4nderungen an der Einrichtung oder Dekoration eines Raums oder die Hinzuf\u00fcgung zus\u00e4tzlicher R\u00e4ume, unterliegen einem erg\u00e4nzenden Angebot, das nur nach Zustimmung von ausgef\u00fchrt wird beide Parteien.<\/p>\n<p><strong>ARTIKEL 10 \u2013 STREITIGKEITEN<\/strong><\/p>\n<p>10.1 \u2013 Im Falle von Schwierigkeiten oder Streitigkeiten zwischen den Parteien hinsichtlich der Auslegung, Erf\u00fcllung oder Beendigung dieser Vereinbarung vereinbaren die Parteien, eine g\u00fctliche L\u00f6sung im Sinne dieses Vertrages anzustreben.<\/p>\n<p>10.2 \u2013 Diese allgemeinen Verkaufs- und Nutzungsbedingungen unterliegen franz\u00f6sischem Recht, und alle Streitigkeiten oder Meinungsverschiedenheiten, die zwischen den Parteien im Zusammenhang mit ihrer Auslegung, Erf\u00fcllung oder K\u00fcndigung entstehen, fallen in die ausschlie\u00dfliche Zust\u00e4ndigkeit des Handelsgerichts Paris.<\/p>\n\n\t\t<\/div>\n\t<\/div>\n<\/div><\/div><\/div><\/div>\n<\/section>","protected":false},"excerpt":{"rendered":"dincarchitect.com Allgemeine Gesch\u00e4ftsbedingungen ARTIKEL 1 \u2013 ZWECK Diese Allgemeinen Verkaufs- und Nutzungsbedingungen (AGB und GTU) zielen darauf ab, die Bedingungen zu definieren, unter denen DA Studio seine Dienste seinen Benutzerkunden zur Verf\u00fcgung stellt. Sie regeln jede Bereitstellung von Diensten zwischen DA Studio und dem Benutzerkunden \u00fcber die Website www.dincarchitect.com [...]","protected":false},"author":1,"featured_media":0,"parent":0,"menu_order":0,"comment_status":"closed","ping_status":"closed","template":"","meta":{"footnotes":""},"acf":[],"_links":{"self":[{"href":"https:\/\/dincarchitect.com\/de\/wp-json\/wp\/v2\/pages\/13774"}],"collection":[{"href":"https:\/\/dincarchitect.com\/de\/wp-json\/wp\/v2\/pages"}],"about":[{"href":"https:\/\/dincarchitect.com\/de\/wp-json\/wp\/v2\/types\/page"}],"author":[{"embeddable":true,"href":"https:\/\/dincarchitect.com\/de\/wp-json\/wp\/v2\/users\/1"}],"replies":[{"embeddable":true,"href":"https:\/\/dincarchitect.com\/de\/wp-json\/wp\/v2\/comments?post=13774"}],"version-history":[{"count":0,"href":"https:\/\/dincarchitect.com\/de\/wp-json\/wp\/v2\/pages\/13774\/revisions"}],"wp:attachment":[{"href":"https:\/\/dincarchitect.com\/de\/wp-json\/wp\/v2\/media?parent=13774"}],"curies":[{"name":"wp","href":"https:\/\/api.w.org\/{rel}","templated":true}]}}