{"id":13770,"date":"2023-06-10T23:36:09","date_gmt":"2023-06-10T23:36:09","guid":{"rendered":"https:\/\/dincarchitect.com\/?page_id=13770"},"modified":"2023-06-10T23:36:30","modified_gmt":"2023-06-10T23:36:30","slug":"legal-information","status":"publish","type":"page","link":"https:\/\/dincarchitect.com\/de\/rechtsinformation\/","title":{"rendered":"Rechtsinformation"},"content":{"rendered":"<section class=\"wpb-content-wrapper\"><div class=\"vc_row wpb_row vc_row-fluid vc_custom_1686439582595\"><div class=\"wpb_column vc_column_container vc_col-sm-12\"><div class=\"vc_column-inner\"><div class=\"wpb_wrapper\"><span class=\"subtitle dash-true style-dark text-default\">dincarchitect.com<\/span>\n\t<div class=\"wpb_text_column wpb_content_element\" >\n\t\t<div class=\"wpb_wrapper\">\n\t\t\t<h2 style=\"text-align: center;\">Rechtsinformation<\/h2>\n\n\t\t<\/div>\n\t<\/div>\n<\/div><\/div><\/div><\/div><div class=\"vc_row wpb_row vc_row-fluid vc_custom_1686439565266\"><div class=\"wpb_column vc_column_container vc_col-sm-12\"><div class=\"vc_column-inner\"><div class=\"wpb_wrapper\">\n\t<div class=\"wpb_text_column wpb_content_element\" >\n\t\t<div class=\"wpb_wrapper\">\n\t\t\t<p><strong>Zertifizierte rechtliche Informationen<\/strong><\/p>\n<p>Eingetragen im Handels- und Firmenregister unter der Nummer SIRET 298 088 65 76<\/p>\n<p>Umsatzsteuer-Identifikationsnummer: 0 298 088 65 76 000 01<\/p>\n<p>Telefonnummer: <a href=\"tel: 33761122801\"> +33 7 61 12 28 01<\/a><\/p>\n<p><strong>Datenschutz und Privatsph\u00e4re<\/strong><\/p>\n<p>Die gesammelten Informationen unterliegen einer Computerverarbeitung, die ausschlie\u00dflich f\u00fcr die Nutzung der Machou Pichou-Website bestimmt ist, und werden unter keinen Umst\u00e4nden an Dritte weitergegeben.<\/p>\n<p>Gem\u00e4\u00df dem ge\u00e4nderten Gesetz \u201eDatenschutz und Informationsfreiheit\u201c vom 6. Januar 1978 haben Sie das Recht auf Zugang und Berichtigung der Sie betreffenden Informationen, das Sie aus\u00fcben k\u00f6nnen, indem Sie uns unter kontaktieren <a href=\"mailto:info@dincarchitect.com\">info@dincarchitect.com<\/a><a href=\"mailto:info@architect.wp-set.com\" target=\"_new\" rel=\"noopener\"> Sie k\u00f6nnen der Verarbeitung Ihrer Daten auch aus berechtigten Gr\u00fcnden widersprechen.<\/a><\/p>\n<p><strong>Geistigen Eigentums<\/strong><\/p>\n<p>Gem\u00e4\u00df den Bestimmungen von Artikel L 112-3 des Gesetzes \u00fcber geistiges Eigentum d\u00fcrfen alle Elemente der Website ohne die ausdr\u00fcckliche Genehmigung des Website-Betreibers oder seines Rechteinhabers weder ganz noch teilweise auf irgendeinem Medium reproduziert werden, unter Androhung der Strafe Klage.<\/p>\n\n\t\t<\/div>\n\t<\/div>\n<\/div><\/div><\/div><\/div>\n<\/section>","protected":false},"excerpt":{"rendered":"dincarchitect.com Rechtliche Informationen Zertifizierte rechtliche Informationen Eingetragen im Handels- und Gesellschaftsregister unter der Nummer SIRET 298 088 65 76 Umsatzsteuer-Identifikationsnummer: 0 298 088 65 76 000 01 Telefonnummer: +33 7 61 12 28 01 Datenschutz und Privatsph\u00e4re Die gesammelten Informationen werden computergest\u00fctzt verarbeitet und dienen ausschlie\u00dflich dem Zweck [...]","protected":false},"author":1,"featured_media":0,"parent":0,"menu_order":0,"comment_status":"closed","ping_status":"closed","template":"","meta":{"footnotes":""},"acf":[],"_links":{"self":[{"href":"https:\/\/dincarchitect.com\/de\/wp-json\/wp\/v2\/pages\/13770"}],"collection":[{"href":"https:\/\/dincarchitect.com\/de\/wp-json\/wp\/v2\/pages"}],"about":[{"href":"https:\/\/dincarchitect.com\/de\/wp-json\/wp\/v2\/types\/page"}],"author":[{"embeddable":true,"href":"https:\/\/dincarchitect.com\/de\/wp-json\/wp\/v2\/users\/1"}],"replies":[{"embeddable":true,"href":"https:\/\/dincarchitect.com\/de\/wp-json\/wp\/v2\/comments?post=13770"}],"version-history":[{"count":0,"href":"https:\/\/dincarchitect.com\/de\/wp-json\/wp\/v2\/pages\/13770\/revisions"}],"wp:attachment":[{"href":"https:\/\/dincarchitect.com\/de\/wp-json\/wp\/v2\/media?parent=13770"}],"curies":[{"name":"wp","href":"https:\/\/api.w.org\/{rel}","templated":true}]}}