{"id":13759,"date":"2023-06-12T00:00:15","date_gmt":"2023-06-12T00:00:15","guid":{"rendered":"https:\/\/dincarchitect.com\/?page_id=13759"},"modified":"2023-06-12T00:54:38","modified_gmt":"2023-06-12T00:54:38","slug":"privacy-policy","status":"publish","type":"page","link":"https:\/\/dincarchitect.com\/de\/datenschutz-bestimmungen\/","title":{"rendered":"Datenschutz-Bestimmungen"},"content":{"rendered":"<section class=\"wpb-content-wrapper\"><div class=\"vc_row wpb_row vc_row-fluid vc_custom_1686439582595\"><div class=\"wpb_column vc_column_container vc_col-sm-12\"><div class=\"vc_column-inner\"><div class=\"wpb_wrapper\"><span class=\"subtitle dash-true style-dark text-default\">dincarchitect.com<\/span>\n\t<div class=\"wpb_text_column wpb_content_element\" >\n\t\t<div class=\"wpb_wrapper\">\n\t\t\t<h2 style=\"text-align: center;\">Datenschutz-Bestimmungen<\/h2>\n\n\t\t<\/div>\n\t<\/div>\n<\/div><\/div><\/div><\/div><div class=\"vc_row wpb_row vc_row-fluid vc_custom_1686439565266\"><div class=\"wpb_column vc_column_container vc_col-sm-12\"><div class=\"vc_column-inner\"><div class=\"wpb_wrapper\">\n\t<div class=\"wpb_text_column wpb_content_element\" >\n\t\t<div class=\"wpb_wrapper\">\n\t\t\t<p><strong>Einf\u00fchrung<\/strong><\/p>\n<p>Bei der Entwicklung neuer Kommunikationsmittel ist es notwendig, dem Schutz der Privatsph\u00e4re besondere Aufmerksamkeit zu schenken. Daher verpflichten wir uns, die Vertraulichkeit der von uns erfassten personenbezogenen Daten zu respektieren.<\/p>\n<p><strong>Erhebung personenbezogener Daten<\/strong><\/p>\n<p>Zu den personenbezogenen Daten (oder \u201eDaten\u201c), die auf dieser Website (oder \u201ePlattform\u201c) \u00fcber Formulare und durch die zwischen Ihnen und unserer Plattform hergestellte Interaktivit\u00e4t erfasst werden, geh\u00f6ren:<\/p>\n<ul>\n<li>Vollst\u00e4ndiger Name<\/li>\n<li>Vorname<\/li>\n<li>Name der Firma<\/li>\n<li>Postanschrift<\/li>\n<li>Postleitzahl<\/li>\n<li>E-Mail-Addresse<\/li>\n<li>Telefon-\/Faxnummer<\/li>\n<li>Geschlecht<\/li>\n<li>Geburtsdatum<\/li>\n<\/ul>\n<p>Die von uns erfassten personenbezogenen Daten werden \u00fcber Formulare und durch die zwischen Ihnen und unserer Website hergestellte Interaktivit\u00e4t erfasst. Wir verwenden auch Cookies und\/oder Protokolle, wie im folgenden Abschnitt beschrieben, um Informationen \u00fcber Sie zu sammeln.<\/p>\n<p><strong>Formen und Interaktivit\u00e4t:<\/strong><\/p>\n<p>Ihre pers\u00f6nlichen Daten werden \u00fcber Formulare erfasst, und zwar:<\/p>\n<ul>\n<li>Website-Registrierungsformular<\/li>\n<\/ul>\n<p>Ihre Daten werden auch durch die Interaktivit\u00e4t erfasst, die zwischen Ihnen und unserer Website auf folgende Weise stattfinden kann:<\/p>\n<ul>\n<li>Kontakt<\/li>\n<li>Website-Management (Pr\u00e4sentation, Organisation)<\/li>\n<li>Kommentare<\/li>\n<\/ul>\n<p><strong>Recht auf Widerspruch und Widerruf der Einwilligung<\/strong><\/p>\n<p>Mit dieser Datenschutzerkl\u00e4rung verpflichten wir uns, Ihnen das Recht einzur\u00e4umen, der Nutzung Ihrer personenbezogenen Daten zu widersprechen und Ihre Einwilligung zu widerrufen.<\/p>\n<p>Das Widerspruchsrecht bedeutet, dass Sie die M\u00f6glichkeit haben, die Verwendung Ihrer personenbezogenen Daten f\u00fcr bestimmte, zum Zeitpunkt der Erhebung angegebene Zwecke abzulehnen.<\/p>\n<p>Das Recht auf Widerruf der Einwilligung bedeutet, dass Sie die M\u00f6glichkeit haben, die Entfernung Ihrer personenbezogenen Daten beispielsweise aus einer Mailingliste zu verlangen.<\/p>\n<p>Um diese Rechte auszu\u00fcben, k\u00f6nnen Sie uns unter den folgenden Kontaktdaten kontaktieren:<\/p>\n<p>Telefon: <a href=\"tel: 33761122801\">+33 7 61 12 28 01<\/a><\/p>\n<p>Website-Bereich: <a href=\"https:\/\/dincarchitect.com\/de\/\" target=\"_new\" rel=\"noopener\">www.dincarchitect.com<\/a><\/p>\n<p><strong>Zugangsrecht<\/strong><\/p>\n<p>Wir verpflichten uns, das Recht auf Zugang und Berichtigung f\u00fcr Personen anzuerkennen, die ihre pers\u00f6nlichen Daten einsehen, \u00e4ndern oder l\u00f6schen m\u00f6chten.<\/p>\n<p>Um dieses Recht auszu\u00fcben, k\u00f6nnen Sie uns unter den folgenden Kontaktdaten kontaktieren:<\/p>\n<p>Telefon: <a href=\"tel: 33761122801\">+33 7 61 12 28 01<\/a><\/p>\n<p>Website-Bereich: <a href=\"https:\/\/dincarchitect.com\/de\/\" target=\"_new\" rel=\"noopener\">www.dincarchitect.com<\/a><\/p>\n<p><strong>Sicherheit<\/strong><\/p>\n<p>Mit dieser Datenschutzrichtlinie verpflichten wir uns, daf\u00fcr zu sorgen, dass die erfassten personenbezogenen Daten in einer sicheren Umgebung aufbewahrt werden. Unsere Mitarbeiter sind verpflichtet, die Vertraulichkeit Ihrer Daten zu respektieren.<\/p>\n<p>Um die Sicherheit Ihrer pers\u00f6nlichen Daten zu gew\u00e4hrleisten, ergreifen wir die folgenden Ma\u00dfnahmen:<\/p>\n<ul>\n<li>SSL-Protokoll (Secure Sockets Layer).<\/li>\n<li>Zugangsverwaltung f\u00fcr autorisiertes Personal<\/li>\n<li>Zugangsverwaltung f\u00fcr betroffene Personen<\/li>\n<li>Netzwerk\u00fcberwachungssoftware<\/li>\n<li>Computer-Backup-Systeme<\/li>\n<li>Entwicklung digitaler Zertifikate<\/li>\n<li>Benutzer-ID\/Passwort-Firewall-Schutz<\/li>\n<\/ul>\n<p>Wir verpflichten uns zu einem hohen Ma\u00df an Vertraulichkeit, indem wir die neuesten technologischen Innovationen integrieren, um die Vertraulichkeit Ihrer Transaktionen zu gew\u00e4hrleisten. Da jedoch kein Mechanismus die gr\u00f6\u00dftm\u00f6gliche Sicherheit bieten kann, birgt die Nutzung des Internets zur \u00dcbermittlung personenbezogener Daten stets ein gewisses Risiko.<\/p>\n\n\t\t<\/div>\n\t<\/div>\n<\/div><\/div><\/div><\/div>\n<\/section>","protected":false},"excerpt":{"rendered":"dincarchitect.com Privacy Policy Introduction With the development of new communication tools, it is necessary to pay special attention to the protection of privacy. Therefore, we are committed to respecting the confidentiality of the personal information we collect. Collection of Personal Data The personal data (or \"Data\") collected on this website (or \"Platform\") through forms and [...]","protected":false},"author":1,"featured_media":0,"parent":0,"menu_order":0,"comment_status":"closed","ping_status":"closed","template":"","meta":{"footnotes":""},"acf":[],"_links":{"self":[{"href":"https:\/\/dincarchitect.com\/de\/wp-json\/wp\/v2\/pages\/13759"}],"collection":[{"href":"https:\/\/dincarchitect.com\/de\/wp-json\/wp\/v2\/pages"}],"about":[{"href":"https:\/\/dincarchitect.com\/de\/wp-json\/wp\/v2\/types\/page"}],"author":[{"embeddable":true,"href":"https:\/\/dincarchitect.com\/de\/wp-json\/wp\/v2\/users\/1"}],"replies":[{"embeddable":true,"href":"https:\/\/dincarchitect.com\/de\/wp-json\/wp\/v2\/comments?post=13759"}],"version-history":[{"count":0,"href":"https:\/\/dincarchitect.com\/de\/wp-json\/wp\/v2\/pages\/13759\/revisions"}],"wp:attachment":[{"href":"https:\/\/dincarchitect.com\/de\/wp-json\/wp\/v2\/media?parent=13759"}],"curies":[{"name":"wp","href":"https:\/\/api.w.org\/{rel}","templated":true}]}}