{"id":13566,"date":"2023-06-12T00:00:48","date_gmt":"2023-06-12T00:00:48","guid":{"rendered":"https:\/\/dincarchitect.com\/?page_id=13566"},"modified":"2023-06-12T00:53:26","modified_gmt":"2023-06-12T00:53:26","slug":"faq","status":"publish","type":"page","link":"https:\/\/dincarchitect.com\/de\/faq\/","title":{"rendered":"FAQ"},"content":{"rendered":"<section class=\"wpb-content-wrapper\"><div class=\"vc_row wpb_row vc_row-fluid vc_custom_1534163990014 vc_column-gap-30\"><div class=\"wpb_column vc_column_container vc_col-sm-12\"><div class=\"vc_column-inner\"><div class=\"wpb_wrapper\"><span class=\"subtitle dash-true style-dark text-default\">H\u00e4ufig gestellte Fragen (FAQ)<\/span>\n\t<div class=\"wpb_text_column wpb_content_element  wpb_animate_when_almost_visible wpb_fadeIn fadeIn vc_custom_1686350307042\" >\n\t\t<div class=\"wpb_wrapper\">\n\t\t\t<h2>3D-Immobilienbilder<\/h2>\n<div class=\"group w-full text-gray-800 dark:text-gray-100 border-b border-black\/10 dark:border-gray-900\/50 bg-gray-50 dark:bg-&#091;#444654&#093;\">\n<div class=\"flex p-4 gap-4 text-base md:gap-6 md:max-w-2xl lg:max-w-&#091;38rem&#093; xl:max-w-3xl md:py-6 lg:px-0 m-auto\">\n<div class=\"relative flex w-&#091;calc(100%-50px)&#093; flex-col gap-1 md:gap-3 lg:w-&#091;calc(100%-115px)&#093;\">\n<div class=\"flex flex-grow flex-col gap-3\">\n<div class=\"min-h-&#091;20px&#093; flex flex-col items-start gap-4 whitespace-pre-wrap break-words\">\n<div class=\"markdown prose w-full break-words dark:prose-invert light\">\n<p>3D-Bildservice: 3D-Perspektiven, 360\u00b0-Ansichten, virtuelle Rundg\u00e4nge\u2026<\/p>\n<\/div>\n<\/div>\n<\/div>\n<div class=\"flex justify-between lg:block\">\n<div class=\"text-gray-400 flex self-end lg:self-center justify-center mt-2 gap-2 md:gap-3 lg:gap-1 lg:absolute lg:top-0 lg:translate-x-full lg:right-0 lg:mt-0 lg:pl-2 visible\"><\/div>\n<\/div>\n<\/div>\n<\/div>\n<\/div>\n\n\t\t<\/div>\n\t<\/div>\n\n\t<div class=\"wpb_text_column wpb_content_element  vc_custom_1686351696937\" >\n\t\t<div class=\"wpb_wrapper\">\n\t\t\t<div class=\"panel-group light\" id=\"accordion-0\">\n<div class=\"panel\"><div class=\"panel-heading\"><h3 class=\"panel-title\"><a class=\"accordion-toggle deactive\" data-toggle=\"collapse\" data-parent=\"#accordion-0\" href=\"#collapse_0_How-Does-It-Work\">Wie funktioniert es?<\/a><\/h3><\/div><div id=\"collapse_0_How-Does-It-Work\" class=\"panel-collapse collapse deactive\"><div class=\"panel-body\">\n<p>Die Bestellung von 3D-Bildern ist ein flexibler und unkomplizierter Prozess.<\/p>\n<p>So funktioniert das:<\/p>\n<ol>\n<li>Stellen Sie uns Ihre Projektmaterialien zur Verf\u00fcgung: Dazu geh\u00f6ren digitale Architekturpl\u00e4ne wie AutoCAD-Dateien, handgezeichnete Pl\u00e4ne und\/oder Referenzfotos. Diese Materialien dienen als Grundlage f\u00fcr die Erstellung der 3D-Renderings.<\/li>\n<li>Erster Vorschlag: Basierend auf den bereitgestellten Materialien erstellen wir einen ersten 3D-Rendering-Vorschlag. Dadurch erhalten Sie eine visuelle Darstellung, wie Ihr Projekt im dreidimensionalen Raum aussehen wird.<\/li>\n<li>\u00dcberarbeitungsprozess: Wir sch\u00e4tzen Ihren Input und sind bestrebt, Ihre spezifischen Anforderungen zu erf\u00fcllen. Wenn Sie \u00c4nderungen oder Anpassungen zum urspr\u00fcnglichen Vorschlag w\u00fcnschen, werden wir diese in den Entwurf integrieren. Wir arbeiten eng mit Ihnen zusammen, um sicherzustellen, dass das Endergebnis Ihren Erwartungen entspricht.<\/li>\n<li>Finalisierung: Sobald die \u00dcberarbeitungen umgesetzt wurden und das gew\u00fcnschte Ergebnis erreicht ist, finalisieren wir die 3D-Renderings und liefern sie Ihnen im vereinbarten Format.<\/li>\n<\/ol>\n<p>Unser Ziel ist es, Ihnen hochwertige, realistische 3D-Bilder zu liefern, die Ihr Projekt genau darstellen. Unser Ziel ist es, den Prozess so reibungslos und effizient wie m\u00f6glich zu gestalten, damit Sie Ihre Entw\u00fcrfe effektiv visualisieren und pr\u00e4sentieren k\u00f6nnen.<\/p>\n<p><\/p> <\/div><\/div><\/div><br \/>\n<div class=\"panel\"><div class=\"panel-heading\"><h3 class=\"panel-title\"><a class=\"accordion-toggle\" data-toggle=\"collapse\" data-parent=\"#accordion-0\" href=\"#collapse_1_Intervention-of-an-Interior-Decorator\">Intervention eines Innenarchitekten<\/a><\/h3><\/div><div id=\"collapse_1_Intervention-of-an-Interior-Decorator\" class=\"panel-collapse collapse\"><div class=\"panel-body\">\n<p>Alle unsere visuellen 3D-Designer sind auch Innenarchitekten. Unabh\u00e4ngig vom Stadium Ihres Projekts k\u00f6nnen sie es so interpretieren oder erg\u00e4nzen, dass es Ihren Erwartungen perfekt entspricht. Sie k\u00f6nnen den gew\u00fcnschten Dekorationsstil beschreiben (zeitgen\u00f6ssisch, industriell, Vintage, ethnisch, skandinavisch, rustikal, kokonartig) oder uns Bilder der von Ihnen gew\u00e4hlten M\u00f6bel, Dekorationsgegenst\u00e4nde, Texturen, Beleuchtung und Farben zusenden. Sie sorgen daf\u00fcr, dass Ihre Vision genau in die 3D-Renderings umgesetzt wird.<\/p>\n<p><\/p> <\/div><\/div><\/div><br \/>\n<div class=\"panel\"><div class=\"panel-heading\"><h3 class=\"panel-title\"><a class=\"accordion-toggle\" data-toggle=\"collapse\" data-parent=\"#accordion-0\" href=\"#collapse_2_Delivery-3-to-5-days\">Lieferung: 3 bis 5 Tage<\/a><\/h3><\/div><div id=\"collapse_2_Delivery-3-to-5-days\" class=\"panel-collapse collapse\"><div class=\"panel-body\">\n<p>Sobald wir Ihre Unterlagen und Vorschl\u00e4ge erhalten haben, erhalten Sie innerhalb von 3 bis 5 Werktagen den ersten 3D-Bildvorschlag. Wir werden dann alle von Ihnen gew\u00fcnschten Korrekturen innerhalb von 24 Gesch\u00e4ftsstunden vornehmen.<\/p>\n<p><\/p> <\/div><\/div><\/div><br \/>\n<div class=\"panel\"><div class=\"panel-heading\"><h3 class=\"panel-title\"><a class=\"accordion-toggle\" data-toggle=\"collapse\" data-parent=\"#accordion-0\" href=\"#collapse_3_Delivery-of-Source-Files\">Lieferung von Quelldateien<\/a><\/h3><\/div><div id=\"collapse_3_Delivery-of-Source-Files\" class=\"panel-collapse collapse\"><div class=\"panel-body\">\n<p>Sie behalten Ihre Autonomie. Wir stellen Ihnen immer die Quelldateien zur Verf\u00fcgung, sodass Sie Ihre 3D-Bilder bei Bedarf \u00e4ndern k\u00f6nnen.<\/p>\n<p><\/p> <\/div><\/div><\/div><br \/>\n<div class=\"panel\"><div class=\"panel-heading\"><h3 class=\"panel-title\"><a class=\"accordion-toggle\" data-toggle=\"collapse\" data-parent=\"#accordion-0\" href=\"#collapse_4_A-Powerful-Commercial-Lever\">Ein leistungsstarker kommerzieller Hebel<\/a><\/h3><\/div><div id=\"collapse_4_A-Powerful-Commercial-Lever\" class=\"panel-collapse collapse\"><div class=\"panel-body\">\n<p>Steigern Sie Ihr Gesch\u00e4ft mit leistungsstarken Tools<\/p>\n<p>Sch\u00f6pfen Sie das volle Potenzial Ihres Unternehmens mit unseren \u00fcberzeugenden 3D-Werbetools aus. Von Off-Plan-Verk\u00e4ufen und Angebotsantworten bis hin zu Home Staging, Innenarchitektur und Social-Media-Kommunikation bieten wir eine Reihe attraktiver Dienstleistungen zu wettbewerbsf\u00e4higen Preisen. G\u00f6nnen Sie sich die Werkzeuge, die den Unterschied machen und Sie von anderen abheben: 3D-Perspektiven, Fotomontagen, 360\u00b0-Panoramabilder, virtuelle Rundg\u00e4nge, axonometrische Ansichten und mehr.<\/p>\n<p><\/p> <\/div><\/div><\/div><br \/>\n<div class=\"panel\"><div class=\"panel-heading\"><h3 class=\"panel-title\"><a class=\"accordion-toggle\" data-toggle=\"collapse\" data-parent=\"#accordion-0\" href=\"#collapse_5_Optimize-Your-Time\">Optimieren Sie Ihre Zeit<\/a><\/h3><\/div><div id=\"collapse_5_Optimize-Your-Time\" class=\"panel-collapse collapse\"><div class=\"panel-body\">\n<p>Vertrauen Sie uns die Produktion Ihrer 3D-Visualisierungen an und konzentrieren Sie sich auf Ihr Kerngesch\u00e4ft und Ihre Wertsch\u00f6pfung. Als Experten f\u00fcr den Einsatz von 3D-Software erzielen wir oft Ergebnisse, die genauso gut, wenn nicht sogar besser sind als das, was Sie selbst produzieren k\u00f6nnen \u2013 und das zu einem g\u00fcnstigeren Preis.<\/p>\n<p><\/p> <\/div><\/div><\/div><br \/>\n<div class=\"panel\"><div class=\"panel-heading\"><h3 class=\"panel-title\"><a class=\"accordion-toggle\" data-toggle=\"collapse\" data-parent=\"#accordion-0\" href=\"#collapse_6_Tools\">Werkzeug<\/a><\/h3><\/div><div id=\"collapse_6_Tools\" class=\"panel-collapse collapse\"><div class=\"panel-body\">\n<p>Unsere Perspektivk\u00fcnstler nutzen eine breite Palette von Computertools, um alle Ihre Anforderungen an ultrarealistische 3D-Perspektiven zu erf\u00fcllen.<\/p>\n<p><\/p> <\/div><\/div><\/div>\n<p><\/p><\/div>\n\n\t\t<\/div>\n\t<\/div>\n<\/div><\/div><\/div><\/div>\n<\/section>","protected":false},"excerpt":{"rendered":"Frequently Asked Questions (FAQ) 3D Real Estate Images 3D Image Service: 3D Perspectives, 360\u00b0 Views, Virtual Tours... How Does It Work? Placing an order for 3D images is a flexible and straightforward process. Here's how it works: Provide us with your project materials: This includes digital architectural plans such as AutoCAD files, hand-drawn plans, and\/or [...]","protected":false},"author":1,"featured_media":0,"parent":0,"menu_order":0,"comment_status":"closed","ping_status":"closed","template":"","meta":{"footnotes":""},"acf":[],"_links":{"self":[{"href":"https:\/\/dincarchitect.com\/de\/wp-json\/wp\/v2\/pages\/13566"}],"collection":[{"href":"https:\/\/dincarchitect.com\/de\/wp-json\/wp\/v2\/pages"}],"about":[{"href":"https:\/\/dincarchitect.com\/de\/wp-json\/wp\/v2\/types\/page"}],"author":[{"embeddable":true,"href":"https:\/\/dincarchitect.com\/de\/wp-json\/wp\/v2\/users\/1"}],"replies":[{"embeddable":true,"href":"https:\/\/dincarchitect.com\/de\/wp-json\/wp\/v2\/comments?post=13566"}],"version-history":[{"count":0,"href":"https:\/\/dincarchitect.com\/de\/wp-json\/wp\/v2\/pages\/13566\/revisions"}],"wp:attachment":[{"href":"https:\/\/dincarchitect.com\/de\/wp-json\/wp\/v2\/media?parent=13566"}],"curies":[{"name":"wp","href":"https:\/\/api.w.org\/{rel}","templated":true}]}}