{"id":13191,"date":"2023-06-12T00:00:29","date_gmt":"2023-06-12T00:00:29","guid":{"rendered":"https:\/\/themicart.com\/interico-wpb\/?page_id=13191"},"modified":"2023-06-17T13:03:05","modified_gmt":"2023-06-17T13:03:05","slug":"about-us","status":"publish","type":"page","link":"https:\/\/dincarchitect.com\/de\/uber-uns\/","title":{"rendered":"\u00dcber uns"},"content":{"rendered":"<section class=\"wpb-content-wrapper\"><div data-vc-full-width=\"true\" data-vc-full-width-init=\"false\" class=\"vc_row wpb_row vc_row-fluid spaced-top\"><div class=\"wpb_column vc_column_container vc_col-sm-12\"><div class=\"vc_column-inner\"><div class=\"wpb_wrapper\">\n\t<div class=\"wpb_text_column wpb_content_element\" >\n\t\t<div class=\"wpb_wrapper\">\n\t\t\t<h2 style=\"text-align: center;\">Auf der Suche nach eleganten architektonischen Designs<\/h2>\n\n\t\t<\/div>\n\t<\/div>\n<span class=\"subtitle dash-false style-dark text-center\">Lerne uns kennen<\/span><\/div><\/div><\/div><\/div><div class=\"vc_row-full-width vc_clearfix\"><\/div><div class=\"vc_row wpb_row vc_row-fluid mobile-pad-0 vc_custom_1686571886157 vc_row-o-equal-height vc_row-o-content-middle vc_row-flex\"><div class=\"wpb_column vc_column_container vc_col-sm-8 vc_hidden-sm vc_hidden-xs\"><div class=\"vc_column-inner\"><div class=\"wpb_wrapper\">\n\t<div  class=\"wpb_single_image wpb_content_element vc_align_left  vc_custom_1686908225578\">\n\t\t\n\t\t<figure class=\"wpb_wrapper vc_figure\">\n\t\t\t<a href=\"https:\/\/dincarchitect.com\/wp-content\/uploads\/2023\/06\/dastudio-abous-us-1024x644.jpg\" target=\"_self\" class=\"vc_single_image-wrapper   vc_box_border_grey\"><img decoding=\"async\" width=\"1240\" height=\"780\" src=\"https:\/\/dincarchitect.com\/wp-content\/uploads\/2023\/06\/dastudio-abous-us.jpg\" class=\"vc_single_image-img attachment-full\" alt=\"\" title=\"dastudio-\u00fcber-uns\" srcset=\"https:\/\/dincarchitect.com\/wp-content\/uploads\/2023\/06\/dastudio-abous-us.jpg 1240w, https:\/\/dincarchitect.com\/wp-content\/uploads\/2023\/06\/dastudio-abous-us-1024x644.jpg 1024w, https:\/\/dincarchitect.com\/wp-content\/uploads\/2023\/06\/dastudio-abous-us-768x483.jpg 768w, https:\/\/dincarchitect.com\/wp-content\/uploads\/2023\/06\/dastudio-abous-us-18x12.jpg 18w\" sizes=\"(max-width: 1240px) 100vw, 1240px\" \/><\/a>\n\t\t<\/figure>\n\t<\/div>\n<\/div><\/div><\/div><div class=\"wpb_column vc_column_container vc_col-sm-4\"><div class=\"vc_column-inner\"><div class=\"wpb_wrapper\"><div class=\"vc_row wpb_row vc_inner vc_row-fluid overlap-left\"><div class=\"shadow-box wpb_column vc_column_container vc_col-sm-12\"><div class=\"vc_column-inner\"><div class=\"wpb_wrapper\"><span class=\"subtitle dash-true style-dark text-default\">DA Studio<\/span><div class=\"divider-light\"><\/div>\n\t<div class=\"wpb_text_column wpb_content_element\" >\n\t\t<div class=\"wpb_wrapper\">\n\t\t\t<div style=\"text-align: justify;\">\n<p>Unser Unternehmen ist ein exklusives Architekturb\u00fcro, das auf dem H\u00f6hepunkt der eleganten Architekturkunst t\u00e4tig ist. Dinc Bey, geboren in Frankreich, hat sein Fachwissen durch zwei Universit\u00e4tsabschl\u00fcsse von Paris Descartes und der Architekturabteilung in der T\u00fcrkei verfeinert. Als leidenschaftliche Vision\u00e4re und Unternehmer haben wir unser eigenes Studio ins Leben gerufen und bieten einzigartige und au\u00dfergew\u00f6hnliche Dienstleistungen im Bereich Architektur an.<\/p>\n<\/div>\n\n\t\t<\/div>\n\t<\/div>\n<\/div><\/div><\/div><\/div><\/div><\/div><\/div><\/div><div class=\"vc_row wpb_row vc_row-fluid mobile-pad-0 vc_custom_1686571894333 vc_row-o-equal-height vc_row-o-content-middle vc_row-flex\"><div class=\"wpb_column vc_column_container vc_col-sm-4\"><div class=\"vc_column-inner\"><div class=\"wpb_wrapper\"><div class=\"vc_row wpb_row vc_inner vc_row-fluid overlap-right\"><div class=\"shadow-box wpb_column vc_column_container vc_col-sm-12\"><div class=\"vc_column-inner\"><div class=\"wpb_wrapper\"><span class=\"subtitle dash-true style-dark text-default\">DA Studio<\/span><div class=\"divider-light\"><\/div>\n\t<div class=\"wpb_text_column wpb_content_element\" >\n\t\t<div class=\"wpb_wrapper\">\n\t\t\t<div style=\"text-align: justify;\">\n<p>Wir sind stolz darauf, ein junges und dynamisches Team zu sein, das aus zehn talentierten Personen besteht, die sowohl in Frankreich als auch in der T\u00fcrkei t\u00e4tig sind. W\u00e4hrend sich unser franz\u00f6sisches Team auf die Kundenakquise konzentriert, widmet sich unser t\u00fcrkisches Team der Entfaltung seiner Kreativit\u00e4t und der Umsetzung von Projekten mit h\u00f6chster Pr\u00e4zision. Folglich sind unsere Preise wettbewerbsf\u00e4hig und spiegeln unser Engagement wider, unseren Kunden einen Mehrwert zu bieten.<\/p>\n<\/div>\n\n\t\t<\/div>\n\t<\/div>\n<\/div><\/div><\/div><\/div><\/div><\/div><\/div><div class=\"wpb_column vc_column_container vc_col-sm-8 vc_hidden-sm vc_hidden-xs\"><div class=\"vc_column-inner\"><div class=\"wpb_wrapper\">\n\t<div  class=\"wpb_single_image wpb_content_element vc_align_left  vc_custom_1686925424961\">\n\t\t\n\t\t<figure class=\"wpb_wrapper vc_figure\">\n\t\t\t<a href=\"https:\/\/dincarchitect.com\/wp-content\/uploads\/2023\/06\/dastudio-team-1-1024x644.jpg\" target=\"_self\" class=\"vc_single_image-wrapper   vc_box_border_grey\"><img decoding=\"async\" width=\"1240\" height=\"780\" src=\"https:\/\/dincarchitect.com\/wp-content\/uploads\/2023\/06\/dastudio-team-1.jpg\" class=\"vc_single_image-img attachment-full\" alt=\"\" title=\"dastudio-team-1\" srcset=\"https:\/\/dincarchitect.com\/wp-content\/uploads\/2023\/06\/dastudio-team-1.jpg 1240w, https:\/\/dincarchitect.com\/wp-content\/uploads\/2023\/06\/dastudio-team-1-1024x644.jpg 1024w, https:\/\/dincarchitect.com\/wp-content\/uploads\/2023\/06\/dastudio-team-1-768x483.jpg 768w, https:\/\/dincarchitect.com\/wp-content\/uploads\/2023\/06\/dastudio-team-1-18x12.jpg 18w\" sizes=\"(max-width: 1240px) 100vw, 1240px\" \/><\/a>\n\t\t<\/figure>\n\t<\/div>\n<\/div><\/div><\/div><\/div><div class=\"vc_row wpb_row vc_row-fluid mobile-pad-0 vc_custom_1686571900653 vc_row-o-equal-height vc_row-o-content-middle vc_row-flex\"><div class=\"wpb_column vc_column_container vc_col-sm-8 vc_hidden-sm vc_hidden-xs\"><div class=\"vc_column-inner\"><div class=\"wpb_wrapper\">\n\t<div  class=\"wpb_single_image wpb_content_element vc_align_left  vc_custom_1686925950678\">\n\t\t\n\t\t<figure class=\"wpb_wrapper vc_figure\">\n\t\t\t<a href=\"https:\/\/dincarchitect.com\/wp-content\/uploads\/2023\/06\/dastudio-team-2-1024x644.jpg\" target=\"_self\" class=\"vc_single_image-wrapper   vc_box_border_grey\"><img decoding=\"async\" width=\"1240\" height=\"780\" src=\"https:\/\/dincarchitect.com\/wp-content\/uploads\/2023\/06\/dastudio-team-2.jpg\" class=\"vc_single_image-img attachment-full\" alt=\"\" title=\"dastudio-team-2\" srcset=\"https:\/\/dincarchitect.com\/wp-content\/uploads\/2023\/06\/dastudio-team-2.jpg 1240w, https:\/\/dincarchitect.com\/wp-content\/uploads\/2023\/06\/dastudio-team-2-1024x644.jpg 1024w, https:\/\/dincarchitect.com\/wp-content\/uploads\/2023\/06\/dastudio-team-2-768x483.jpg 768w, https:\/\/dincarchitect.com\/wp-content\/uploads\/2023\/06\/dastudio-team-2-18x12.jpg 18w\" sizes=\"(max-width: 1240px) 100vw, 1240px\" \/><\/a>\n\t\t<\/figure>\n\t<\/div>\n<\/div><\/div><\/div><div class=\"wpb_column vc_column_container vc_col-sm-4\"><div class=\"vc_column-inner\"><div class=\"wpb_wrapper\"><div class=\"vc_row wpb_row vc_inner vc_row-fluid overlap-left\"><div class=\"shadow-box wpb_column vc_column_container vc_col-sm-12\"><div class=\"vc_column-inner\"><div class=\"wpb_wrapper\"><span class=\"subtitle dash-true style-dark text-default\">DA Studio<\/span><div class=\"divider-light\"><\/div>\n\t<div class=\"wpb_text_column wpb_content_element\" >\n\t\t<div class=\"wpb_wrapper\">\n\t\t\t<div style=\"text-align: justify;\">\n<p>Als Team verfolgen wir bei jedem Projekt, das wir durchf\u00fchren, einen individuellen Ansatz. Wir kreieren Designs, die \u00e4sthetische Exzellenz ausstrahlen, gleichzeitig Funktionalit\u00e4t einbeziehen und auf die spezifischen Anforderungen unserer Kunden eingehen. Ziel unserer akribischen Arbeit ist es, die Tr\u00e4ume unserer Kunden in die Realit\u00e4t umzusetzen und dabei die neuesten Technologien zu nutzen, um Innovationen in unsere Projekte einzubringen.<\/p>\n<\/div>\n\n\t\t<\/div>\n\t<\/div>\n<\/div><\/div><\/div><\/div><\/div><\/div><\/div><\/div><div class=\"vc_row wpb_row vc_row-fluid mobile-pad-0 vc_custom_1686571907125 vc_row-o-equal-height vc_row-o-content-middle vc_row-flex\"><div class=\"wpb_column vc_column_container vc_col-sm-4\"><div class=\"vc_column-inner\"><div class=\"wpb_wrapper\"><div class=\"vc_row wpb_row vc_inner vc_row-fluid overlap-right\"><div class=\"shadow-box wpb_column vc_column_container vc_col-sm-12\"><div class=\"vc_column-inner\"><div class=\"wpb_wrapper\"><span class=\"subtitle dash-true style-dark text-default\">DA Studio<\/span><div class=\"divider-light\"><\/div>\n\t<div class=\"wpb_text_column wpb_content_element\" >\n\t\t<div class=\"wpb_wrapper\">\n\t\t\t<div style=\"text-align: justify;\">\n<p>Mit umfassender Erfahrung und unersch\u00fctterlicher Leidenschaft ist unser Team auf Architekturprojekte spezialisiert und pflegt in jeder Phase eine enge Zusammenarbeit mit unseren Kunden. F\u00fcr uns ist es von gr\u00f6\u00dfter Bedeutung, Ihre Geschichte, Bed\u00fcrfnisse und Erwartungen zu verstehen. Mit unserem professionellen Ansatz und einzigartigen Designs sind wir bestrebt, Ihre Vorstellungen von R\u00e4umen zum Leben zu erwecken.<\/p>\n<\/div>\n\n\t\t<\/div>\n\t<\/div>\n<\/div><\/div><\/div><\/div><\/div><\/div><\/div><div class=\"wpb_column vc_column_container vc_col-sm-8 vc_hidden-sm vc_hidden-xs\"><div class=\"vc_column-inner\"><div class=\"wpb_wrapper\">\n\t<div  class=\"wpb_single_image wpb_content_element vc_align_left  vc_custom_1686926031639\">\n\t\t\n\t\t<figure class=\"wpb_wrapper vc_figure\">\n\t\t\t<a href=\"https:\/\/dincarchitect.com\/wp-content\/uploads\/2023\/06\/dastudio-team-4-1024x644.jpg\" target=\"_self\" class=\"vc_single_image-wrapper   vc_box_border_grey\"><img decoding=\"async\" width=\"1240\" height=\"780\" src=\"https:\/\/dincarchitect.com\/wp-content\/uploads\/2023\/06\/dastudio-team-4.jpg\" class=\"vc_single_image-img attachment-full\" alt=\"\" title=\"dastudio-team-4\" srcset=\"https:\/\/dincarchitect.com\/wp-content\/uploads\/2023\/06\/dastudio-team-4.jpg 1240w, https:\/\/dincarchitect.com\/wp-content\/uploads\/2023\/06\/dastudio-team-4-1024x644.jpg 1024w, https:\/\/dincarchitect.com\/wp-content\/uploads\/2023\/06\/dastudio-team-4-768x483.jpg 768w, https:\/\/dincarchitect.com\/wp-content\/uploads\/2023\/06\/dastudio-team-4-18x12.jpg 18w\" sizes=\"(max-width: 1240px) 100vw, 1240px\" \/><\/a>\n\t\t<\/figure>\n\t<\/div>\n<\/div><\/div><\/div><\/div><div class=\"vc_row wpb_row vc_row-fluid mobile-pad-0 vc_custom_1686571914605 vc_row-o-equal-height vc_row-o-content-middle vc_row-flex\"><div class=\"wpb_column vc_column_container vc_col-sm-8 vc_hidden-sm vc_hidden-xs\"><div class=\"vc_column-inner\"><div class=\"wpb_wrapper\">\n\t<div  class=\"wpb_single_image wpb_content_element vc_align_left  vc_custom_1686919831190\">\n\t\t\n\t\t<figure class=\"wpb_wrapper vc_figure\">\n\t\t\t<a href=\"https:\/\/dincarchitect.com\/wp-content\/uploads\/2023\/06\/dastudio-team-3-1024x644.jpg\" target=\"_self\" class=\"vc_single_image-wrapper   vc_box_border_grey\"><img decoding=\"async\" width=\"1240\" height=\"780\" src=\"https:\/\/dincarchitect.com\/wp-content\/uploads\/2023\/06\/dastudio-team-3.jpg\" class=\"vc_single_image-img attachment-full\" alt=\"\" title=\"dastudio-team-3\" srcset=\"https:\/\/dincarchitect.com\/wp-content\/uploads\/2023\/06\/dastudio-team-3.jpg 1240w, https:\/\/dincarchitect.com\/wp-content\/uploads\/2023\/06\/dastudio-team-3-1024x644.jpg 1024w, https:\/\/dincarchitect.com\/wp-content\/uploads\/2023\/06\/dastudio-team-3-768x483.jpg 768w, https:\/\/dincarchitect.com\/wp-content\/uploads\/2023\/06\/dastudio-team-3-18x12.jpg 18w\" sizes=\"(max-width: 1240px) 100vw, 1240px\" \/><\/a>\n\t\t<\/figure>\n\t<\/div>\n<\/div><\/div><\/div><div class=\"wpb_column vc_column_container vc_col-sm-4\"><div class=\"vc_column-inner\"><div class=\"wpb_wrapper\"><div class=\"vc_row wpb_row vc_inner vc_row-fluid overlap-left\"><div class=\"shadow-box wpb_column vc_column_container vc_col-sm-12\"><div class=\"vc_column-inner\"><div class=\"wpb_wrapper\"><span class=\"subtitle dash-true style-dark text-default\">DA Studio<\/span><div class=\"divider-light\"><\/div>\n\t<div class=\"wpb_text_column wpb_content_element\" >\n\t\t<div class=\"wpb_wrapper\">\n\t\t\t<div style=\"text-align: justify;\">\n<p>Jedes Projekt, das f\u00fcr Sie von Bedeutung ist, erh\u00e4lt unsere gr\u00f6\u00dfte Aufmerksamkeit. Mit unserem architektonischen K\u00f6nnen, unserer Kreativit\u00e4t und unserem Fachwissen planen wir sorgf\u00e4ltig jedes Detail und garantieren so Qualit\u00e4t in jeder Phase Ihres Projekts.<\/p>\n<p>Wir sind sehr stolz darauf, den Weg eleganter und wirkungsvoller architektonischer Designs zu verfolgen und gleichzeitig die Zufriedenheit unserer Kunden sicherzustellen. Wir freuen uns darauf, Sie zu Ihrem Traumraum zu bef\u00f6rdern. Lassen Sie uns diese Reise gemeinsam antreten!<\/p>\n<\/div>\n\n\t\t<\/div>\n\t<\/div>\n\n\t<div class=\"wpb_raw_code wpb_content_element wpb_raw_html\" >\n\t\t<div class=\"wpb_wrapper\">\n\t\t\t<link href=\"https:\/\/fonts.googleapis.com\/css2?family=Great+Vibes&display=swap\" rel=\"stylesheet\">\n<style>\n  .signature {\n    font-family: 'Great Vibes', cursive;\n    font-size: 24px;\n    color: #e37218;\n    text-align: center;\n  }\n<\/style>\n\n<div style=\"display: flex; justify-content: center;\">\n  <span class=\"signature\">Kubilay Din\u00e7<\/span>\n<\/div>\n\n\n\t\t<\/div>\n\t<\/div>\n<\/div><\/div><\/div><\/div><\/div><\/div><\/div><\/div>\n<\/section>","protected":false},"excerpt":{"rendered":"Auf der Suche nach elegantem Architekturdesign Lernen Sie uns kennen DA Studio Unser Unternehmen ist ein exklusives Architekturb\u00fcro, das auf dem H\u00f6hepunkt der eleganten Architekturkunst arbeitet. Dinc Bey, in Frankreich geboren, hat sein Fachwissen durch zwei Universit\u00e4tsabschl\u00fcsse von Paris Descartes und der Architekturabteilung in der T\u00fcrkei verfeinert. Als leidenschaftliche Vision\u00e4re [...]","protected":false},"author":1,"featured_media":0,"parent":0,"menu_order":0,"comment_status":"closed","ping_status":"closed","template":"","meta":{"footnotes":""},"acf":[],"_links":{"self":[{"href":"https:\/\/dincarchitect.com\/de\/wp-json\/wp\/v2\/pages\/13191"}],"collection":[{"href":"https:\/\/dincarchitect.com\/de\/wp-json\/wp\/v2\/pages"}],"about":[{"href":"https:\/\/dincarchitect.com\/de\/wp-json\/wp\/v2\/types\/page"}],"author":[{"embeddable":true,"href":"https:\/\/dincarchitect.com\/de\/wp-json\/wp\/v2\/users\/1"}],"replies":[{"embeddable":true,"href":"https:\/\/dincarchitect.com\/de\/wp-json\/wp\/v2\/comments?post=13191"}],"version-history":[{"count":0,"href":"https:\/\/dincarchitect.com\/de\/wp-json\/wp\/v2\/pages\/13191\/revisions"}],"wp:attachment":[{"href":"https:\/\/dincarchitect.com\/de\/wp-json\/wp\/v2\/media?parent=13191"}],"curies":[{"name":"wp","href":"https:\/\/api.w.org\/{rel}","templated":true}]}}