{"id":14518,"date":"2023-06-17T11:48:09","date_gmt":"2023-06-17T11:48:09","guid":{"rendered":"https:\/\/dincarchitect.com\/?page_id=14518"},"modified":"2023-09-02T10:40:38","modified_gmt":"2023-09-02T10:40:38","slug":"architectural-project","status":"publish","type":"page","link":"https:\/\/dincarchitect.com\/ar\/\u0645\u0634\u0631\u0648\u0639-\u0645\u0639\u0645\u0627\u0631\u064a\/","title":{"rendered":"\u0645\u0634\u0631\u0648\u0639 \u0645\u0639\u0645\u0627\u0631\u064a"},"content":{"rendered":"<section class=\"wpb-content-wrapper\"><div class=\"vc_row wpb_row vc_row-fluid vc_custom_1537429109529\"><div class=\"wpb_column vc_column_container vc_col-sm-6\"><div class=\"vc_column-inner\"><div class=\"wpb_wrapper\">\n<div class=\"vc_grid-container-wrapper vc_clearfix vc_grid-animation-fadeIn\">\n\t<div class=\"vc_grid-container vc_clearfix wpb_content_element vc_media_grid\" data-initial-loading-animation=\"fadeIn\" data-vc-grid-settings=\"{&quot;page_id&quot;:14518,&quot;style&quot;:&quot;all&quot;,&quot;action&quot;:&quot;vc_get_vc_grid_data&quot;,&quot;shortcode_id&quot;:&quot;1693651178493-c50b6c41-fb21-8&quot;,&quot;tag&quot;:&quot;vc_media_grid&quot;}\" data-vc-request=\"https:\/\/dincarchitect.com\/wp-admin\/admin-ajax.php\" data-vc-post-id=\"14518\" data-vc-public-nonce=\"db103255f2\">\n\t\t\n\t<\/div>\n<\/div><\/div><\/div><\/div><div class=\"wpb_column vc_column_container vc_col-sm-6\"><div class=\"vc_column-inner vc_custom_1536840396834\"><div class=\"wpb_wrapper\"><span class=\"subtitle dash-true style-dark text-default\">\u0633\u062a\u0648\u062f\u064a\u0648 \u062f\u0627<\/span>\n\t<div class=\"wpb_text_column wpb_content_element\" >\n\t\t<div class=\"wpb_wrapper\">\n\t\t\t<h2>\u0645\u0634\u0631\u0648\u0639 \u0645\u0639\u0645\u0627\u0631\u064a<\/h2>\n\n\t\t<\/div>\n\t<\/div>\n\n\t<div class=\"wpb_text_column wpb_content_element\" >\n\t\t<div class=\"wpb_wrapper\">\n\t\t\t<p>\u0625\u0646 \u0627\u0644\u0625\u062c\u0631\u0627\u0621 \u0627\u0644\u062e\u0627\u0635 \u0628\u062d\u0632\u0645\u0629 &quot;\u0627\u0644\u0645\u0634\u0631\u0648\u0639 \u0627\u0644\u0645\u0639\u0645\u0627\u0631\u064a&quot; \u0627\u0644\u062e\u0627\u0635 \u0628\u0646\u0627 \u0647\u0648 \u062a\u062c\u0631\u0628\u0629 \u0633\u0644\u0633\u0629 \u0648\u062a\u0639\u0627\u0648\u0646\u064a\u0629 \u0645\u0635\u0645\u0645\u0629 \u0644\u0625\u0631\u0634\u0627\u062f\u0643 \u062e\u0644\u0627\u0644 \u0643\u0644 \u062e\u0637\u0648\u0629 \u0645\u0646 \u062e\u0637\u0648\u0627\u062a \u0627\u0644\u062a\u0635\u0645\u064a\u0645 \u0627\u0644\u0645\u0639\u0645\u0627\u0631\u064a. \u0648\u0625\u0644\u064a\u0643 \u0643\u064a\u0641 \u064a\u0639\u0645\u0644:<\/p>\n<p>**1. \u0627\u0644\u0627\u0633\u062a\u0634\u0627\u0631\u0629 \u0627\u0644\u0623\u0648\u0644\u064a\u0629:** \u064a\u0628\u062f\u0623 \u0643\u0644 \u0634\u064a\u0621 \u0628\u0627\u062c\u062a\u0645\u0627\u0639 \u0623\u0648\u0644\u064a \u0645\u0639 \u0641\u0631\u064a\u0642 \u0627\u0644\u0645\u0647\u0646\u062f\u0633\u064a\u0646 \u0627\u0644\u0645\u0639\u0645\u0627\u0631\u064a\u064a\u0646 \u0644\u062f\u064a\u0646\u0627. \u0646\u0633\u062a\u0645\u0639 \u0628\u0639\u0646\u0627\u064a\u0629 \u0644\u0641\u0647\u0645 \u0627\u062d\u062a\u064a\u0627\u062c\u0627\u062a\u0643 \u0648\u0623\u0641\u0643\u0627\u0631\u0643 \u0648\u062a\u0641\u0636\u064a\u0644\u0627\u062a\u0643. \u0647\u0630\u0647 \u0627\u0644\u062e\u0637\u0648\u0629 \u062d\u0627\u0633\u0645\u0629 \u0641\u064a \u062a\u062d\u062f\u064a\u062f \u0631\u0624\u064a\u0629 \u0645\u0634\u0631\u0648\u0639\u0643.<\/p>\n<p>**2. \u0627\u0644\u062a\u0635\u0645\u064a\u0645 \u0627\u0644\u0623\u0648\u0644\u064a:** \u0628\u0639\u062f \u062c\u0645\u0639 \u0643\u0627\u0641\u0629 \u0627\u0644\u0645\u0639\u0644\u0648\u0645\u0627\u062a \u0627\u0644\u0644\u0627\u0632\u0645\u0629\u060c \u064a\u0628\u062f\u0623 \u0641\u0631\u064a\u0642\u0646\u0627 \u0627\u0644\u0639\u0645\u0644 \u0639\u0644\u0649 \u0627\u0644\u062a\u0635\u0645\u064a\u0645 \u0627\u0644\u0623\u0648\u0644\u064a. \u0646\u0642\u0648\u0645 \u0628\u0625\u0646\u0634\u0627\u0621 \u062a\u062e\u0637\u064a\u0637 \u0623\u0633\u0627\u0633\u064a \u064a\u062a\u0636\u0645\u0646 \u0627\u0644\u0631\u0633\u0648\u0645\u0627\u062a \u0648\u0627\u0644\u062e\u0637\u0637 \u0627\u0644\u062a\u0642\u0631\u064a\u0628\u064a\u0629 \u0648\u0627\u0644\u0623\u0641\u0643\u0627\u0631 \u0627\u0644\u0645\u0641\u0627\u0647\u064a\u0645\u064a\u0629. \u0646\u0642\u062f\u0645 \u0647\u0630\u0627 \u0627\u0644\u062a\u0643\u0631\u0627\u0631 \u0627\u0644\u0623\u0648\u0644\u064a \u0644\u062c\u0645\u0639 \u062a\u0639\u0644\u064a\u0642\u0627\u062a\u0643 \u0648\u0627\u0642\u062a\u0631\u0627\u062d\u0627\u062a\u0643.<\/p>\n<p>**3. \u062a\u0637\u0648\u064a\u0631 \u0627\u0644\u0645\u0634\u0631\u0648\u0639:** \u0628\u0645\u062c\u0631\u062f \u0623\u0646 \u064a\u0643\u0648\u0646 \u0644\u062f\u064a\u0646\u0627 \u0641\u0647\u0645 \u0648\u0627\u0636\u062d \u0644\u062a\u0641\u0636\u064a\u0644\u0627\u062a\u0643\u060c \u0646\u0628\u062f\u0623 \u0641\u064a \u062a\u0637\u0648\u064a\u0631 \u0627\u0644\u0645\u0634\u0631\u0648\u0639. \u064a\u062a\u0636\u0645\u0646 \u0630\u0644\u0643 \u0625\u0646\u0634\u0627\u0621 \u062e\u0637\u0637 \u062a\u0641\u0635\u064a\u0644\u064a\u0629 \u0648\u0631\u0633\u0648\u0645\u0627\u062a \u0641\u0646\u064a\u0629 \u0648\u0623\u0642\u0633\u0627\u0645 \u0645\u0639\u0642\u062f\u0629. \u0646\u062d\u0646 \u0646\u0636\u0645\u0646 \u0623\u0646 \u064a\u062a\u0645 \u0623\u062e\u0630 \u062c\u0645\u064a\u0639 \u0627\u0644\u062c\u0648\u0627\u0646\u0628 \u0627\u0644\u0647\u064a\u0643\u0644\u064a\u0629 \u0648\u0627\u0644\u0648\u0638\u064a\u0641\u064a\u0629 \u0644\u0645\u0634\u0631\u0648\u0639\u0643 \u0628\u0639\u064a\u0646 \u0627\u0644\u0627\u0639\u062a\u0628\u0627\u0631.<\/p>\n<p>**4. \u0627\u0644\u0645\u0631\u0627\u062c\u0639\u0627\u062a \u0648\u0627\u0644\u0645\u0648\u0627\u0641\u0642\u0627\u062a:** \u0641\u064a \u0643\u0644 \u0645\u0631\u062d\u0644\u0629\u060c \u0646\u062a\u0639\u0627\u0648\u0646 \u0645\u0639\u0643 \u0628\u0634\u0643\u0644 \u0648\u062b\u064a\u0642 \u0644\u0625\u062c\u0631\u0627\u0621 \u0627\u0644\u062a\u0639\u062f\u064a\u0644\u0627\u062a \u0628\u0646\u0627\u0621\u064b \u0639\u0644\u0649 \u062a\u0639\u0644\u064a\u0642\u0627\u062a\u0643. \u0646\u062d\u0646 \u0646\u0633\u0639\u0649 \u062c\u0627\u0647\u062f\u064a\u0646 \u0644\u0644\u062a\u0623\u0643\u062f \u0645\u0646 \u0623\u0646 \u0627\u0644\u0645\u0634\u0631\u0648\u0639 \u0627\u0644\u0646\u0647\u0627\u0626\u064a \u064a\u0639\u0643\u0633 \u0631\u0624\u064a\u062a\u0643 \u0628\u0634\u0643\u0644 \u0645\u062b\u0627\u0644\u064a \u0648\u064a\u0644\u062a\u0632\u0645 \u0628\u0645\u0639\u0627\u064a\u064a\u0631 \u0627\u0644\u062c\u0648\u062f\u0629 \u0648\u0627\u0644\u0633\u0644\u0627\u0645\u0629.<\/p>\n<p>**5. \u0625\u0639\u062f\u0627\u062f \u0627\u0644\u0645\u0633\u062a\u0646\u062f\u0627\u062a:** \u0628\u0645\u062c\u0631\u062f \u0627\u0644\u0645\u0648\u0627\u0641\u0642\u0629 \u0639\u0644\u0649 \u0627\u0644\u0645\u0634\u0631\u0648\u0639 \u0643\u0643\u0644\u060c \u0646\u0642\u0648\u0645 \u0628\u0625\u0639\u062f\u0627\u062f \u062c\u0645\u064a\u0639 \u0627\u0644\u0645\u0633\u062a\u0646\u062f\u0627\u062a \u0627\u0644\u0644\u0627\u0632\u0645\u0629 \u0644\u0639\u0645\u0644\u064a\u0629 \u0627\u0644\u0628\u0646\u0627\u0621. \u0648\u064a\u0634\u0645\u0644 \u0630\u0644\u0643 \u0627\u0644\u0645\u062e\u0637\u0637\u0627\u062a \u0627\u0644\u0646\u0647\u0627\u0626\u064a\u0629 \u0648\u0627\u0644\u062a\u0641\u0627\u0635\u064a\u0644 \u0627\u0644\u0641\u0646\u064a\u0629 \u0648\u0627\u0644\u0645\u0648\u0627\u0635\u0641\u0627\u062a \u0648\u0643\u0644 \u0645\u0627 \u0633\u064a\u062d\u062a\u0627\u062c\u0647 \u0627\u0644\u0645\u0642\u0627\u0648\u0644\u0648\u0646.<\/p>\n<p>**6. \u0625\u062f\u0627\u0631\u0629 \u0627\u0644\u0645\u0634\u0631\u0648\u0639 (\u0627\u062e\u062a\u064a\u0627\u0631\u064a):** \u0625\u0630\u0627 \u0631\u063a\u0628\u062a \u0641\u064a \u0630\u0644\u0643\u060c \u064a\u0645\u0643\u0646 \u0644\u0641\u0631\u064a\u0642\u0646\u0627 \u0623\u064a\u0636\u064b\u0627 \u062a\u0642\u062f\u064a\u0645 \u062e\u062f\u0645\u0627\u062a \u0625\u062f\u0627\u0631\u0629 \u0627\u0644\u0645\u0634\u0631\u0648\u0639 \u0644\u0644\u0625\u0634\u0631\u0627\u0641 \u0639\u0644\u0649 \u0627\u0644\u0628\u0646\u0627\u0621 \u0648\u062a\u0646\u0633\u064a\u0642 \u0627\u0644\u0645\u0642\u0627\u0648\u0644\u064a\u0646 \u0648\u0627\u0644\u062a\u0623\u0643\u062f \u0645\u0646 \u0633\u064a\u0631 \u0643\u0644 \u0634\u064a\u0621 \u0643\u0645\u0627 \u0647\u0648 \u0645\u062e\u0637\u0637 \u0644\u0647.<\/p>\n<p>**7. \u062a\u062d\u0642\u064a\u0642 \u0631\u0624\u064a\u062a\u0643:** \u0623\u062e\u064a\u0631\u064b\u0627\u060c \u0628\u0645\u062c\u0631\u062f \u0623\u0646 \u062a\u0635\u0628\u062d \u0627\u0644\u0645\u0633\u062a\u0646\u062f\u0627\u062a \u062c\u0627\u0647\u0632\u0629 \u0648\u0628\u062f\u0621 \u0627\u0644\u0628\u0646\u0627\u0621\u060c \u0646\u062d\u0646 \u0645\u062a\u0648\u0627\u062c\u062f\u0648\u0646 \u0644\u0636\u0645\u0627\u0646 \u0633\u0644\u0627\u0633\u0629 \u0627\u0644\u0639\u0645\u0644\u064a\u0629. \u0647\u062f\u0641\u0646\u0627 \u0627\u0644\u0646\u0647\u0627\u0626\u064a \u0647\u0648 \u0645\u0633\u0627\u0639\u062f\u062a\u0643 \u0639\u0644\u0649 \u062a\u062d\u0642\u064a\u0642 \u0631\u0624\u064a\u062a\u0643 \u0627\u0644\u0645\u0639\u0645\u0627\u0631\u064a\u0629 \u0628\u0643\u0641\u0627\u0621\u0629 \u0648\u0646\u062c\u0627\u062d.<\/p>\n<p>\u0646\u062d\u0646 \u0646\u0624\u0645\u0646 \u0628\u0627\u0644\u062a\u0648\u0627\u0635\u0644 \u0627\u0644\u0645\u0641\u062a\u0648\u062d \u0648\u0627\u0644\u062a\u0639\u0627\u0648\u0646 \u0637\u0648\u0627\u0644 \u0627\u0644\u0639\u0645\u0644\u064a\u0629 \u0644\u062a\u0642\u062f\u064a\u0645 \u0645\u0634\u0631\u0648\u0639 \u0645\u0639\u0645\u0627\u0631\u064a \u0627\u0633\u062a\u062b\u0646\u0627\u0626\u064a \u064a\u0644\u0628\u064a \u062a\u0648\u0642\u0639\u0627\u062a\u0643 \u0648\u064a\u062a\u062c\u0627\u0648\u0632 \u0623\u062d\u0644\u0627\u0645\u0643. \u062a\u0645 \u062a\u0635\u0645\u064a\u0645 \u0628\u0627\u0642\u0629 &quot;\u0627\u0644\u0645\u0634\u0631\u0648\u0639 \u0627\u0644\u0645\u0639\u0645\u0627\u0631\u064a&quot; \u0627\u0644\u062e\u0627\u0635\u0629 \u0628\u0646\u0627 \u0628\u0633\u0639\u0631 699 \u064a\u0648\u0631\u0648 \u0644\u062a\u0648\u0641\u064a\u0631 \u0642\u064a\u0645\u0629 \u0627\u0633\u062a\u062b\u0646\u0627\u0626\u064a\u0629 \u0641\u064a \u0625\u0646\u0634\u0627\u0621 \u0627\u0644\u0645\u0633\u0627\u062d\u0629 \u0627\u0644\u0645\u062b\u0627\u0644\u064a\u0629 \u0644\u062f\u064a\u0643. \u062b\u0642 \u0628\u0646\u0627 \u0644\u062a\u062d\u0648\u064a\u0644 \u0631\u0624\u064a\u062a\u0643 \u0625\u0644\u0649 \u0648\u0627\u0642\u0639.<\/p>\n\n\t\t<\/div>\n\t<\/div>\n<\/div><\/div><\/div><\/div><div data-vc-full-width=\"true\" data-vc-full-width-init=\"false\" class=\"vc_row wpb_row vc_row-fluid spaced vc_custom_1686586247876 vc_row-has-fill\"><div class=\"wpb_column vc_column_container vc_col-sm-12\"><div class=\"vc_column-inner\"><div class=\"wpb_wrapper\"><span class=\"subtitle dash-false style-dark text-center\">\u0643\u064a\u0641 \u0646\u0639\u0645\u0644<\/span>\n\t<div class=\"wpb_text_column wpb_content_element\" >\n\t\t<div class=\"wpb_wrapper\">\n\t\t\t<h2 style=\"text-align: center;\"><span style=\"color: #e37218;\"><strong>\u0645\u0634\u0631\u0648\u0639 \u0641\u0639\u0627\u0644 <\/strong><\/span><strong>\u0633\u064a\u0631 \u0627\u0644\u0639\u0645\u0644 \u0644\u0646\u062a\u0627\u0626\u062c \u0627\u0633\u062a\u062b\u0646\u0627\u0626\u064a\u0629<\/strong><\/h2>\n\n\t\t<\/div>\n\t<\/div>\n<div class=\"dash style-dark centered\"><\/div><div class=\"vc_row wpb_row vc_inner vc_row-fluid vc_custom_1538383845636\"><div class=\"wpb_column vc_column_container vc_col-sm-3\"><div class=\"vc_column-inner\"><div class=\"wpb_wrapper\"><div class=\"number-box style-default spacing-30\"><div class=\"number-box-number\">01<\/div><div class=\"content-box\"><div class=\"content-box-info\"><h3>\u0625\u0631\u0633\u0627\u0644 \u0643\u0627\u0641\u0629 \u0645\u0633\u062a\u0646\u062f\u0627\u062a \u0627\u0644\u0645\u0634\u0631\u0648\u0639<\/h3><p class=\"number-box-content\">\u064a\u0631\u062c\u0649 \u0625\u0631\u0633\u0627\u0644 \u062c\u0645\u064a\u0639 \u0648\u062b\u0627\u0626\u0642 \u0627\u0644\u0645\u0634\u0631\u0648\u0639 \u0630\u0627\u062a \u0627\u0644\u0635\u0644\u0629 \u0625\u0644\u064a\u0646\u0627 \u0645\u0646 \u0623\u062c\u0644 \u0645\u0631\u0627\u062c\u0639\u0629 \u0648\u062a\u062d\u0644\u064a\u0644 \u0634\u0627\u0645\u0644\u064a\u0646.<\/p><\/div><\/div><\/div><\/div><\/div><\/div><div class=\"wpb_column vc_column_container vc_col-sm-3\"><div class=\"vc_column-inner\"><div class=\"wpb_wrapper\"><div class=\"number-box style-default spacing-30\"><div class=\"number-box-number\">02<\/div><div class=\"content-box\"><div class=\"content-box-info\"><h3>\u062a\u0642\u064a\u064a\u0645 \u0633\u0631\u064a\u0639 \u0648\u0645\u062c\u0627\u0646\u064a \u0644\u0644\u0645\u0634\u0631\u0648\u0639<\/h3><p class=\"number-box-content\">\u0633\u0646\u0641\u062d\u0635 \u0645\u0634\u0631\u0648\u0639\u0643 \u0628\u0639\u0646\u0627\u064a\u0629 \u0648\u0646\u0642\u062f\u0645 \u0644\u0643 \u0627\u0633\u062a\u062c\u0627\u0628\u0629 \u0633\u0631\u064a\u0639\u0629 \u0648\u0645\u062c\u0627\u0646\u064a\u0629.<\/p><\/div><\/div><\/div><\/div><\/div><\/div><div class=\"wpb_column vc_column_container vc_col-sm-3\"><div class=\"vc_column-inner\"><div class=\"wpb_wrapper\"><div class=\"number-box style-default spacing-30\"><div class=\"number-box-number\">03<\/div><div class=\"content-box\"><div class=\"content-box-info\"><h3>\u062a\u0633\u0644\u064a\u0645 \u062a\u062c\u0631\u064a\u0628\u064a \u0639\u0646\u062f \u0627\u0644\u0645\u0648\u0627\u0641\u0642\u0629<\/h3><p class=\"number-box-content\">\u0628\u0639\u062f \u062a\u0644\u0642\u064a \u0645\u0648\u0627\u0641\u0642\u062a\u0643 \u060c \u0633\u0646\u0628\u062f\u0623 \u0627\u0644\u0645\u0634\u0631\u0648\u0639 \u0639\u0644\u0649 \u0627\u0644\u0641\u0648\u0631 \u0648\u0646\u0631\u0633\u0644 \u0644\u0643 \u0639\u0631\u0636\u064b\u0627 \u062a\u0648\u0636\u064a\u062d\u064a\u064b\u0627 \u0644\u0645\u0631\u0627\u062c\u0639\u062a\u0647.<\/p><\/div><\/div><\/div><\/div><\/div><\/div><div class=\"wpb_column vc_column_container vc_col-sm-3\"><div class=\"vc_column-inner\"><div class=\"wpb_wrapper\"><div class=\"number-box style-default spacing-30\"><div class=\"number-box-number\">04<\/div><div class=\"content-box\"><div class=\"content-box-info\"><h3>\u0627\u0644\u062f\u0641\u0639 \u0648\u0627\u0644\u062a\u0633\u0644\u064a\u0645 \u0627\u0644\u0646\u0647\u0627\u0626\u064a<\/h3><p class=\"number-box-content\">\u0639\u0646\u062f \u0645\u0648\u0627\u0641\u0642\u062a\u0643 \u0639\u0644\u0649 \u0627\u0644\u0645\u0634\u0631\u0648\u0639 \u060c \u0642\u0645 \u0628\u0627\u0644\u062f\u0641\u0639 \u0648\u0627\u0633\u062a\u0644\u0645 \u0627\u0644\u0646\u0633\u062e\u0629 \u0627\u0644\u0646\u0647\u0627\u0626\u064a\u0629 \u0645\u0646 \u0627\u0644\u062a\u0633\u0644\u064a\u0645\u0627\u062a.<\/p><\/div><\/div><\/div><\/div><\/div><\/div><\/div><\/div><\/div><\/div><\/div><div class=\"vc_row-full-width vc_clearfix\"><\/div><div class=\"vc_row wpb_row vc_row-fluid vc_custom_1534242606416\"><div class=\"animate wpb_column vc_column_container vc_col-sm-12\"><div class=\"vc_column-inner\"><div class=\"wpb_wrapper\">\n\t<div class=\"wpb_text_column wpb_content_element  vc_custom_1686677450596\" >\n\t\t<div class=\"wpb_wrapper\">\n\t\t\t<h2 style=\"text-align: center;\"><span style=\"color: #e37218;\"><strong>\u062e\u062f\u0645\u0627\u062a\u0646\u0627 \u0627\u0644\u0623\u062e\u0631\u0649<\/strong><\/span><\/h2>\n\n\t\t<\/div>\n\t<\/div>\n<div class=\"dash style-dark centered\"><\/div>\n\t<div class=\"wpb_raw_code wpb_content_element wpb_raw_html\" >\n\t\t<div class=\"wpb_wrapper\">\n\t\t\t<!-- Birinci hizmet \u00f6\u011fesi -->\n<div id=\"hizmet1\" class=\"wpb_column vc_column_container vc_col-sm-3\">\n<div class=\"vc_column-inner\">\n<div class=\"wpb_wrapper\">\n<div class=\"content-box service-item alignment-default service-box-gray spacing-30\">\n<div class=\"image-container\">\n<div class=\"vertical-number-box\"><span class=\"vertical-number\">01<\/span><\/div>\n<div class=\"arrow-box\"><\/div>\n<img decoding=\"async\" src=\"https:\/\/dincarchitect.com\/wp-content\/uploads\/2023\/06\/dastudio-service-1.jpg\" alt=\"\u0628\u0646\u064a\u0627\u0646\" width=\"360\" height=\"500\" \/>\n\n<\/div>\n<div class=\"content-box-info\">\n<div class=\"box-heading-container\">\n<div class=\"box-heading\"><strong>\u0645\u0633\u0627\u062d\u0629 \u0628\u0633\u064a\u0637\u0629<\/strong><\/div>\n<div class=\"price-info-container\"><span class=\"price-info\" style=\"color: #e37218; font-size: 16px;\">49 \u20ac<\/span><\/div>\n<\/div>\n<div style=\"text-align: justify; margin-top: 10px;\">\u0645\u0646 \u063a\u0631\u0641\u0629 \u0627\u0644\u0646\u0648\u0645 \u060c \u0627\u0644\u0645\u0643\u062a\u0628 \u060c \u0627\u0644\u0645\u062f\u062e\u0644 \u060c \u0627\u0644\u062d\u0645\u0627\u0645 \u0627\u0644\u0642\u064a\u0627\u0633\u064a \u060c \u0648\u0627\u062c\u0647\u0629 \u0627\u0644\u0645\u062d\u0644 \u0627\u0644\u0635\u063a\u064a\u0631\u0629 ...<\/div>\n<div class=\"content-description\"><\/div>\n<div class=\"btn-read-more\"><a style=\"color: #e37218;\" href=\"https:\/\/dincarchitect.com\/ar\/\u0645\u0633\u0627\u062d\u0629-\u0628\u0633\u064a\u0637\u0629\/\">\u064a\u062a\u0639\u0644\u0645 \u0623\u0643\u062b\u0631<\/a><\/div>\n<\/div>\n<\/div>\n<\/div>\n<\/div>\n<\/div>\n\n<!-- Alt\u0131nc\u0131 hizmet \u00f6\u011fesi -->\n<div class=\"wpb_column vc_column_container vc_col-sm-3\">\n<div class=\"vc_column-inner\">\n<div class=\"wpb_wrapper\">\n<div class=\"content-box service-item alignment-default service-box-gray spacing-30\">\n<div class=\"image-container\">\n<div class=\"vertical-number-box\"><span class=\"vertical-number\">06<\/span><\/div>\n<div class=\"arrow-box\"><\/div>\n<img decoding=\"async\" src=\"https:\/\/dincarchitect.com\/wp-content\/uploads\/2023\/06\/dastudio-service-6.jpg\" alt=\"\u0628\u0646\u064a\u0627\u0646\" width=\"360\" height=\"500\" \/>\n\n<\/div>\n<div class=\"content-box-info\">\n<div class=\"box-heading-container\">\n<div class=\"box-heading\"><strong>\u0645\u0628\u0646\u0649 \u062c\u0645\u0627\u0639\u064a<\/strong><\/div>\n<div class=\"price-info-container\"><span class=\"price-info\" style=\"color: #e37218; font-size: 16px;\">199 \u20ac<\/span><\/div>\n<\/div>\n<div style=\"text-align: justify; margin-top: 10px;\">\n\n\u0627\u0644\u0625\u0633\u0643\u0627\u0646 \u0648\u0627\u0644\u0645\u0628\u0627\u0646\u064a \u0627\u0644\u062a\u062c\u0627\u0631\u064a\u0629 \u0648\u0627\u0644\u0645\u0633\u062a\u0648\u062f\u0639\u0627\u062a \u060c \u0625\u0644\u062e.\n\n<\/div>\n<div class=\"content-description\"><\/div>\n<div class=\"btn-read-more\"><a style=\"color: #e37218;\" href=\"https:\/\/dincarchitect.com\/ar\/\u0627\u0644\u0628\u0646\u0627\u0621-\u0627\u0644\u062c\u0645\u0627\u0639\u064a\/\">\u064a\u062a\u0639\u0644\u0645 \u0623\u0643\u062b\u0631<\/a><\/div>\n<\/div>\n<\/div>\n<\/div>\n<\/div>\n<\/div>\n\n<!-- Yedinci hizmet \u00f6\u011fesi -->\n<div class=\"wpb_column vc_column_container vc_col-sm-3\">\n<div class=\"vc_column-inner\">\n<div class=\"wpb_wrapper\">\n<div class=\"content-box service-item alignment-default service-box-gray spacing-30\">\n<div class=\"image-container\">\n<div class=\"vertical-number-box\"><span class=\"vertical-number\">07<\/span><\/div>\n<div class=\"arrow-box\"><\/div>\n<img decoding=\"async\" src=\"https:\/\/dincarchitect.com\/wp-content\/uploads\/2023\/06\/dastudio-service-7.jpg\" alt=\"\u0628\u0646\u064a\u0627\u0646\" width=\"360\" height=\"500\" \/>\n\n<\/div>\n<div class=\"content-box-info\">\n<div class=\"box-heading-container\">\n<div class=\"box-heading\"><strong>\u0645\u0648\u0646\u062a\u0627\u062c \u0627\u0644\u0635\u0648\u0631<\/strong><\/div>\n<div class=\"price-info-container\"><span class=\"price-info\" style=\"color: #e37218; font-size: 16px;\">149 \u20ac<\/span><\/div>\n<\/div>\n<div style=\"text-align: justify; margin-top: 10px;\">\n\n\u0645\u0646\u0632\u0644 \u0645\u0646\u0641\u0635\u0644 \u0645\u0639 \u0623\u0648 \u0628\u062f\u0648\u0646 ...\n\n<\/div>\n<div class=\"content-description\"><\/div>\n<div class=\"btn-read-more\"><a style=\"color: #e37218;\" href=\"https:\/\/dincarchitect.com\/ar\/\u0645\u0648\u0646\u062a\u0627\u062c-\u0627\u0644\u0635\u0648\u0631\/\">\u064a\u062a\u0639\u0644\u0645 \u0623\u0643\u062b\u0631<\/a><\/div>\n<\/div>\n<\/div>\n<\/div>\n<\/div>\n<\/div>\n\n\n<!-- Dokuzuncu hizmet \u00f6\u011fesi -->\n<div class=\"wpb_column vc_column_container vc_col-sm-3\">\n<div class=\"vc_column-inner\">\n<div class=\"wpb_wrapper\">\n<div class=\"content-box service-item alignment-default service-box-gray spacing-30\">\n<div class=\"image-container\">\n<div class=\"vertical-number-box\"><span class=\"vertical-number\">09<\/span><\/div>\n<div class=\"arrow-box\"><\/div>\n<img decoding=\"async\" src=\"https:\/\/dincarchitect.com\/wp-content\/uploads\/2023\/06\/dastudio-service-9.jpg\" alt=\"\u0628\u0646\u064a\u0627\u0646\" width=\"360\" height=\"500\" \/>\n\n<\/div>\n<div class=\"content-box-info\">\n<div class=\"box-heading-container\">\n<div class=\"box-heading\"><strong>\u0641\u064a\u0644\u0645 1<\/strong><\/div>\n<div class=\"price-info-container\"><span class=\"price-info\" style=\"color: #e37218; font-size: 16px;\">399 \u20ac<\/span><\/div>\n<\/div>\n<div style=\"text-align: justify; margin-top: 10px;\">\n\n\u0639\u0644\u0628\u0629 \u0641\u064a\u0644\u0645 \u062a\u062f\u0648\u0645 \u0644\u0623\u0642\u0644 \u0645\u0646 \u062f\u0642\u064a\u0642\u0629 ...\n\n<\/div>\n<div class=\"content-description\"><\/div>\n<div class=\"btn-read-more\"><a style=\"color: #e37218;\" href=\"https:\/\/dincarchitect.com\/ar\/\u0641\u064a\u0644\u0645-1-\u062f\u0642\u064a\u0642\u0629\/\">\u064a\u062a\u0639\u0644\u0645 \u0623\u0643\u062b\u0631<\/a><\/div>\n<\/div>\n<\/div>\n<\/div>\n<\/div>\n<\/div>\n\t\t<\/div>\n\t<\/div>\n<\/div><\/div><\/div><\/div>\n<\/section>","protected":false},"excerpt":{"rendered":"DA Studio Architectural Project The procedure for our \"Architectural Project\" package is a seamless and collaborative experience designed to guide you through every step of architectural design. Here's how it works: **1. Initial Consultation:** It all begins with an initial meeting with our team of architects. We listen carefully to understand your needs, ideas, and [...]","protected":false},"author":1,"featured_media":10877,"parent":0,"menu_order":0,"comment_status":"closed","ping_status":"closed","template":"","meta":{"footnotes":""},"acf":[],"_links":{"self":[{"href":"https:\/\/dincarchitect.com\/ar\/wp-json\/wp\/v2\/pages\/14518"}],"collection":[{"href":"https:\/\/dincarchitect.com\/ar\/wp-json\/wp\/v2\/pages"}],"about":[{"href":"https:\/\/dincarchitect.com\/ar\/wp-json\/wp\/v2\/types\/page"}],"author":[{"embeddable":true,"href":"https:\/\/dincarchitect.com\/ar\/wp-json\/wp\/v2\/users\/1"}],"replies":[{"embeddable":true,"href":"https:\/\/dincarchitect.com\/ar\/wp-json\/wp\/v2\/comments?post=14518"}],"version-history":[{"count":0,"href":"https:\/\/dincarchitect.com\/ar\/wp-json\/wp\/v2\/pages\/14518\/revisions"}],"wp:featuredmedia":[{"embeddable":true,"href":"https:\/\/dincarchitect.com\/ar\/wp-json\/wp\/v2\/media\/10877"}],"wp:attachment":[{"href":"https:\/\/dincarchitect.com\/ar\/wp-json\/wp\/v2\/media?parent=14518"}],"curies":[{"name":"wp","href":"https:\/\/api.w.org\/{rel}","templated":true}]}}