{"id":14143,"date":"2023-06-12T20:41:40","date_gmt":"2023-06-12T20:41:40","guid":{"rendered":"https:\/\/dincarchitect.com\/?page_id=14143"},"modified":"2023-06-20T10:16:52","modified_gmt":"2023-06-20T10:16:52","slug":"semi-complex-field","status":"publish","type":"page","link":"https:\/\/dincarchitect.com\/ar\/\u0634\u0628\u0647-\u0645\u0639\u0642\u062f-\u0627\u0644\u0645\u062c\u0627\u0644\/","title":{"rendered":"\u0645\u062c\u0627\u0644 \u0634\u0628\u0647 \u0645\u062c\u0645\u0639"},"content":{"rendered":"<section class=\"wpb-content-wrapper\"><div class=\"vc_row wpb_row vc_row-fluid vc_custom_1537429109529\"><div class=\"wpb_column vc_column_container vc_col-sm-6\"><div class=\"vc_column-inner\"><div class=\"wpb_wrapper\">\n<div class=\"vc_grid-container-wrapper vc_clearfix vc_grid-animation-fadeIn\">\n\t<div class=\"vc_grid-container vc_clearfix wpb_content_element vc_media_grid\" data-initial-loading-animation=\"fadeIn\" data-vc-grid-settings=\"{&quot;page_id&quot;:14143,&quot;style&quot;:&quot;all&quot;,&quot;action&quot;:&quot;vc_get_vc_grid_data&quot;,&quot;shortcode_id&quot;:&quot;1687256129808-61a46692-8537-8&quot;,&quot;tag&quot;:&quot;vc_media_grid&quot;}\" data-vc-request=\"https:\/\/dincarchitect.com\/wp-admin\/admin-ajax.php\" data-vc-post-id=\"14143\" data-vc-public-nonce=\"6178c9443a\">\n\t\t\n\t<\/div>\n<\/div><\/div><\/div><\/div><div class=\"wpb_column vc_column_container vc_col-sm-6\"><div class=\"vc_column-inner vc_custom_1536840396834\"><div class=\"wpb_wrapper\"><span class=\"subtitle dash-true style-dark text-default\">\u0633\u062a\u0648\u062f\u064a\u0648 \u062f\u0627<\/span>\n\t<div class=\"wpb_text_column wpb_content_element\" >\n\t\t<div class=\"wpb_wrapper\">\n\t\t\t<h2>\u0645\u062c\u0627\u0644 \u0634\u0628\u0647 \u0645\u062c\u0645\u0639<\/h2>\n\n\t\t<\/div>\n\t<\/div>\n\n\t<div class=\"wpb_text_column wpb_content_element\" >\n\t\t<div class=\"wpb_wrapper\">\n\t\t\t<p>\u062c\u0631\u0628 \u0627\u0644\u0642\u0648\u0629 \u0627\u0644\u062a\u062d\u0648\u064a\u0644\u064a\u0629 \u0644\u0644\u062d\u0642\u0644 \u0634\u0628\u0647 \u0627\u0644\u0645\u0631\u0643\u0628 \u062d\u064a\u062b \u0646\u0639\u064a\u062f \u062a\u0639\u0631\u064a\u0641 \u0627\u0644\u0645\u0633\u0627\u062d\u0627\u062a \u0627\u0644\u0642\u064a\u0627\u0633\u064a\u0629 \u0628\u062a\u0635\u0645\u064a\u0645 \u063a\u064a\u0631 \u0639\u0627\u062f\u064a. \u0645\u0646 \u0627\u0644\u0645\u0637\u0627\u0628\u062e \u0625\u0644\u0649 \u063a\u0631\u0641 \u0627\u0644\u0645\u0639\u064a\u0634\u0629 \u0648\u063a\u0631\u0641 \u0627\u0644\u0637\u0639\u0627\u0645 \u0648\u0627\u0644\u062d\u0645\u0627\u0645\u0627\u062a \u0648\u0627\u0644\u062a\u0631\u0627\u0633\u0627\u062a \u060c \u064a\u0635\u0646\u0639 \u0641\u0631\u064a\u0642\u0646\u0627 \u0645\u0646 \u0627\u0644\u062e\u0628\u0631\u0627\u0621 \u0627\u0644\u0645\u0647\u0631\u0629 \u0628\u064a\u0626\u0627\u062a \u0622\u0633\u0631\u0629 \u062a\u0645\u0632\u062c \u0628\u064a\u0646 \u0627\u0644\u0623\u0633\u0644\u0648\u0628 \u0648\u0627\u0644\u0648\u0638\u0627\u0626\u0641 \u0648\u0627\u0644\u0627\u0628\u062a\u0643\u0627\u0631.<\/p>\n<p>\u0641\u064a \u0645\u0637\u0627\u0628\u062e\u0646\u0627 \u0627\u0644\u0645\u064a\u062f\u0627\u0646\u064a\u0629 \u0634\u0628\u0647 \u0627\u0644\u0645\u0639\u0642\u062f\u0629 \u060c \u0646\u0635\u0646\u0639 \u0631\u0648\u0627\u0626\u0639 \u0627\u0644\u0637\u0647\u064a \u060c \u0648\u0646\u062d\u0633\u0651\u0646 \u0643\u0644 \u0634\u0628\u0631 \u0628\u0627\u0633\u062a\u062e\u062f\u0627\u0645 \u0627\u0644\u062e\u0632\u0627\u0626\u0646 \u0627\u0644\u0645\u062e\u0635\u0635\u0629 \u060c \u0648\u0627\u0644\u0623\u062c\u0647\u0632\u0629 \u0627\u0644\u0645\u062a\u0637\u0648\u0631\u0629 \u060c \u0648\u0627\u0644\u062a\u0635\u0645\u064a\u0645\u0627\u062a \u0627\u0644\u0628\u062f\u064a\u0647\u064a\u0629 \u0627\u0644\u062a\u064a \u062a\u0639\u0632\u0632 \u0627\u0644\u0643\u0641\u0627\u0621\u0629 \u0648\u062a\u0644\u0647\u0645 \u0627\u0644\u0625\u0628\u062f\u0627\u0639.<\/p>\n<p>\u0627\u062f\u062e\u0644 \u0625\u0644\u0649 \u063a\u0631\u0641 \u0627\u0644\u0645\u0639\u064a\u0634\u0629 \u0648\u063a\u0631\u0641 \u0627\u0644\u0637\u0639\u0627\u0645 \u0627\u0644\u062e\u0627\u0635\u0629 \u0628\u0646\u0627 \u060c \u062d\u064a\u062b \u0646\u0642\u0648\u0645 \u0628\u0631\u0639\u0627\u064a\u0629 \u0627\u0644\u0645\u0633\u0627\u062d\u0627\u062a \u0627\u0644\u062c\u0630\u0627\u0628\u0629 \u0627\u0644\u062a\u064a \u062a\u0639\u0643\u0633 \u0634\u062e\u0635\u064a\u062a\u0643 \u0627\u0644\u0641\u0631\u064a\u062f\u0629. \u0645\u0646 \u0627\u0644\u0623\u062b\u0627\u062b \u0648\u0627\u0644\u0625\u0636\u0627\u0621\u0629 \u0627\u0644\u0645\u062e\u062a\u0627\u0631\u0629 \u0628\u0639\u0646\u0627\u064a\u0629 \u0625\u0644\u0649 \u0644\u0648\u062d\u0627\u062a \u0627\u0644\u0623\u0644\u0648\u0627\u0646 \u0627\u0644\u0645\u062a\u0646\u0627\u063a\u0645\u0629 \u060c \u0646\u062e\u0644\u0642 \u0628\u064a\u0626\u0627\u062a \u062a\u0639\u0632\u0632 \u0627\u0644\u0627\u0633\u062a\u0631\u062e\u0627\u0621 \u0648\u0627\u0644\u062a\u0648\u0627\u0635\u0644 \u0627\u0644\u0627\u062c\u062a\u0645\u0627\u0639\u064a \u0648\u062a\u062c\u0627\u0631\u0628 \u0644\u0627 \u062a\u064f\u0646\u0633\u0649.<\/p>\n<p>\u0627\u0646\u063a\u0645\u0633 \u0641\u064a \u062d\u0645\u0627\u0645\u0627\u062a\u0646\u0627 \u0627\u0644\u0641\u0633\u064a\u062d\u0629 \u060c \u062d\u064a\u062b \u062a\u062e\u0644\u0642 \u0627\u0644\u062a\u0631\u0643\u064a\u0628\u0627\u062a \u0627\u0644\u0641\u0627\u062e\u0631\u0629 \u0648\u0627\u0644\u062a\u0634\u0637\u064a\u0628\u0627\u062a \u0627\u0644\u0623\u0646\u064a\u0642\u0629 \u0648\u0627\u0644\u062a\u0635\u0645\u064a\u0645\u0627\u062a \u0627\u0644\u0645\u062f\u0631\u0648\u0633\u0629 \u0645\u0644\u0627\u0630\u0627\u062a \u0647\u0627\u062f\u0626\u0629. \u0645\u0646 \u0627\u0644\u062f\u0634 \u0627\u0644\u0645\u0631\u064a\u062d \u0625\u0644\u0649 \u0623\u062d\u0648\u0627\u0636 \u0627\u0644\u0627\u0633\u062a\u062d\u0645\u0627\u0645 \u0627\u0644\u0641\u062e\u0645\u0629 \u060c \u0646\u0642\u0648\u0645 \u0628\u062a\u062d\u0648\u064a\u0644 \u0627\u0644\u062d\u0645\u0627\u0645\u0627\u062a \u0627\u0644\u0639\u0627\u062f\u064a\u0629 \u0625\u0644\u0649 \u0645\u0644\u0627\u0630\u0627\u062a \u0634\u062e\u0635\u064a\u0629.<\/p>\n<p>\u0627\u0633\u062a\u0631\u062e\u0650 \u0639\u0644\u0649 \u0634\u0631\u0641\u0627\u062a\u0646\u0627 \u0627\u0644\u0645\u064a\u062f\u0627\u0646\u064a\u0629 \u0634\u0628\u0647 \u0627\u0644\u0645\u0639\u0642\u062f\u0629 \u060c \u062d\u064a\u062b \u062a\u0635\u0644 \u0627\u0644\u062d\u064a\u0627\u0629 \u0641\u064a \u0627\u0644\u0647\u0648\u0627\u0621 \u0627\u0644\u0637\u0644\u0642 \u0625\u0644\u0649 \u0622\u0641\u0627\u0642 \u062c\u062f\u064a\u062f\u0629. \u0645\u0646 \u0627\u0644\u0635\u0627\u0644\u0627\u062a \u0627\u0644\u0645\u0631\u064a\u062d\u0629 \u0625\u0644\u0649 \u0645\u0646\u0627\u0637\u0642 \u0627\u0644\u062a\u0631\u0641\u064a\u0647 \u0627\u0644\u0646\u0627\u0628\u0636\u0629 \u0628\u0627\u0644\u062d\u064a\u0627\u0629 \u060c \u0646\u0642\u0648\u0645 \u0628\u062a\u0635\u0645\u064a\u0645 \u0645\u0633\u0627\u062d\u0627\u062a \u0622\u0633\u0631\u0629 \u062a\u062a\u0648\u0627\u0635\u0644 \u0628\u0633\u0644\u0627\u0633\u0629 \u0645\u0639 \u0627\u0644\u0637\u0628\u064a\u0639\u0629 \u0648\u062a\u0648\u0641\u0631 \u0644\u062d\u0638\u0627\u062a \u0645\u0646 \u0627\u0644\u0627\u0633\u062a\u0631\u062e\u0627\u0621 \u0648\u0627\u0644\u0641\u0631\u062d.<\/p>\n<p>\u0645\u0639 \u0627\u0644\u0645\u062c\u0627\u0644 \u0634\u0628\u0647 \u0627\u0644\u0645\u0631\u0643\u0628 \u060c \u062a\u0631\u062a\u0641\u0639 \u0645\u0633\u0627\u062d\u0627\u062a\u0643 \u0625\u0644\u0649 \u0639\u0648\u0627\u0644\u0645 \u062c\u062f\u064a\u062f\u0629 \u0645\u0646 \u0627\u0644\u062c\u0645\u0627\u0644 \u0648\u0627\u0644\u0648\u0638\u0627\u0626\u0641 \u0648\u0627\u0644\u0631\u0627\u062d\u0629. \u0627\u062d\u062a\u0636\u0646 \u0645\u0627 \u0647\u0648 \u063a\u064a\u0631 \u0639\u0627\u062f\u064a \u0648\u062f\u0639\u0646\u0627 \u0646\u062c\u0639\u0644 \u0631\u0624\u064a\u062a\u0643 \u062a\u0646\u0628\u0636 \u0628\u0627\u0644\u062d\u064a\u0627\u0629 \u0645\u0646 \u062e\u0644\u0627\u0644 \u062e\u0628\u0631\u062a\u0646\u0627 \u0627\u0644\u062a\u064a \u0644\u0627 \u062a\u0636\u0627\u0647\u0649 \u0648\u062a\u0641\u0627\u0646\u064a\u0646\u0627 \u0641\u064a \u0627\u0644\u062a\u0645\u064a\u0632.<\/p>\n\n\t\t<\/div>\n\t<\/div>\n<\/div><\/div><\/div><\/div><div data-vc-full-width=\"true\" data-vc-full-width-init=\"false\" class=\"vc_row wpb_row vc_row-fluid spaced vc_custom_1686586247876 vc_row-has-fill\"><div class=\"wpb_column vc_column_container vc_col-sm-12\"><div class=\"vc_column-inner\"><div class=\"wpb_wrapper\"><span class=\"subtitle dash-false style-dark text-center\">\u0643\u064a\u0641 \u0646\u0639\u0645\u0644<\/span>\n\t<div class=\"wpb_text_column wpb_content_element\" >\n\t\t<div class=\"wpb_wrapper\">\n\t\t\t<h2 style=\"text-align: center;\"><span style=\"color: #e37218;\"><strong>\u0645\u0634\u0631\u0648\u0639 \u0641\u0639\u0627\u0644 <\/strong><\/span><strong>\u0633\u064a\u0631 \u0627\u0644\u0639\u0645\u0644 \u0644\u0646\u062a\u0627\u0626\u062c \u0627\u0633\u062a\u062b\u0646\u0627\u0626\u064a\u0629<\/strong><\/h2>\n\n\t\t<\/div>\n\t<\/div>\n<div class=\"dash style-dark centered\"><\/div><div class=\"vc_row wpb_row vc_inner vc_row-fluid vc_custom_1538383845636\"><div class=\"wpb_column vc_column_container vc_col-sm-3\"><div class=\"vc_column-inner\"><div class=\"wpb_wrapper\"><div class=\"number-box style-default spacing-30\"><div class=\"number-box-number\">01<\/div><div class=\"content-box\"><div class=\"content-box-info\"><h3>\u0625\u0631\u0633\u0627\u0644 \u0643\u0627\u0641\u0629 \u0645\u0633\u062a\u0646\u062f\u0627\u062a \u0627\u0644\u0645\u0634\u0631\u0648\u0639<\/h3><p class=\"number-box-content\">\u064a\u0631\u062c\u0649 \u0625\u0631\u0633\u0627\u0644 \u062c\u0645\u064a\u0639 \u0648\u062b\u0627\u0626\u0642 \u0627\u0644\u0645\u0634\u0631\u0648\u0639 \u0630\u0627\u062a \u0627\u0644\u0635\u0644\u0629 \u0625\u0644\u064a\u0646\u0627 \u0645\u0646 \u0623\u062c\u0644 \u0645\u0631\u0627\u062c\u0639\u0629 \u0648\u062a\u062d\u0644\u064a\u0644 \u0634\u0627\u0645\u0644\u064a\u0646.<\/p><\/div><\/div><\/div><\/div><\/div><\/div><div class=\"wpb_column vc_column_container vc_col-sm-3\"><div class=\"vc_column-inner\"><div class=\"wpb_wrapper\"><div class=\"number-box style-default spacing-30\"><div class=\"number-box-number\">02<\/div><div class=\"content-box\"><div class=\"content-box-info\"><h3>\u062a\u0642\u064a\u064a\u0645 \u0633\u0631\u064a\u0639 \u0648\u0645\u062c\u0627\u0646\u064a \u0644\u0644\u0645\u0634\u0631\u0648\u0639<\/h3><p class=\"number-box-content\">\u0633\u0646\u0641\u062d\u0635 \u0645\u0634\u0631\u0648\u0639\u0643 \u0628\u0639\u0646\u0627\u064a\u0629 \u0648\u0646\u0642\u062f\u0645 \u0644\u0643 \u0627\u0633\u062a\u062c\u0627\u0628\u0629 \u0633\u0631\u064a\u0639\u0629 \u0648\u0645\u062c\u0627\u0646\u064a\u0629.<\/p><\/div><\/div><\/div><\/div><\/div><\/div><div class=\"wpb_column vc_column_container vc_col-sm-3\"><div class=\"vc_column-inner\"><div class=\"wpb_wrapper\"><div class=\"number-box style-default spacing-30\"><div class=\"number-box-number\">03<\/div><div class=\"content-box\"><div class=\"content-box-info\"><h3>\u062a\u0633\u0644\u064a\u0645 \u062a\u062c\u0631\u064a\u0628\u064a \u0639\u0646\u062f \u0627\u0644\u0645\u0648\u0627\u0641\u0642\u0629<\/h3><p class=\"number-box-content\">\u0628\u0639\u062f \u062a\u0644\u0642\u064a \u0645\u0648\u0627\u0641\u0642\u062a\u0643 \u060c \u0633\u0646\u0628\u062f\u0623 \u0627\u0644\u0645\u0634\u0631\u0648\u0639 \u0639\u0644\u0649 \u0627\u0644\u0641\u0648\u0631 \u0648\u0646\u0631\u0633\u0644 \u0644\u0643 \u0639\u0631\u0636\u064b\u0627 \u062a\u0648\u0636\u064a\u062d\u064a\u064b\u0627 \u0644\u0645\u0631\u0627\u062c\u0639\u062a\u0647.<\/p><\/div><\/div><\/div><\/div><\/div><\/div><div class=\"wpb_column vc_column_container vc_col-sm-3\"><div class=\"vc_column-inner\"><div class=\"wpb_wrapper\"><div class=\"number-box style-default spacing-30\"><div class=\"number-box-number\">04<\/div><div class=\"content-box\"><div class=\"content-box-info\"><h3>\u0627\u0644\u062f\u0641\u0639 \u0648\u0627\u0644\u062a\u0633\u0644\u064a\u0645 \u0627\u0644\u0646\u0647\u0627\u0626\u064a<\/h3><p class=\"number-box-content\">\u0639\u0646\u062f \u0645\u0648\u0627\u0641\u0642\u062a\u0643 \u0639\u0644\u0649 \u0627\u0644\u0645\u0634\u0631\u0648\u0639 \u060c \u0642\u0645 \u0628\u0627\u0644\u062f\u0641\u0639 \u0648\u0627\u0633\u062a\u0644\u0645 \u0627\u0644\u0646\u0633\u062e\u0629 \u0627\u0644\u0646\u0647\u0627\u0626\u064a\u0629 \u0645\u0646 \u0627\u0644\u062a\u0633\u0644\u064a\u0645\u0627\u062a.<\/p><\/div><\/div><\/div><\/div><\/div><\/div><\/div><\/div><\/div><\/div><\/div><div class=\"vc_row-full-width vc_clearfix\"><\/div><div class=\"vc_row wpb_row vc_row-fluid vc_custom_1534242606416\"><div class=\"animate wpb_column vc_column_container vc_col-sm-12\"><div class=\"vc_column-inner\"><div class=\"wpb_wrapper\">\n\t<div class=\"wpb_text_column wpb_content_element  vc_custom_1686677042221\" >\n\t\t<div class=\"wpb_wrapper\">\n\t\t\t<h2 style=\"text-align: center;\"><span style=\"color: #e37218;\"><strong>\u062e\u062f\u0645\u0627\u062a\u0646\u0627 \u0627\u0644\u0623\u062e\u0631\u0649<\/strong><\/span><\/h2>\n\n\t\t<\/div>\n\t<\/div>\n<div class=\"dash style-dark centered\"><\/div>\n\t<div class=\"wpb_raw_code wpb_content_element wpb_raw_html\" >\n\t\t<div class=\"wpb_wrapper\">\n\t\t\t<!-- Be\u015finci hizmet \u00f6\u011fesi -->\n<div class=\"wpb_column vc_column_container vc_col-sm-3\">\n<div class=\"vc_column-inner\">\n<div class=\"wpb_wrapper\">\n<div class=\"content-box service-item alignment-default service-box-gray spacing-30\">\n<div class=\"image-container\">\n<div class=\"vertical-number-box\"><span class=\"vertical-number\">05<\/span><\/div>\n<div class=\"arrow-box\"><\/div>\n<img decoding=\"async\" src=\"https:\/\/dincarchitect.com\/wp-content\/uploads\/2023\/06\/dastudio-service-5.jpg\" alt=\"\u0628\u0646\u064a\u0627\u0646\" width=\"360\" height=\"500\" \/>\n\n<\/div>\n<div class=\"content-box-info\">\n<div class=\"box-heading-container\">\n<div class=\"box-heading\"><strong>\u0628\u064a\u062a \u0645\u0633\u062a\u0642\u0644<\/strong><\/div>\n<div class=\"price-info-container\"><span class=\"price-info\" style=\"color: #e37218; font-size: 16px;\">149 \u20ac<\/span><\/div>\n<\/div>\n<div style=\"text-align: justify; margin-top: 10px;\">\n\n\u0627\u0637\u0644\u0627\u0644\u0629 \u062e\u0627\u0631\u062c\u064a\u0629. \u0627\u0644\u0645\u0639\u062f\u0644 \u0627\u0644\u0623\u0633\u0627\u0633\u064a \u0644\u0628\u064a\u0626\u0629 \u0642\u064a\u0627\u0633\u064a\u0629 \u0645\u062b\u0644 \u0647\u0630\u0627.\n\n<\/div>\n<div class=\"content-description\"><\/div>\n<div class=\"btn-read-more\"><a style=\"color: #e37218;\" href=\"https:\/\/dincarchitect.com\/ar\/\u0628\u064a\u062a-\u0645\u0633\u062a\u0642\u0644\/\">\u064a\u062a\u0639\u0644\u0645 \u0623\u0643\u062b\u0631<\/a><\/div>\n<\/div>\n<\/div>\n<\/div>\n<\/div>\n<\/div>\n\n\n<!-- D\u00f6rd\u00fcnc\u00fc hizmet \u00f6\u011fesi -->\n<div class=\"wpb_column vc_column_container vc_col-sm-3\">\n<div class=\"vc_column-inner\">\n<div class=\"wpb_wrapper\">\n<div class=\"content-box service-item alignment-default service-box-gray spacing-30\">\n<div class=\"image-container\">\n<div class=\"vertical-number-box\"><span class=\"vertical-number\">04<\/span><\/div>\n<div class=\"arrow-box\"><\/div>\n<img decoding=\"async\" src=\"https:\/\/dincarchitect.com\/wp-content\/uploads\/2023\/06\/dastudio-service-4.jpg\" alt=\"\u0628\u0646\u064a\u0627\u0646\" width=\"360\" height=\"500\" \/>\n\n<\/div>\n<div class=\"content-box-info\">\n<div class=\"box-heading-container\">\n<div class=\"box-heading\"><strong>\u0645\u0633\u0627\u062d\u0629 \u0643\u0628\u064a\u0631\u0629<\/strong><\/div>\n<div class=\"price-info-container\"><span class=\"price-info\" style=\"color: #e37218; font-size: 16px;\">199 \u20ac<\/span><\/div>\n<\/div>\n<div style=\"text-align: justify; margin-top: 10px;\">\n\n\u0645\u062e\u0632\u0646 \u060c \u0635\u0627\u0644\u0629 \u0645\u0637\u0639\u0645 \u060c \u0642\u0627\u0639\u0629 \u0639\u0631\u0636 ... \u0627\u0644\u0633\u0639\u0631 \u0627\u0644\u0625\u0631\u0634\u0627\u062f\u064a \u0627\u0644\u0623\u0633\u0627\u0633\u064a.\n\n<\/div>\n<div class=\"content-description\"><\/div>\n<div class=\"btn-read-more\"><a style=\"color: #e37218;\" href=\"https:\/\/dincarchitect.com\/ar\/\u0645\u0646\u0637\u0642\u0629-\u063a\u064a\u0631-\u0642\u064a\u0627\u0633\u064a\u0629\/\">\u064a\u062a\u0639\u0644\u0645 \u0623\u0643\u062b\u0631<\/a><\/div>\n<div><\/div>\n<\/div>\n<\/div>\n<\/div>\n<\/div>\n<\/div>\n<div><span style=\"color: #ffffff;\">.<\/span><\/div>\n\n\n\n<!-- Onikinci hizmet \u00f6\u011fesi -->\n<div class=\"wpb_column vc_column_container vc_col-sm-3\">\n<div class=\"vc_column-inner\">\n<div class=\"wpb_wrapper\">\n<div class=\"content-box service-item alignment-default service-box-gray spacing-30\">\n<div class=\"image-container\">\n<div class=\"vertical-number-box\"><span class=\"vertical-number\">12<\/span><\/div>\n<div class=\"arrow-box\"><\/div>\n<img decoding=\"async\" src=\"https:\/\/dincarchitect.com\/wp-content\/uploads\/2023\/06\/dastudio-service-12.jpg\" alt=\"\u0628\u0646\u064a\u0627\u0646\" width=\"360\" height=\"500\" \/>\n\n<\/div>\n<div class=\"content-box-info\">\n<div class=\"box-heading-container\">\n<div class=\"box-heading\"><strong>\u0627\u0644\u062e\u0637\u0629 2 \u062f<\/strong><\/div>\n<div class=\"price-info-container\"><span class=\"price-info\" style=\"color: #e37218; font-size: 16px;\">29 \u20ac<\/span><\/div>\n<\/div>\n<div style=\"text-align: justify; margin-top: 10px;\">\n\n\u0645\u062e\u0637\u0637 \u062b\u0646\u0627\u0626\u064a \u0627\u0644\u0623\u0628\u0639\u0627\u062f \u0644\u0643\u0644 \u0637\u0627\u0628\u0642 ...\n\n<\/div>\n<div class=\"content-description\"><\/div>\n<div class=\"btn-read-more\"><a style=\"color: #e37218;\" href=\"https:\/\/dincarchitect.com\/ar\/\u062e\u0637\u0629-2-\u062f\/\">\u064a\u062a\u0639\u0644\u0645 \u0623\u0643\u062b\u0631<\/a><\/div>\n<div><\/div>\n<\/div>\n<\/div>\n<\/div>\n<\/div>\n<\/div>\n\n\n<!-- D\u00f6rd\u00fcnc\u00fc hizmet \u00f6\u011fesi -->\n<div class=\"wpb_column vc_column_container vc_col-sm-3\">\n<div class=\"vc_column-inner\">\n<div class=\"wpb_wrapper\">\n<div class=\"content-box service-item alignment-default service-box-gray spacing-30\">\n<div class=\"image-container\">\n<div class=\"vertical-number-box\"><span class=\"vertical-number\">04<\/span><\/div>\n<div class=\"arrow-box\"><\/div>\n<img decoding=\"async\" src=\"https:\/\/dincarchitect.com\/wp-content\/uploads\/2023\/06\/dastudio-service-4.jpg\" alt=\"\u0628\u0646\u064a\u0627\u0646\" width=\"360\" height=\"500\" \/>\n\n<\/div>\n<div class=\"content-box-info\">\n<div class=\"box-heading-container\">\n<div class=\"box-heading\"><strong>\u0645\u0633\u0627\u062d\u0629 \u0643\u0628\u064a\u0631\u0629<\/strong><\/div>\n<div class=\"price-info-container\"><span class=\"price-info\" style=\"color: #e37218; font-size: 16px;\">199 \u20ac<\/span><\/div>\n<\/div>\n<div style=\"text-align: justify; margin-top: 10px;\">\n\n\u0645\u062e\u0632\u0646 \u060c \u0635\u0627\u0644\u0629 \u0645\u0637\u0639\u0645 \u060c \u0642\u0627\u0639\u0629 \u0639\u0631\u0636 ... \u0627\u0644\u0633\u0639\u0631 \u0627\u0644\u0625\u0631\u0634\u0627\u062f\u064a \u0627\u0644\u0623\u0633\u0627\u0633\u064a.\n\n<\/div>\n<div class=\"content-description\"><\/div>\n<div class=\"btn-read-more\"><a style=\"color: #e37218;\" href=\"https:\/\/dincarchitect.com\/ar\/\u0645\u0646\u0637\u0642\u0629-\u063a\u064a\u0631-\u0642\u064a\u0627\u0633\u064a\u0629\/\">\u064a\u062a\u0639\u0644\u0645 \u0623\u0643\u062b\u0631<\/a><\/div>\n<div><\/div>\n<\/div>\n<\/div>\n<\/div>\n<\/div>\n<\/div>\n\t\t<\/div>\n\t<\/div>\n<\/div><\/div><\/div><\/div>\n<\/section>","protected":false},"excerpt":{"rendered":"DA Studio Field Semi-Complex Field \u0627\u062e\u062a\u0628\u0631 \u0627\u0644\u0642\u0648\u0629 \u0627\u0644\u062a\u062d\u0648\u064a\u0644\u064a\u0629 \u0644\u0644\u062d\u0642\u0644 \u0634\u0628\u0647 \u0627\u0644\u0645\u0639\u0642\u062f \u0628\u064a\u0646\u0645\u0627 \u0646\u0639\u064a\u062f \u062a\u0639\u0631\u064a\u0641 \u0627\u0644\u0645\u0633\u0627\u062d\u0627\u062a \u0627\u0644\u0642\u064a\u0627\u0633\u064a\u0629 \u0628\u062a\u0635\u0645\u064a\u0645 \u0627\u0633\u062a\u062b\u0646\u0627\u0626\u064a. \u0645\u0646 \u0627\u0644\u0645\u0637\u0627\u0628\u062e \u0625\u0644\u0649 \u063a\u0631\u0641 \u0627\u0644\u0645\u0639\u064a\u0634\u0629 \u0648\u063a\u0631\u0641 \u0627\u0644\u0637\u0639\u0627\u0645 \u0648\u0627\u0644\u062d\u0645\u0627\u0645\u0627\u062a \u0648\u0627\u0644\u0634\u0631\u0641\u0627\u062a\u060c \u064a\u0642\u0648\u0645 \u0641\u0631\u064a\u0642\u0646\u0627 \u0645\u0646 \u0627\u0644\u062e\u0628\u0631\u0627\u0621 \u0627\u0644\u0645\u0647\u0631\u0629 \u0628\u0635\u064a\u0627\u063a\u0629 \u0628\u064a\u0626\u0627\u062a \u0622\u0633\u0631\u0629 \u062a\u0645\u0632\u062c \u0628\u064a\u0646 \u0627\u0644\u0623\u0633\u0644\u0648\u0628 \u0648\u0627\u0644\u0648\u0638\u064a\u0641\u0629 \u0648\u0627\u0644\u0627\u0628\u062a\u0643\u0627\u0631. \u0641\u064a \u0645\u0637\u0627\u0628\u062e\u0646\u0627 \u0627\u0644\u0645\u064a\u062f\u0627\u0646\u064a\u0629 \u0634\u0628\u0647 \u0627\u0644\u0645\u0639\u0642\u062f\u0629\u060c \u0646\u0642\u0648\u0645 \u0628\u0625\u0646\u0634\u0627\u0621 \u0631\u0648\u0627\u0626\u0639 \u0627\u0644\u0637\u0647\u064a\u060c \u0645\u0639 \u062a\u062d\u0633\u064a\u0646 \u0643\u0644 \u0628\u0648\u0635\u0629 [...]","protected":false},"author":1,"featured_media":10877,"parent":0,"menu_order":0,"comment_status":"closed","ping_status":"closed","template":"","meta":{"footnotes":""},"acf":[],"_links":{"self":[{"href":"https:\/\/dincarchitect.com\/ar\/wp-json\/wp\/v2\/pages\/14143"}],"collection":[{"href":"https:\/\/dincarchitect.com\/ar\/wp-json\/wp\/v2\/pages"}],"about":[{"href":"https:\/\/dincarchitect.com\/ar\/wp-json\/wp\/v2\/types\/page"}],"author":[{"embeddable":true,"href":"https:\/\/dincarchitect.com\/ar\/wp-json\/wp\/v2\/users\/1"}],"replies":[{"embeddable":true,"href":"https:\/\/dincarchitect.com\/ar\/wp-json\/wp\/v2\/comments?post=14143"}],"version-history":[{"count":0,"href":"https:\/\/dincarchitect.com\/ar\/wp-json\/wp\/v2\/pages\/14143\/revisions"}],"wp:featuredmedia":[{"embeddable":true,"href":"https:\/\/dincarchitect.com\/ar\/wp-json\/wp\/v2\/media\/10877"}],"wp:attachment":[{"href":"https:\/\/dincarchitect.com\/ar\/wp-json\/wp\/v2\/media?parent=14143"}],"curies":[{"name":"wp","href":"https:\/\/api.w.org\/{rel}","templated":true}]}}